{"id":13579,"date":"2023-03-20T16:04:25","date_gmt":"2023-03-20T15:04:25","guid":{"rendered":"https:\/\/ceramica-ch.ch\/?page_id=13579"},"modified":"2025-09-11T13:37:01","modified_gmt":"2025-09-11T11:37:01","slug":"acknowledgements","status":"publish","type":"page","link":"https:\/\/ceramica-ch.ch\/en\/about-us\/acknowledgements\/","title":{"rendered":"Acknowledgements"},"content":{"rendered":"<p>An enterprise like ours, which comes into contact with such a variety of cultural worlds, could not exist based purely on the knowledge and skills of a single individual. The undersigned owe a huge debt of gratitude to the late Peter Ducret and the late Rudolf Schnyder for their excellent advice and invaluable expertise which they so willingly shared with us. As leading experts in the history of ceramic art, they also contributed to the development and design of the concept for the CERAMICA CH project in their role as members of the board of the CERAMICA Foundation. We would also like to remind our readers that the actual idea behind the project came from within the board of the foundation itself and that it would not have been possible to implement it without its generous support. We would like to pay tribute to Dr. Thomas Staehelin as a notable president of an institution which has been characterised by the promotion of the history of Swiss pottery production in an exemplary manner, both here and abroad, for several decades.<\/p>\n<p>Our heartfelt thanks also go to the representatives of the numerous institutions and their members of staff, who gave us access to their collections. They all welcomed us with open arms and extraordinary generosity.<\/p>\n<p><a href=\"https:\/\/ceramica-ch.ch\/katalog\/#fq=museumsstandort-kanton%3A%22Kanton%20Graub%C3%BCnden%22&amp;q=*%3A*\">In Canton Graub\u00fcnden (CERAMICA CH \u2013 Online)<\/a>:<\/p>\n<p>R\u00e4tisches Museum Chur: Andrea Kauer; Klostermuseum Disentis: Pater Theo Theiler; Museum Regiunal Surselva Ilanz: Ursina Jecklin-Tischhauser; Museo Poschiavino Poschiavo: Daniele Papacella; Museum La Truaisch Sedrun: Tarcisi Hendry; Ortsmuseum Poscht-Ch\u00e4ller St. Ant\u00f6nien: Monika and Jann Fl\u00fctsch; Museum Engiadinais St. Moritz: Charlotte Sch\u00fctt; Museum Sursilvan Cuort Ligia Grischa Trun: Justina Simeon-Cathomas; Arcun da Traditiun Vuorz: Guido Dietrich; Ortsmuseum und Bibliothek Berg\u00fcn: Corina Puorger; Heimatmuseum Pr\u00e4ttigau Gr\u00fcsch: Hansluzi Kessler; Brauchtumsmuseum Schulhaus Buchen: Johann Hesse; Heimatmuseum Davos: Peter Dalbert; Museum Nutli H\u00fcschi Klosters: Barbara Gujan; Museum local Vaz Zorten: Birgit Parpan; Ortsmuseum Schmitten im Alten Schulhaus: Alois Hundertpfund, Pius Gruber; Dorfmuseum Wiesen: Anita Bernhard; Heimatmuseum Gandahus Vals: Peter Loretz, Markus J\u00f6rger; Museum Tgea da Schons Zillis: Gion Michael and Gierina Michael; Museum Chesa Planta Samedan: Martina Shuler-Fluor; Museum d\u2019Engiadina Bassa Scuol: Peter Langenegger; Museo Bregaglia Ci\u00e4sa Granda Stampa: Bruna Ruinelli; Stiftung Pro Klaustra Son Jon: Patrick Cassitti; Museum Chasa Jaura Valchava: Marco R. Gilly; Heimatmuseum Rheinwald Spl\u00fcgen: Reto Attenhofer; Walserama Nufenen: J.F.Tschopp.<\/p>\n<p><a href=\"https:\/\/ceramica-ch.ch\/katalog\/#fq=museumsstandort-kanton%3A%22Kanton%20Neuenburg%22&amp;q=*%3A*\">In Canton Neuch\u00e2tel (CERAMICA CH, Volume I):<\/a><\/p>\n<p>Mus\u00e9e d\u2019art et d\u2019histoire de Neuch\u00e2tel: Caroline Junier, former curator of the D\u00e9partement des arts appliqu\u00e9s, Philippe L\u00fcscher, curator of the D\u00e9partement des arts appliqu\u00e9s, Claude-Alain K\u00fcnzi, former assistant to the curator; Mus\u00e9e d\u2019ethnographie de Neuch\u00e2tel: Marc-Olivier Gonseth, former curator, and Bernard Knodel, acting curator; Lat\u00e9nium, Hauterive: Marc-Antoine Kaeser, curator, and Corinne Ramseyer, research associate; Ch\u00e2teau et Mus\u00e9e de Valangin: Fran\u00e7oise Borel, former curator, Camille J\u00e9quier, curator; Mus\u00e9e d\u2019histoire de La Chaux-de-Fonds: Sylviane Musy, former curator, Francesco Garufo, curator; Mus\u00e9e des beaux arts de La Chaux-de-Fonds: Lada Umst\u00e4tter, former curator; Mus\u00e9e paysan et artisanal de La Chaux-de-Fonds: Diane Skartsounis, curator; Collections d\u2019arts industriels de l\u2019\u00c9cole d\u2019arts appliqu\u00e9s de La Chaux-de-Fonds: Catherine Corth\u00e9sy, curator; Mus\u00e9e d\u2019histoire et Moulins souterrains du Locle: Caroline Calame, curator; Mus\u00e9e r\u00e9gional de La Sagne: Laurent Huguenin, curator, and Roger Vuille; Mus\u00e9e r\u00e9gional du Val-de-Travers, M\u00f4tiers: Laurence Vaucher, former curator, and Louison B\u00fchlmann, curator.<\/p>\n<p><a href=\"https:\/\/ceramica-ch.ch\/katalog\/#fq=museumsstandort-kanton%3A%22Kanton%20Solothurn%22&amp;q=*%3A*\">In Canton Solothurn (Ceramica CH, Volume II):<\/a><\/p>\n<p>Museum Blumenstein, Solothurn: Erich Weber, curator, Brigitta Berndt, research associate, and Sandro De Rigo, technician; Keramikmuseum und Maria-Felchlin-Sammlung, Matzendorf: Markus Egli, curator, and Roland M\u00fcller, President of the Freunde der Matzendorfer Keramik; Historisches Museum Olten: Peter Kaiser, former curator, and Luisa Bertolaccini, former research associate and now curator; Museum Wasseramt \u2013 Turm in Halten: Urs Umbricht, President of the Board; Heimatmuseum Schloss Alt-Falkenstein: Hans Hug, curator; Arch\u00e4ologischer Dienst des Kantons Solothurn: Andrea Nold, project manager; Kultur-Historisches Museum Grenchen: Angela Kummer, curator; Museum BalsThal: Kurt Heutschi, museum director.<\/p>\n<p><a href=\"https:\/\/ceramica-ch.ch\/katalog\/#fq=museumsstandort-kanton%3A%22Kanton%20Waadt%22&amp;q=*%3A*\">In Canton Vaud (Ceramica CH, Volume III):<\/a><\/p>\n<p>Ch\u00e2teau de Nyon (Mus\u00e9e historique et des porcelaines): Vincent Lieber, curator, Blaise Ruffieux, director of collections, and Beno\u00eet Boretti, inventory manager; Archives de la Ville de Nyon: Elisabeth Bourban-Mayor, archivist, and her team; Mus\u00e9e cantonal d\u2019arch\u00e9ologie et d\u2019histoire de Lausanne: Lionel Pernet, director, Claire Huguenin, curator of the historical collections, and Georges Keller, head technician; Mus\u00e9e du L\u00e9man de Nyon: Lionel Gauthier, curator, and Didier Zuchuat, head of documentation; Ch\u00e2teau de La Sarraz: Florence Boneru, director, and Tiziana Andreani, curator; Mus\u00e9e historique Lausanne: Laurent Golay, director, and Claude-Alain K\u00fcnzi, curator applied arts; Mus\u00e9e du Vieux-Moudon: Raymond Bosshard, former curator, Monique Fontannaz, curator; Mus\u00e9e historique de Vevey: Fran\u00e7oise Lambert, curator; Mus\u00e9e d\u2019Yverdon et r\u00e9gion: France Terrier, director and curator, and Corinne Sandoz, curator of the archaeological collections; Mus\u00e9e de la vigne, du vin et de l\u2019\u00e9tiquette, Ch\u00e2teau d\u2019Aigle: Nicolas Isoz, curator; Mus\u00e9e du Pays-d\u2019Enhaut de Ch\u00e2teau-d\u2019\u0152x: Jean-Fr\u00e9d\u00e9ric Henchoz, curator; Mus\u00e9e de Montreux: Pascale Simond, curator; Mus\u00e9e Alexis Forel de Morges: Yvan Schwab, curator; Mus\u00e9e d\u2019Orbe: Vreni Segessenmann and Walter Balimann, honorary members of the Association des Amis de Pro Urba; Maison Buttin-de-Lo\u00ebs \u00e0 Grandvaux: Alain Parisod and Bernard Rufi, president and treasurer of the Fondation pour la conservation de la Maison Buttin-de-Lo\u00ebs; Mus\u00e9e du Vieux Baulmes: Rapha\u00ebl Fl\u00fcck, curator; Centre d\u2019enseignement professionnel de Vevey: Pauline Vanachter, head of the pottery department; mudac, Mus\u00e9e de design et d\u2019arts appliqu\u00e9s contemporains \u00e0 Lausanne, Marco Costantini, curator, and Valentin Grosjean, assistant curator; Universit\u00e9 de Lausanne, Olivier Robert, archivist.<\/p>\n<p>We would like to thank all the experts in Switzerland and abroad, who shared with us their vast knowledge and expertise in the different areas of the history of the pottery that we examined and recorded as part of our project: Fieder Aichele, Stuttgart; Marion van Aken-Fehmers, The Hague; Jean-Claude Alary, president of the Acad\u00e9mie de Moustiers; Daniela Ball, M\u00f6riken; Jacques and Marie-Alice Bastian, Strasbourg; Federico Bona, Ivrea (I); Christian Bonnin, B\u00e9ziers; Gilles Bourgarel, Fribourg; Giampiero Buzelli, Archivio di Stato, Genoa; Enrico Caviglia, Maroggia; Monique Crick, former director of the Collections Baur, Geneva; Aileen Dawson, curator, British Museum, London; \u00c9mile Decker, curator, Mus\u00e9e de la fa\u00efence in Sarreguemines; Bernard Dragesco, Paris; Diana Edwards, Baltimore; Edwin van Drecht, Amsterdam; Hans Dieter Flach, Wenzenbach (D); Christian Gerber, Caux; Miranda Goodby, The Potteries Museum, Stoke-on-Trent; Andreas Heege, Zug; Marion Kalt, Creil; Thomas Krueger, director of the Museum im Schloss F\u00fcrstenberg; Sebastian Kuhn, London; Daniela Kumpf, Wiesbaden; Peter Lam, Hongkong; Suzanne Lambooy, project manager at the Gemeentemuseum, The Hague; Johanna Lessmann, Hamburg; Christian Maire, Vincennes; John Mallet, London; Errol Manners, London; R\u00e9gine de Plinval de Guillebon, Paris; Horst Reber, Frankfurt; Ren\u00e9 Revert, Saint-Di\u00e9-des-Vosges; Jean Rosen, Dijon; Madeleine Ryser, curator, Regionalmuseum Langnau; Ren\u00e9 Simmermacher, Staufen (D); Filip Suchomel, Prague; Christian Th\u00e9venin, director of the Mus\u00e9es de Sarreguemines; John Whitehead, London; Samuel Wittwer, curator of the department of castles and collections of the Stiftung Preussischer Schl\u00f6sser und G\u00e4rten Berlin-Brandenburg.<\/p>\n<p>Special thanks go to Raffaella Ausenda in Milan, who gave us crucial support and shared her vast expertise when we were cataloguing the many Italian faience objects in the Burkhard Reber Collection of Apothecary Jars.<\/p>\n<p>Image processing and colour printing CERAMICA CH I-III: Georg Sidler, Samuel Truttmann, Schwyz.<\/p>\n<p>Translations: Pierre-Yves Tribolet (German-French), Stephanie Tremp (French-German), Sandy Haemmerle (German-English).<\/p>\n<p>Scientific and genealogical contributions: Andreas Kistler.<\/p>\n<p><strong>Roland Blaettler<\/strong><br \/>\nProject manager CERAMICA CH (March 2010\u2013March 2018)<\/p>\n<p><strong>Andreas Heege<\/strong><br \/>\nProject manager CERAMICA CH (April 2018\u2013July 2024)<\/p>\n<p><strong>Christian H\u00f6rack<\/strong><br \/>\nProject manager CERAMICA CH (since August 2024)<\/p>\n","protected":false},"excerpt":{"rendered":"<p>An enterprise like ours, which comes into contact with such a variety of cultural worlds, could not exist based purely on the knowledge and skills of a single individual. The undersigned owe a huge debt of gratitude to the late Peter Ducret and the late Rudolf Schnyder for their excellent advice and invaluable expertise which &hellip; <a href=\"https:\/\/ceramica-ch.ch\/en\/about-us\/acknowledgements\/\" class=\"more-link\">Continue reading <span class=\"screen-reader-text\">Acknowledgements<\/span> <span class=\"meta-nav\">&rarr;<\/span><\/a><\/p>\n","protected":false},"author":1,"featured_media":0,"parent":13572,"menu_order":0,"comment_status":"closed","ping_status":"closed","template":"","meta":{"footnotes":""},"class_list":["post-13579","page","type-page","status-publish","hentry"],"_links":{"self":[{"href":"https:\/\/ceramica-ch.ch\/en\/wp-json\/wp\/v2\/pages\/13579","targetHints":{"allow":["GET"]}}],"collection":[{"href":"https:\/\/ceramica-ch.ch\/en\/wp-json\/wp\/v2\/pages"}],"about":[{"href":"https:\/\/ceramica-ch.ch\/en\/wp-json\/wp\/v2\/types\/page"}],"author":[{"embeddable":true,"href":"https:\/\/ceramica-ch.ch\/en\/wp-json\/wp\/v2\/users\/1"}],"replies":[{"embeddable":true,"href":"https:\/\/ceramica-ch.ch\/en\/wp-json\/wp\/v2\/comments?post=13579"}],"version-history":[{"count":5,"href":"https:\/\/ceramica-ch.ch\/en\/wp-json\/wp\/v2\/pages\/13579\/revisions"}],"predecessor-version":[{"id":22308,"href":"https:\/\/ceramica-ch.ch\/en\/wp-json\/wp\/v2\/pages\/13579\/revisions\/22308"}],"up":[{"embeddable":true,"href":"https:\/\/ceramica-ch.ch\/en\/wp-json\/wp\/v2\/pages\/13572"}],"wp:attachment":[{"href":"https:\/\/ceramica-ch.ch\/en\/wp-json\/wp\/v2\/media?parent=13579"}],"curies":[{"name":"wp","href":"https:\/\/api.w.org\/{rel}","templated":true}]}}