{"id":13596,"date":"2023-03-20T16:08:51","date_gmt":"2023-03-20T15:08:51","guid":{"rendered":"https:\/\/ceramica-ch.ch\/?page_id=13596"},"modified":"2025-11-04T16:55:30","modified_gmt":"2025-11-04T15:55:30","slug":"vessel-types","status":"publish","type":"page","link":"https:\/\/ceramica-ch.ch\/en\/vessel-types\/","title":{"rendered":"Vessel types"},"content":{"rendered":"<p>Since 2019, short texts about specific vessel types have gradually been added. With regard to these texts and the filter panel terms in the CERAMICA image database it is important to note that we cannot guarantee that the German, French and English translations of these terms are correct or that everyone would use them in exactly the same way. Too vast are the differences in the national, cultural and regional specialist terminologies in the fields of archaeology, European ethnology, history of art, cultural history and craftsmanship. Cultural areas that have different ceramic inventories will generally not have developed a shared terminology, which causes considerable difficulty when it comes to translating the names of certain objects. There is no uniform nomenclature for the French and German speaking parts of Switzerland, and there are also differences between them and their neighbouring regions in France and Germany. Moreover, many areas in Switzerland have a severely limited vocabulary with regard to pottery and ceramic vessels (cf. <a href=\"https:\/\/www.idiotikon.ch\/\" target=\"_blank\" rel=\"noopener\">Schweizerisches Idiotikon<\/a>). All this must be taken into consideration when using the database. However, the fact that CERAMICA CH is an image database has an important levelling effect: since all objects are recorded photographically, they ultimately speak for themselves!<\/p>\n<p><strong>Literature on the typology and terminology of ceramics:<\/strong><\/p>\n<p><strong>Germany:<\/strong><\/p>\n<p>Kunow\/Giesler\/Gechter u.a. 1986<br \/>\nJ\u00fcrgen Kunow, J\u00fcrgen Giesler, Marianne Gechter u.a., Vorschl\u00e4ge zur systematischen Beschreibung von Keramik \u2013 Suggestions for the systematic recording of pottery \u2013 Propositions pour une description systematique des c\u00e9ramiques (Kunst und Altertum am Rhein. F\u00fchrer des Rheinischen Landesmuseums Bonn 124), K\u00f6ln 1986.<\/p>\n<p>Bauer\/Endres\/Kerkhoff-Hader u.a. 1986<br \/>\nIngolf Bauer\/Werner Endres\/B\u00e4rbel Kerkhoff-Hader u.a., Leitfaden zur Keramikbeschreibung (Mittelalter-Neuzeit). Terminologie-Typologie-Technologie (Kataloge der pr\u00e4historischen Staatssammlung Beiheft 2), Kallm\u00fcnz 1986.<\/p>\n<p>Endres 1996<br \/>\nWerner Endres, Gef\u00e4sse und Formen. Eine Typologie f\u00fcr Museen und Sammlungen (Museums-Bausteine 3), M\u00fcnchen 1996.<\/p>\n<p><strong>England:<\/strong><\/p>\n<p>Medieval Pottery Research Group 1998<br \/>\nA guide to the classification of Medieval ceramic forms (Medieval Pottery Research Group, Occasional Paper 1), London 1998.<\/p>\n<p><strong>France (regions near Switzerland):<\/strong><\/p>\n<p>Henigfeld 2005<br \/>\nYves Henigfeld, La c\u00e9ramique \u00e0 Strasbourg de la fin du Xe au d\u00e9but du XVIIe si\u00e8cle, Caen 2005.<\/p>\n<p>Horry 2015<br \/>\nAlban Horry, Poteries du quotidien en Rh\u00f4ne-Alpes XVIe, XVIIe, XVIIIe si\u00e8cles. Un panorama des techniques, des formes et des d\u00e9cors (Documents d\u2019Arch\u00e9ologie en Rh\u00f4ne-Alpes et en Auvergne 43), Ch\u00e2tillon-sur-Chalaronne 2015.<\/p>\n<p>Legendre\/Maire 1996<br \/>\nJean-Pierre Legendre\/Jean Maire, La c\u00e9ramique de Soufflenheim (Bas-Rhin) du milieu du XIXe si\u00e8cle au d\u00e9but du XXe si\u00e8cle. Typologie de la production et \u00e9l\u00e9ments de chronologie, in: Cahiers Alsaciens d\u2019arch\u00e9ologie, d\u2019art et d\u2019histoire 39, 1996, 139-170.<\/p>\n<p>Legendre\/Maire 2010<br \/>\nJean-Pierre Legendre\/Jean Maire, Nouveaux \u00e9l\u00e9ments pour la chronologie de la c\u00e9ramique de Soufflenheim au XIXe et auch XXe si\u00e8cle, in: Cahiers Alsaciens d\u2019arch\u00e9ologie, d\u2019art et d\u2019histoire 53, 2010, 161-175.<\/p>\n<p><a href=\"https:\/\/www.academia.edu\/11084173\/PETREQUIN_P._et_MONNIER_J.-C._1995.-_Potiers_jurassiens_Ethnoarch%C3%A9ologie_dun_atelier_du_XIXe_si%C3%A8cle._Lons-le-Saunier_Centre_Jurassien_du_Patrimoine_174_p._115_fig._R%C3%A9%C3%A9dition_en_2002\" target=\"_blank\" rel=\"noopener noreferrer\">P\u00e9trequin\/Monnier 1995<\/a><br \/>\nPierre P\u00e9trequin\/Jean-Louis Monnier, Potiers Jurassiens.\u00a0<em>Ethnoarch\u00e9ologie<\/em> d&#8217;un atelier du XIXe si\u00e8cle, Lons-Le-Saunier 1995.<\/p>\n<p>Pillet 2007<br \/>\nMarc Pillet, Poteries\u00a0<em>traditionnelles<\/em>\u00a0en France de 1980 \u00e0 nos jours, Vendin-le-Vieil 2007.<\/p>\n<p><strong>Austria:<\/strong><\/p>\n<p>Kaltenberger 2009<br \/>\nAlice Kaltenberger, Keramik des Mittelalters und der Neuzeit in Ober\u00f6sterreich (Nearchos 17 = Studien zur Kulturgeschichte von Ober\u00f6sterreich, Folge 23), Innsbruck 2009.<\/p>\n<p>Handbuch 2010<br \/>\nBundesdenkmalamt Wien Abteilung f\u00fcr Bodendenkmale (Hrsg.), Handbuch zur Terminologie der mittelalterlichen und neuzeitlichen Keramik in \u00d6sterreich (Beitr\u00e4ge zur Mittelalterarch\u00e4ologie in \u00d6sterreich, Beiheft 9), Wien 2010.<\/p>\n<p><strong>Switzerland:<\/strong><\/p>\n<p>Frascoli\/Matter\/Roth Heege u.a. 2014<br \/>\nLotti Frascoli\/Annamaria Matter\/Eva Roth Heege u.a., Die mobile Sachkultur, in, SPM VII Arch\u00e4ologie der Zeit von 800 bis 1350 \u2013 L\u2019ach\u00e9ologie de la p\u00e9riode entre 800 et 1350 \u2013 L\u2019archeologia del periodo tr l\u2019800 ed il 1350, Basel 2014, 249-286.<\/p>\n<p>Homberger\/Zubler 2010<br \/>\nValentin Homberger\/Kurt Zubler, Mittelalterliche und neuzeitliche Keramik der Region Schaffhausen. Typologie, Seriation und Materialvorlage (Beitr\u00e4ge zur Schaffhauser Arch\u00e4ologie 3), Schaffhausen 2010.<\/p>\n<p><a href=\"http:\/\/www.archaeologie-schweiz.ch\/fileadmin\/user_upload\/customers\/archaeologie_schweiz\/AS\/Dokumente_dt\/Onlinepublikationen_dt\/Kolloquiumsakten_SPM_VIII\/27_Homberger__Gefaesskeramik_Nordostschweiz__Kolloquium_SPM_VIII_.pdf\" target=\"_blank\" rel=\"noopener noreferrer\">Homberger 2018<\/a><br \/>\nValentin Homberger, Bunte Sch\u00fcsseln, schlichte Tassen, in: AS \u2013 Arch\u00e4ologie Schweiz\/SAM \u2013 Schweizerische Arbeitsgemeinschaft f\u00fcr die Arch\u00e4ologie des Mittelalters und der Neuzeit\/SBV \u2013 Schweizerischer Burgenverein, Die Schweiz von 1350 bis 1850 im Spiegel arch\u00e4ologischer Quellen. Akten des Kolloquiums\/Actes du Colloque Bern, 25.\u201326.1.2018, Basel 2018, 271-281.<\/p>\n<p>Keller 1999<br \/>\nChristine Keller, Gef\u00e4sskeramik aus Basel. Untersuchungen zur sp\u00e4tmittelalterlichen und fr\u00fchneuzeitlichen Gef\u00e4sskeramik aus Basel (Materialhefte zur Arch\u00e4ologie in Basel 15), Basel 1999.<\/p>\n<p>&nbsp;<\/p>\n","protected":false},"excerpt":{"rendered":"<p>Since 2019, short texts about specific vessel types have gradually been added. With regard to these texts and the filter panel terms in the CERAMICA image database it is important to note that we cannot guarantee that the German, French and English translations of these terms are correct or that everyone would use them in &hellip; <a href=\"https:\/\/ceramica-ch.ch\/en\/vessel-types\/\" class=\"more-link\">Continue reading <span class=\"screen-reader-text\">Vessel types<\/span> <span class=\"meta-nav\">&rarr;<\/span><\/a><\/p>\n","protected":false},"author":1,"featured_media":0,"parent":0,"menu_order":0,"comment_status":"closed","ping_status":"closed","template":"","meta":{"footnotes":""},"class_list":["post-13596","page","type-page","status-publish","hentry"],"_links":{"self":[{"href":"https:\/\/ceramica-ch.ch\/en\/wp-json\/wp\/v2\/pages\/13596","targetHints":{"allow":["GET"]}}],"collection":[{"href":"https:\/\/ceramica-ch.ch\/en\/wp-json\/wp\/v2\/pages"}],"about":[{"href":"https:\/\/ceramica-ch.ch\/en\/wp-json\/wp\/v2\/types\/page"}],"author":[{"embeddable":true,"href":"https:\/\/ceramica-ch.ch\/en\/wp-json\/wp\/v2\/users\/1"}],"replies":[{"embeddable":true,"href":"https:\/\/ceramica-ch.ch\/en\/wp-json\/wp\/v2\/comments?post=13596"}],"version-history":[{"count":6,"href":"https:\/\/ceramica-ch.ch\/en\/wp-json\/wp\/v2\/pages\/13596\/revisions"}],"predecessor-version":[{"id":22354,"href":"https:\/\/ceramica-ch.ch\/en\/wp-json\/wp\/v2\/pages\/13596\/revisions\/22354"}],"wp:attachment":[{"href":"https:\/\/ceramica-ch.ch\/en\/wp-json\/wp\/v2\/media?parent=13596"}],"curies":[{"name":"wp","href":"https:\/\/api.w.org\/{rel}","templated":true}]}}