{"id":13614,"date":"2023-03-20T16:11:45","date_gmt":"2023-03-20T15:11:45","guid":{"rendered":"https:\/\/ceramica-ch.ch\/?page_id=13614"},"modified":"2026-01-15T11:52:52","modified_gmt":"2026-01-15T10:52:52","slug":"pottery-marks-and-signatures-in-switzerland","status":"publish","type":"page","link":"https:\/\/ceramica-ch.ch\/en\/pottery-marks-and-signatures-in-switzerland\/","title":{"rendered":"Pottery marks and signatures in Switzerland"},"content":{"rendered":"<figure class=\"wp-block-image size-large is-resized\"><img loading=\"lazy\" decoding=\"async\" class=\"wp-image-7560\" src=\"https:\/\/culture-catalogweb.joanneum.at\/wp-content\/uploads\/1979_ASK-Luzern_001-726x1024.jpg\" alt=\"\" width=\"410\" height=\"578\" srcset=\"https:\/\/ceramica-ch.ch\/wp-content\/uploads\/1979_ASK-Luzern_001-726x1024.jpg 726w, https:\/\/ceramica-ch.ch\/wp-content\/uploads\/1979_ASK-Luzern_001-213x300.jpg 213w, https:\/\/ceramica-ch.ch\/wp-content\/uploads\/1979_ASK-Luzern_001-768x1083.jpg 768w, https:\/\/ceramica-ch.ch\/wp-content\/uploads\/1979_ASK-Luzern_001-1089x1536.jpg 1089w, https:\/\/ceramica-ch.ch\/wp-content\/uploads\/1979_ASK-Luzern_001-1453x2048.jpg 1453w, https:\/\/ceramica-ch.ch\/wp-content\/uploads\/1979_ASK-Luzern_001-scaled.jpg 1816w\" sizes=\"auto, (max-width: 410px) 100vw, 410px\" \/><\/figure>\r\n<!-- \/wp:post-content -->\r\n\r\n<!-- wp:paragraph -->\r\n<p>As of yet, no complete register exists of the marks of Swiss potters and pottery companies.<\/p>\r\n<p>The <a href=\"https:\/\/www.antik-und-rar.ch\/index.html\" target=\"_blank\" rel=\"noopener\">Verzeichnis Schweizer Keramiksignaturen<\/a> provides the most up-to-date overview.<\/p>\r\n<p>The Swiss Ceramics Association <a href=\"https:\/\/swissceramics.ch\/en\/\">swissceramics<\/a> provides a list of its current <a href=\"https:\/\/swissceramics.ch\/en\/members\/completememberlist\/\">members<\/a>. Certain members appear also in the section <a href=\"https:\/\/swissceramics.ch\/en\/association\/portrait\/\">portrait<\/a>.<\/p>\r\n<p>The image database CERAMICA CH also includes potters\u2019 marks. The best way to find the relevant parallels is by using the filters for the ware (earthenware, porcelain &#8230;), limiting the hits by adding the country of origin or an estimated date range and then viewing each of the resulting entries. You can also run a full-text query for \u201cMarke\u201d or \u201c<a href=\"https:\/\/ceramica-ch.ch\/katalog\/#fq=_fulltext_%3Aherstellermarke&amp;q=*%3A*\" target=\"_blank\" rel=\"noopener\">Herstellermarke<\/a>\u201d or use the \u201c<a href=\"https:\/\/ceramica-ch.ch\/katalog\/#fq=_fulltext_%3Aherstellermarke&amp;q=*%3A*\">pottery mark&#8221;<\/a> filter to search for certain types of marks (stamped, painted, raised relief \u2026). Information about the <a href=\"https:\/\/ceramica-ch.ch\/glossary\/marken\/#q=*%3A*\" target=\"_blank\" rel=\"noopener\">types of mark<\/a> can be found in the glossary. Once you have filtered the full-text query using the \u201c<a href=\"https:\/\/ceramica-ch.ch\/katalog\/#fq=_fulltext_%3Aherstellermarke&amp;q=*%3A*\">pottery mark&#8221;<\/a> filter, the filter panel \u201ccountry of manufacture\u201d will show all the countries represented, which will allow you to further narrow down your search. Alternatively you can check the filter panel \u201cplace of manufacture\u201d to see the locations listed so far.<\/p>\r\n<p>Translation Sandy\u00a0 Haemmerle<\/p>\r\n<p><strong>Links to other lists of marks (selection):\u00a0<\/strong><\/p>\r\n<p><a href=\"https:\/\/ceramica-ch.ch\/glossary\/kunstkeramik-luzern-a-g-markentafeln\/#q=*%3A*\" target=\"_blank\" rel=\"noopener\">Lucerne pottery, tables of marks<\/a><\/p>\r\n<p><a href=\"http:\/\/www.studer-schweiz.ch\/downloads\/stempelabfolge.pdf\" target=\"_blank\" rel=\"noopener\">Langenthal porcelain marks<\/a><\/p>\r\n<p><a href=\"http:\/\/www.mineralwasserkruege.homepage.t-online.de\/\" target=\"_blank\" rel=\"noopener\">Mineral water bottles<\/a><\/p>\r\n<p><a href=\"https:\/\/www.porcelainmarksandmore.com\/\" target=\"_blank\" rel=\"noopener\">Porcelain marks<\/a><\/p>\r\n<p><a href=\"http:\/\/www.steinmarks.co.uk\/\" target=\"_blank\" rel=\"noopener\">Stein marks (19<sup>th<\/sup>\/20<sup>th<\/sup> centuries)<\/a><\/p>\r\n<p><a href=\"http:\/\/www.archivioceramica.com\/MARCHI\/marchi%20con%20disegni.htm\" target=\"_blank\" rel=\"noopener\">Lists of Italian marks<\/a><\/p>\r\n<p><strong>Printed registers of marks (selection):<\/strong><\/p>\r\n<p>Graesse\/Jaennicke 1997 Johann Georg Theodor Graesse\/Friedrich Jaennicke, F\u00fchrer f\u00fcr Sammler von Porzellan und Fayence. Umfassendes Verzeichnis der auf \u00e4lterem und neuerem Porzellan, Fayence, Steinzeug, Steingut usw. befindlichen Marken, M\u00fcnchen \/ Berlin, 28. Auflage, 1997.<\/p>\r\n<!-- \/wp:paragraph -->\r\n\r\n<!-- wp:paragraph \/-->\r\n\r\n<!-- wp:paragraph \/-->\r\n\r\n<!-- wp:paragraph -->\r\n<p>Tardy 1949 Poteries et fa\u00efences fran\u00e7aises, 1\u00e8re, 2\u00e8me parties et 3\u00e8me parties, 3\u00e8me \u00e9dition, Paris 1971.<\/p>\r\n<!-- \/wp:paragraph -->\r\n\r\n<!-- wp:paragraph -->\r\n<p>Tardy 1983 Les poteries-fa\u00efences-porcelaines europ\u00e9ennes ; caract\u00e9ristiques et marques, 1\u00e8re et 2\u00e8me parties, Paris 1983<\/p>\r\n<!-- \/wp:paragraph -->\r\n\r\n<!-- wp:paragraph -->\r\n<p>Z\u00fchlsdorff 1994 Dieter Z\u00fchlsdorff, Keramik-Marken Lexikon. Porzellan- und Keramik Report 1885-1935 Europa (Festland), Stuttgart 1994 (2. Auflage ).<\/p>","protected":false},"excerpt":{"rendered":"<p>As of yet, no complete register exists of the marks of Swiss potters and pottery companies. The Verzeichnis Schweizer Keramiksignaturen provides the most up-to-date overview. The Swiss Ceramics Association swissceramics provides a list of its current members. Certain members appear also in the section portrait. The image database CERAMICA CH also includes potters\u2019 marks. The &hellip; <a href=\"https:\/\/ceramica-ch.ch\/en\/pottery-marks-and-signatures-in-switzerland\/\" class=\"more-link\">Continue reading <span class=\"screen-reader-text\">Pottery marks and signatures in Switzerland<\/span> <span class=\"meta-nav\">&rarr;<\/span><\/a><\/p>\n","protected":false},"author":1,"featured_media":0,"parent":0,"menu_order":0,"comment_status":"closed","ping_status":"closed","template":"","meta":{"footnotes":""},"class_list":["post-13614","page","type-page","status-publish","hentry"],"_links":{"self":[{"href":"https:\/\/ceramica-ch.ch\/en\/wp-json\/wp\/v2\/pages\/13614","targetHints":{"allow":["GET"]}}],"collection":[{"href":"https:\/\/ceramica-ch.ch\/en\/wp-json\/wp\/v2\/pages"}],"about":[{"href":"https:\/\/ceramica-ch.ch\/en\/wp-json\/wp\/v2\/types\/page"}],"author":[{"embeddable":true,"href":"https:\/\/ceramica-ch.ch\/en\/wp-json\/wp\/v2\/users\/1"}],"replies":[{"embeddable":true,"href":"https:\/\/ceramica-ch.ch\/en\/wp-json\/wp\/v2\/comments?post=13614"}],"version-history":[{"count":6,"href":"https:\/\/ceramica-ch.ch\/en\/wp-json\/wp\/v2\/pages\/13614\/revisions"}],"predecessor-version":[{"id":23037,"href":"https:\/\/ceramica-ch.ch\/en\/wp-json\/wp\/v2\/pages\/13614\/revisions\/23037"}],"wp:attachment":[{"href":"https:\/\/ceramica-ch.ch\/en\/wp-json\/wp\/v2\/media?parent=13614"}],"curies":[{"name":"wp","href":"https:\/\/api.w.org\/{rel}","templated":true}]}}