{"id":14090,"date":"2023-04-14T13:31:21","date_gmt":"2023-04-14T11:31:21","guid":{"rendered":"https:\/\/ceramica-ch.ch\/?page_id=14090"},"modified":"2023-10-18T08:49:44","modified_gmt":"2023-10-18T06:49:44","slug":"image-databases-containing-pottery-company-catalogues-or-pattern-books-and-makers-marks","status":"publish","type":"page","link":"https:\/\/ceramica-ch.ch\/en\/links\/image-databases-containing-pottery-company-catalogues-or-pattern-books-and-makers-marks\/","title":{"rendered":"Image databases containing pottery, company catalogues or pattern books and makers\u2019 marks"},"content":{"rendered":"<p><a href=\"https:\/\/www.rijksmuseum.nl\/en\/search\" target=\"_blank\" rel=\"noopener noreferrer\">Amsterdam, Rijksmuseum<\/a><\/p>\n<p><a href=\"https:\/\/belowthesurface.amsterdam\/\" target=\"_blank\" rel=\"noopener noreferrer\">Amsterdam \u2013 Below the Surface \u2013 Arch\u00e4ologische Funde der Nord-S\u00fcd-Linie<\/a><\/p>\n<p><a href=\"https:\/\/www.hmb.ch\/museen\/sammlungsobjekte\/\" target=\"_blank\" rel=\"noopener noreferrer\">Basel, Historisches Museum (HMB)<\/a><\/p>\n<p><a href=\"https:\/\/www.kimweb.ch\/sammlungen\" target=\"_blank\" rel=\"noopener noreferrer\">Basel-Landschaft, Kulturg\u00fcterportal online<\/a><\/p>\n<p><a href=\"http:\/\/www.numeriques.be\/index.php?id=1&amp;no_cache=1&amp;tx_portailnumeriques_pi1%5Bview%5D=search_item_list&amp;tx_portailnumeriques_pi1%5Bsearch_filters%5D=%7B%22relations%22%3A%5B%7B%22id%22%3A%20%22peps%3AMAR-KER-CER%22%2C%20%22type%22%3A%22Collection%22%2C%20%22title%22%3A%20%22C%C3%A9ramique%22%7D%5D%7D\" target=\"_blank\" rel=\"noopener noreferrer\">Belgien, Images et histoires des patrimoines num\u00e9ris\u00e9s<\/a><\/p>\n<p><a href=\"http:\/\/www.friedrichfestersen.de\/\" target=\"_blank\" rel=\"noopener noreferrer\">Berlin, Kunstt\u00f6pferei Friedrich Festersen (1909-1922)<\/a><\/p>\n<p><a href=\"http:\/\/collections.imm.hu\/keres?sa=1&amp;s=ceramic\" target=\"_blank\" rel=\"noopener noreferrer\">Budapest \u2013 Kunstgewerbemuseum \u2013 Museum of Applied Arts<\/a><\/p>\n<p><a href=\"http:\/\/www.originalbunzlau.de\/marken-stempel\/\" target=\"_blank\" rel=\"noopener noreferrer\">Bunzlau \u2013 Keramik, T\u00f6pfer und Marken<\/a><\/p>\n<p><a href=\"https:\/\/webapps.fitzmuseum.cam.ac.uk\/explorer\/\" target=\"_blank\" rel=\"noopener noreferrer\">Cambridge, Fitzwilliam-Museum<\/a><\/p>\n<p><a href=\"https:\/\/raetischesmuseum.gr.ch\/de\/sammlung\/katalog\/Seiten\/Sammlung.aspx#?cmd=search&amp;searchExpression=*\" target=\"_blank\" rel=\"noopener noreferrer\">Chur, R\u00e4tisches Museum (RMC)<\/a><\/p>\n<p><a href=\"https:\/\/www.kulturarv.dk\/mussam\/Forside.action\" target=\"_blank\" rel=\"noopener noreferrer\">D\u00e4nemark, Digitale Museumssammlungen (d\u00e4nisch)<\/a><\/p>\n<p><a href=\"http:\/\/www.delftsaardewerk.nl\/\" target=\"_blank\" rel=\"noopener noreferrer\">Delft \u2013 Delfts Aardewerk (Fayence, Marken)<\/a><\/p>\n<p><a href=\"https:\/\/www.gemeentemuseum.nl\/nl\/collectie\/deelcollecties?origin=gm\" target=\"_blank\" rel=\"noreferrer noopener\" aria-label=\"Den Hague \/ The Hague - Gemeentemuseum (\u00f6ffnet in neuem Tab)\">Den Hague \/ The Hague \u2013 Gemeentemuseum<\/a><\/p>\n<p><a href=\"http:\/\/perso.infonie.be\/vieux.rouen\/Virtual%20museum\/html\/salle_collections\/index_salle_collectors.htm\" target=\"_blank\" rel=\"noopener noreferrer\">Desvres F \u2013 Virtuelles Museum<\/a><\/p>\n<p><a href=\"https:\/\/www.museum-digital.de\/\" target=\"_blank\" rel=\"noopener noreferrer\">Deutschland, Museum digital<\/a><\/p>\n<p><a href=\"https:\/\/skd-online-collection.skd.museum\/Home\/Index?page=1&amp;mIds=1231\" target=\"_blank\" rel=\"noopener noreferrer\">Dresden, Staatliche Kunstsammlungen<\/a><\/p>\n<p><a href=\"http:\/\/www.sifflets-en-terre-cuite.org\/\" target=\"_blank\" rel=\"noopener noreferrer\">Sifflet-Fl\u00f6tpfeifchen (Franz\u00f6sische Datenbank)<\/a><\/p>\n<p><a href=\"http:\/\/www2.culture.gouv.fr\/documentation\/joconde\/fr\/\" target=\"_blank\" rel=\"noopener noreferrer\">Frankreich, Staatliche Museen, Base Joconde<\/a><\/p>\n<p><a href=\"https:\/\/www.photo.rmn.fr\/C.aspx?VP3=CMS3&amp;VF=Home\" target=\"_blank\" rel=\"noopener noreferrer\">Frankreich, R\u00e9union des mus\u00e9es nationaux<\/a><\/p>\n<p><a href=\"http:\/\/www.guimet-grandidier.fr\/html\/4\/index\/index.htm\" target=\"_blank\" rel=\"noopener noreferrer\">Frankreich, Collection Grandidier (chinesische Keramik)<\/a><\/p>\n<p><a href=\"http:\/\/www.frenchporcelaine.com\/\" target=\"_blank\" rel=\"noopener noreferrer\">Frankreich, Porzellan<\/a><\/p>\n<p><a href=\"http:\/\/infofaience.com\/en\/\" target=\"_blank\" rel=\"noopener noreferrer\">Frankreich, Steingut-Marken<\/a><\/p>\n<p><a href=\"https:\/\/www.floridamuseum.ufl.edu\/histarch\/ceramic-types\/\" target=\"_blank\" rel=\"noopener noreferrer\">Gainesville, Florida Museum of Natural History \u2013 Digital Ceramic Type Collection<\/a><\/p>\n<p><a href=\"https:\/\/www.ville-ge.ch\/musinfo\/bd\/ariana\/collections\/\" target=\"_blank\" rel=\"noopener noreferrer\">Genf, Mus\u00e9e Ariana (MAG)<\/a><\/p>\n<p><a href=\"http:\/\/www.ville-ge.ch\/meg\/musinfo00.php?what=c%C3%A9ramique+amoudruz&amp;dpt=ETHEU&amp;debut=0&amp;bool=AND\" target=\"_blank\" rel=\"noopener noreferrer\">Genf, Mus\u00e9e d\u2019ethnographie, Sammlung Amoudruz Keramik aus Haute-Savoie (MEG)<\/a><\/p>\n<p><a href=\"http:\/\/iceramm.univ-tours.fr\/#\" target=\"_blank\" rel=\"noopener noreferrer\">IC\u00c9RAMM \u2013 Base de DonC\u00e9ramique M\u00e9di\u00e9vale et Moderne<\/a><\/p>\n<p><a href=\"http:\/\/www.lombardiabeniculturali.it\/opere-arte\/ricerca\/?tipologia=4&amp;autore=&amp;ambito=&amp;intestazione=&amp;materia=&amp;annop=&amp;annoa=&amp;provincia=&amp;comune=&amp;istituto=\" target=\"_blank\" rel=\"noopener noreferrer\">Italy-Lombardia<\/a><\/p>\n<p><a href=\"http:\/\/www.archivioceramica.com\/MARCHI\/marchi%20con%20disegni.htm\" target=\"_blank\" rel=\"noopener noreferrer\">Italy-List of marks<\/a><\/p>\n<p><a href=\"https:\/\/www.maiolicaitaliana.com\/\" target=\"_blank\" rel=\"noopener\">Italy-Maiolika<\/a><\/p>\n<p><a href=\"http:\/\/www.gotheborg.com\/marks\/20thcenturyjapan.shtml\" target=\"_blank\" rel=\"noopener noreferrer\">Japan, Porzellan-Markenlisten<\/a><\/p>\n<p><a href=\"https:\/\/www.keramik-sammler.de\/?cat=1\" target=\"_blank\" rel=\"noopener\">Keramik-Sammler.de<\/a><\/p>\n<p><a href=\"https:\/\/www.kohrener-keramik.de\/\" target=\"_blank\" rel=\"noopener noreferrer\">Kohrener Keramik \u2013 Deutschland, Sachsen<\/a><\/p>\n<p><a href=\"http:\/\/davidmus.dk\/en\/collections\/islamic\/materials\/ceramics\/art\" target=\"_blank\" rel=\"noopener noreferrer\">Kopenhagen \u2013 The David Collection (Keramik Europa und Asien)<\/a><\/p>\n<p><a href=\"http:\/\/www.studer-schweiz.ch\/langenthaler-porzellan\/geschichte-langenthaler-porzellan\/index.html\" target=\"_blank\" rel=\"noopener noreferrer\">Langenthal-Porzellan-Geschichte, Kanton Bern<\/a><\/p>\n<p><a href=\"http:\/\/www.studer-schweiz.ch\/downloads\/stempelabfolge.pdf\" target=\"_blank\" rel=\"noopener noreferrer\">Langenthal-Porzellan-Marken<\/a><\/p>\n<p><a href=\"http:\/\/collections.vam.ac.uk\/item\/O129022\/original-drawing-book-no2-pattern-book-hartley-greens-co\/\" target=\"_blank\" rel=\"noopener noreferrer\">Leeds \u2013 Patternbook (Musterbuch Hartley&amp;Green)<\/a><\/p>\n<p><a href=\"http:\/\/loerrach.iserver-online2.de\/rech.FAU?sid=583B3C181&amp;dm=1&amp;auft=0\" target=\"_blank\" rel=\"noopener noreferrer\">L\u00f6rrach, Dreil\u00e4ndermuseum-Sammlungsdatenbank<\/a><\/p>\n<p><a href=\"https:\/\/www.britishmuseum.org\/research\/collection_online\/search.aspx\" target=\"_blank\" rel=\"noopener noreferrer\">London, British Museum<\/a><\/p>\n<p><a href=\"http:\/\/collections.vam.ac.uk\/\" target=\"_blank\" rel=\"noopener noreferrer\">London, Victoria&amp;Albert Museum<\/a><\/p>\n<p><a href=\"http:\/\/www.getty.edu\/art\/collection\/\" target=\"_blank\" rel=\"noopener noreferrer\">Los Angeles, J. Paul Getty Museum (USA)<\/a><\/p>\n<p><a href=\"http:\/\/centreceramique.adlibhosting.com\/brief.aspx\" target=\"_blank\" rel=\"noopener noreferrer\">Maastricht Centre C\u00e9ramique<\/a><\/p>\n<p><a href=\"http:\/\/www.jefpat.org\/diagnostic\/Index.htm\" target=\"_blank\" rel=\"noopener noreferrer\">Maryland, Jefferson Patterson Park&amp;Museum-Diagnostic artifacts in Maryland<\/a><\/p>\n<p><a href=\"https:\/\/www.library.wisc.edu\/decorativearts\/images\/\" target=\"_blank\" rel=\"noopener noreferrer\">Milwaukee, Chipstone foundation<\/a><\/p>\n<p><a href=\"http:\/\/www.themintonarchive.org.uk\/\">Minton, Staffordshire, Archiv der Keramikmanufaktur<\/a><\/p>\n<p><a href=\"http:\/\/www.mineralwasserkruege.homepage.t-online.de\/\" target=\"_blank\" rel=\"noopener noreferrer\">Mineralwasserkr\u00fcge\/Mineralwasserflaschen<\/a><\/p>\n<p><a href=\"https:\/\/webmuseo.com\/ws\/musenor\/app\/collection\" target=\"_blank\" rel=\"noopener noreferrer\">Museen Nordfrankreich<\/a><\/p>\n<p><a href=\"https:\/\/webmuseo.com\/ws\/musees-regioncentre\/app\/collection\" target=\"_blank\" rel=\"noopener noreferrer\">Museen Zentralfrankreich<\/a><\/p>\n<p><a href=\"http:\/\/museumek.eu\/\" target=\"_blank\" rel=\"noopener noreferrer\">Museum Europ\u00e4ischer Keramikkunst \u2013 Keramiken der Jahre 1860-1960 (Marken)<\/a><\/p>\n<p><a href=\"http:\/\/webmuseo.com\/ws\/musees-narbonne\/app\/collection\" target=\"_blank\" rel=\"noopener noreferrer\">Narbonne, Mus\u00e9e<\/a><\/p>\n<p><a href=\"https:\/\/www.metmuseum.org\/art\/collection\" target=\"_blank\" rel=\"noopener noreferrer\">New York, Metropolitain Museum of Art<\/a><\/p>\n<p><a href=\"https:\/\/collection.cooperhewitt.org\/search\/collection?isa=objects&amp;query=earthenware&amp;sort=relevance&amp;sort_order=desc&amp;department_id=35347497\" target=\"_blank\" rel=\"noopener noreferrer\">New York, Cooper-Hewitt Smithsonian Design Museum<\/a><\/p>\n<p><a href=\"https:\/\/digitaltmuseum.no\/search\/?q=keramikk&amp;o=0&amp;n=80\" target=\"_blank\" rel=\"noopener noreferrer\">Norwegen \u2013 Keramik in norwegischen Museumssammlungen<\/a><\/p>\n<p><a href=\"http:\/\/samling.nasjonalmuseet.no\/no\/search\/?qterm=keramikk\" target=\"_blank\" rel=\"noopener noreferrer\">Oslo \u2013 Nationalmuseum<\/a><\/p>\n<p><a href=\"https:\/\/www.philamuseum.org\/collections\/search.html\" target=\"_blank\" rel=\"noopener noreferrer\">Philadelphia Museum of Art (USA)<\/a><\/p>\n<p><a href=\"https:\/\/www.porcelainmarksandmore.com\/\" target=\"_blank\" rel=\"noopener noreferrer\">Porzellanmarken<\/a><\/p>\n<p><a href=\"http:\/\/museumek.eu\/\" target=\"_blank\" rel=\"noopener noreferrer\">Porzellanmarken -Keramikmarken Museum Europ\u00e4ischer Keramikkunst \u2013 Keramiken der Jahre 1860-1960<\/a><\/p>\n<p><a href=\"https:\/\/www.boijmans.nl\/collectie\/kunstwerken\" target=\"_blank\" rel=\"noopener noreferrer\">Rotterdam, Museum Boijmans Van Beuningen<\/a><\/p>\n<p><a href=\"https:\/\/realonline.imareal.sbg.ac.at\/suche\/?facetsearch=true&amp;facet_material=Keramik&amp;facetsearchfield=suche_alles\" target=\"_blank\" rel=\"noopener noreferrer\">Salzburg \u2013 IMAREAL \u2013 Bilddatenbank<\/a><\/p>\n<p><a href=\"https:\/\/sammlung-online.salzburgmuseum.at\/suche\/collection\/ergebnisse?module=collection&amp;query=Keramik&amp;submit=suchen\" target=\"_blank\" rel=\"noopener noreferrer\">Salzburg Museum<\/a><\/p>\n<p><a href=\"http:\/\/www.antik-und-rar.ch\/keramik-signaturen-schweiz.html\" target=\"_blank\" rel=\"noopener noreferrer\">Schweiz \u2013 Marken, Signaturen, Hafner<\/a><\/p>\n<p><a href=\"http:\/\/www.steinmarks.co.uk\/\" target=\"_blank\" rel=\"noopener noreferrer\">Stein Marks (Marken auf Humpen \u2013 19.\/20. Jh.)<\/a><\/p>\n<p><a href=\"https:\/\/www.mysteincollection.com\/catalog\/\" target=\"_blank\" rel=\"noopener noreferrer\">Stein collection<\/a><\/p>\n<p><a href=\"http:\/\/www.thepotteries.org\/allpotters\/index.htm\" target=\"_blank\" rel=\"noopener noreferrer\">Stoke-on-Trent \u2013 The Potteries.org<\/a><\/p>\n<p><a href=\"http:\/\/ridgwaypatternbook.org.uk\/factories.html\" target=\"_blank\" rel=\"noopener noreferrer\">Staffordshire \u2013 Ridgway-Patternbook<\/a><\/p>\n<p><a href=\"https:\/\/collection.maas.museum\/\" target=\"_blank\" rel=\"noopener noreferrer\">Sydney, Museum of Applied Arts &amp; Sciences (Australien)<\/a><\/p>\n<p><a href=\"https:\/\/emuseum.gardinermuseum.com\/collections\/15117\/other-european-earthenware\/objects\" target=\"_blank\" rel=\"noopener noreferrer\">Toronto, Gardiner Museum<\/a><\/p>\n<p><a href=\"https:\/\/www.blueandwhite.com\/Default.asp\" target=\"_blank\" rel=\"noopener noreferrer\">Umdruckdekor \u2013 Transfer-Printing \u2013 Muster und Marken<\/a><\/p>\n<p><a href=\"http:\/\/printedbritishpotteryandporcelain.com\/\" target=\"_blank\" rel=\"noopener noreferrer\">Umdruckdekor \u2013 Transfer-Printing<\/a><\/p>\n<p><a href=\"https:\/\/www.labergerie-vallauris.com\/\" target=\"_blank\" rel=\"noopener noreferrer\">Vallauris, Frankreich (Cl\u00e9ment Massier u.a.)<\/a><\/p>\n<p><a href=\"http:\/\/collection-online.moa.ubc.ca\/\" target=\"_blank\" rel=\"noopener noreferrer\">Vancouver, Museum of Anthropology (Kanada)<\/a><\/p>\n<p><a href=\"http:\/\/americanhistory.si.edu\/collections\" target=\"_blank\" rel=\"noopener noreferrer\">Washington D.C., National Museum of American History (Smithsonian, USA)<\/a><\/p>\n<p><a href=\"http:\/\/klschmidt.de\/dzk\/\" target=\"_blank\" rel=\"noopener noreferrer\">Westerwald \u2013 Dokumentationszentrum Kannenb\u00e4ckerland<\/a><\/p>\n<p><a href=\"https:\/\/www.history.org\/history\/museums\/collections\/CeramicsGlass.cfm\" target=\"_blank\" rel=\"noopener noreferrer\">Williamsburg \u2013 Colonial Williamsburg, Online Datenbank<\/a><\/p>\n<p><a href=\"https:\/\/mesda.org\/lp\/collection\/ceramics\/\" target=\"_blank\" rel=\"noopener noreferrer\">Winston-Salem, Museum of Early Southern Decorative Arts (USA)<\/a><\/p>\n<p><a href=\"http:\/\/museumcollection.winterthur.org\/index_files\/index-Ceramics-catalog-20-1.html#.XLcOzjAzbn8\" target=\"_blank\" rel=\"noopener noreferrer\">Winterthur, Museum, Garden and Library (USA)<\/a><\/p>\n<p><a href=\"https:\/\/verenaszuckerdosensammlung.jimdo.com\/\" target=\"_blank\" rel=\"noopener noreferrer\">Zuckerdosen \u2013 Verenas Zuckerdosen-Sammlung<\/a><\/p>\n<p><a href=\"https:\/\/www.emuseum.ch\/collections\/90776\/keramik\">Z\u00fcrich, Hochschule der K\u00fcste (Kunstgewerbemuseum, ZHdK-KGS)<\/a><\/p>\n<p><a href=\"https:\/\/www.nationalmuseum.ch\/sammlung_online\/?lauftext=&amp;sID=14\" target=\"_blank\" rel=\"noopener noreferrer\">Z\u00fcrich, Schweizerisches Nationalmuseum (SNM)<\/a><\/p>\n<p><a href=\"http:\/\/www.keramikmuseum.ch\/\" target=\"_blank\" rel=\"noopener\">Z\u00fcrich, Keramikmuseum<\/a><\/p>\n","protected":false},"excerpt":{"rendered":"<p>Amsterdam, Rijksmuseum Amsterdam \u2013 Below the Surface \u2013 Arch\u00e4ologische Funde der Nord-S\u00fcd-Linie Basel, Historisches Museum (HMB) Basel-Landschaft, Kulturg\u00fcterportal online Belgien, Images et histoires des patrimoines num\u00e9ris\u00e9s Berlin, Kunstt\u00f6pferei Friedrich Festersen (1909-1922) Budapest \u2013 Kunstgewerbemuseum \u2013 Museum of Applied Arts Bunzlau \u2013 Keramik, T\u00f6pfer und Marken Cambridge, Fitzwilliam-Museum Chur, R\u00e4tisches Museum (RMC) D\u00e4nemark, Digitale Museumssammlungen (d\u00e4nisch) &hellip; <a href=\"https:\/\/ceramica-ch.ch\/en\/links\/image-databases-containing-pottery-company-catalogues-or-pattern-books-and-makers-marks\/\" class=\"more-link\">Continue reading <span class=\"screen-reader-text\">Image databases containing pottery, company catalogues or pattern books and makers\u2019 marks<\/span> <span class=\"meta-nav\">&rarr;<\/span><\/a><\/p>\n","protected":false},"author":3,"featured_media":0,"parent":13555,"menu_order":0,"comment_status":"closed","ping_status":"closed","template":"","meta":{"footnotes":""},"class_list":["post-14090","page","type-page","status-publish","hentry"],"_links":{"self":[{"href":"https:\/\/ceramica-ch.ch\/en\/wp-json\/wp\/v2\/pages\/14090","targetHints":{"allow":["GET"]}}],"collection":[{"href":"https:\/\/ceramica-ch.ch\/en\/wp-json\/wp\/v2\/pages"}],"about":[{"href":"https:\/\/ceramica-ch.ch\/en\/wp-json\/wp\/v2\/types\/page"}],"author":[{"embeddable":true,"href":"https:\/\/ceramica-ch.ch\/en\/wp-json\/wp\/v2\/users\/3"}],"replies":[{"embeddable":true,"href":"https:\/\/ceramica-ch.ch\/en\/wp-json\/wp\/v2\/comments?post=14090"}],"version-history":[{"count":4,"href":"https:\/\/ceramica-ch.ch\/en\/wp-json\/wp\/v2\/pages\/14090\/revisions"}],"predecessor-version":[{"id":18448,"href":"https:\/\/ceramica-ch.ch\/en\/wp-json\/wp\/v2\/pages\/14090\/revisions\/18448"}],"up":[{"embeddable":true,"href":"https:\/\/ceramica-ch.ch\/en\/wp-json\/wp\/v2\/pages\/13555"}],"wp:attachment":[{"href":"https:\/\/ceramica-ch.ch\/en\/wp-json\/wp\/v2\/media?parent=14090"}],"curies":[{"name":"wp","href":"https:\/\/api.w.org\/{rel}","templated":true}]}}