{"id":14094,"date":"2023-04-14T13:34:44","date_gmt":"2023-04-14T11:34:44","guid":{"rendered":"https:\/\/ceramica-ch.ch\/?page_id=14094"},"modified":"2024-01-12T10:19:00","modified_gmt":"2024-01-12T09:19:00","slug":"associations-working-groups-collectors-organisations","status":"publish","type":"page","link":"https:\/\/ceramica-ch.ch\/en\/links\/associations-working-groups-collectors-organisations\/","title":{"rendered":"Associations, working groups, collectors\u2019 organisations"},"content":{"rendered":"<p><a href=\"https:\/\/www.americanceramiccircle.org\/\" target=\"_blank\" rel=\"noopener noreferrer\">American Ceramic Circle<\/a><\/p>\n<p><a href=\"https:\/\/www.academie-de-moustiers.com\/\" target=\"_blank\" rel=\"noopener noreferrer\">Acad\u00e9mie de Moustiers<\/a><\/p>\n<p><a href=\"http:\/\/www.swissceramics.ch\/\" target=\"_blank\" rel=\"noopener noreferrer\">Arbeitsgemeinschaft Schweizer Keramiker<\/a><\/p>\n<p><a href=\"https:\/\/de.wikipedia.org\/wiki\/Internationaler_Arbeitskreis_Keramikforschung\" target=\"_blank\" rel=\"noopener noreferrer\">Arbeitskreis f\u00fcr Keramikforschung (Hafnerei-Symposium), Deutschland<\/a><\/p>\n<p><strong><a href=\"http:\/\/okmhb.de\/wp-content\/uploads\/2023\/01\/Bibliographie1-IKS-20.11.2022_Tagungsorte.pdf\" target=\"_blank\" rel=\"noopener\">Arbeitskreis f\u00fcr Keramikforschung (Hafnerei-Symposium) &#8211; Bibliographie zu den Tagungspublikationen\u00a0<\/a><\/strong><\/p>\n<p><a href=\"https:\/\/www.etudedelaceramique.com\/index.php\" target=\"_blank\" rel=\"noopener noreferrer\">Association pour l\u2019Etude de la C\u00e9ramique<\/a><\/p>\n<p><a href=\"https:\/\/www.amisdesevres.com\/en\/\" target=\"_blank\" rel=\"noopener noreferrer\">Association des amis du mus\u00e9e de C\u00e9ramique (S\u00e8vres)<\/a><\/p>\n<p><a href=\"http:\/\/www.chipstone.org\/publications.php\/2\/Ceramics-in-America\" target=\"_blank\" rel=\"noopener noreferrer\">Ceramics in America \u2013 Chipstone foundation<\/a><\/p>\n<p><a href=\"https:\/\/www.englishceramiccircle.org.uk\/\" target=\"_blank\" rel=\"noopener noreferrer\">English Ceramic Circle<\/a><\/p>\n<p><a href=\"http:\/\/www.fayence-steinzeug-vogt.de\/\" target=\"_blank\" rel=\"noopener noreferrer\">Fayence-Steinzeug-Vogt, M\u00fcnchen<\/a><\/p>\n<p><a href=\"https:\/\/amisfaiencefine.fr\/\" target=\"_blank\" rel=\"noopener noreferrer\">Fa\u00efence fine \u2013 Creil-Montereau (Amis de)<\/a><\/p>\n<p><a href=\"http:\/\/www.matzendorfer-keramik.ch\/\" target=\"_blank\" rel=\"noopener noreferrer\">Freunde der Matzendorfer Keramik, Matzendorf<\/a><\/p>\n<p><a href=\"http:\/\/www.keramikfreunde-keramos.de\/\" target=\"_blank\" rel=\"noopener noreferrer\">Gesellschaft der Keramikfreunde E.V., Deutschland<\/a><\/p>\n<p><a href=\"http:\/\/www.beerstein.net\/\" target=\"_blank\" rel=\"noopener noreferrer\">Humpen \u2013 Steins (oft deutsche Keramikfirmen und Marken)<\/a><\/p>\n<p><a href=\"http:\/\/www.steinmarks.co.uk\/pages\/pv.asp?p=stein1\" target=\"_blank\" rel=\"noopener noreferrer\">Humpen \u2013 Steins (Deutsche Keramikmanufakturen, ihre Geschichte, ihre Marken<\/a><\/p>\n<p><a href=\"https:\/\/www.ceramique.com\/\" target=\"_blank\" rel=\"noopener noreferrer\">ImagineCeramic \u2013 Franz\u00f6sische Homepage rund um Keramik, Keramikhersteller, Keramikmuseen, T\u00f6pferm\u00e4rkte, Keramikmuseen Frankreich etc.<\/a><\/p>\n<p><a href=\"http:\/\/ogabathuler.free.fr\/Francais\/Ceramiques\/histoirecera.html\" target=\"_blank\" rel=\"noopener noreferrer\">Keramikgeschichte (franz\u00f6sisch)<\/a><\/p>\n<p><a href=\"http:\/\/www.colceram.online.fr\/index.html\" target=\"_blank\" rel=\"noopener noreferrer\">Keramik aus S\u00fcdfrankreich<\/a><\/p>\n<p><a href=\"http:\/\/www.keramikfreunde.ch\/home\/\">Keramikfreunde der Schweiz<\/a><\/p>\n<p><a href=\"https:\/\/www.amisfaiencefine.fr\/\" target=\"_blank\" rel=\"noopener noreferrer\">Les Amis de la Fa\u00efence Fine, Montereau, Frankreich<\/a><\/p>\n<p><a href=\"http:\/\/www.faience-sinceny.fr\/\" target=\"_blank\" rel=\"noopener noreferrer\">Les Amis de la Fa\u00efence de Sinceny, Frankreich<\/a><\/p>\n<p><a href=\"http:\/\/majolicasociety.com\/\" target=\"_blank\" rel=\"noopener noreferrer\">Majolika International<\/a><\/p>\n<p><a href=\"http:\/\/www.barbotine-belge.com\/site\/fr\/index.html\" target=\"_blank\" rel=\"noopener noreferrer\">Mus\u00e9e de la Barbotine-Belge Fa\u00efencerie de Wasmu\u00ebl, Tergnier, Nimy, Onnaing<\/a><\/p>\n<p><a href=\"http:\/\/barbotine.free.fr\/\" target=\"_blank\" rel=\"noopener noreferrer\">Mus\u00e9e de la Barbotine<\/a><\/p>\n<p><a href=\"http:\/\/www.medievalpottery.org.uk\/\" target=\"_blank\" rel=\"noopener noreferrer\">Medieval pottery research group<\/a><\/p>\n<p><a href=\"https:\/\/www.mettlach-buch.de\/index.php\/de\/\" target=\"_blank\" rel=\"noopener noreferrer\">Mettlach \u2013 Villeroy&amp;Boch<\/a><\/p>\n<p><a href=\"http:\/\/www.vormenuitvuur.nl\/\" target=\"_blank\" rel=\"noopener noreferrer\">Nederlandse vereniging van Vrienden van Ceramiek en Glas<\/a><\/p>\n<p><a href=\"http:\/\/www.americanhistoricalstaffordshire.com\/historical-background\" target=\"_blank\" rel=\"noopener noreferrer\">Patriotic America<\/a><\/p>\n<p><a href=\"http:\/\/www.thefrenchporcelainsociety.com\/\" target=\"_blank\" rel=\"noopener noreferrer\">The French Porcelain Society, England<\/a><\/p>\n<p><a href=\"http:\/\/www.spma.org.uk\/\" target=\"_blank\" rel=\"noopener noreferrer\">The Society for Post-Medieval Archaeology<\/a><\/p>\n<p><a href=\"http:\/\/sarreguemines-passions.eu\/\" target=\"_blank\" rel=\"noopener noreferrer\">Sarreguemines \u2013 Utzschneider&amp;Cie \u2013 Association d\u2019amateurs d\u2019art et de collectionneurs de c\u00e9ramiques de Sarreguemines, Digoin et Vitry-le-Fran\u00e7ois<\/a><\/p>\n<p><a href=\"http:\/\/www.amisdesevres.com\/en\/\" target=\"_blank\" rel=\"noopener noreferrer\">Soci\u00e9t\u00e9 des Amis du Mus\u00e9e National de C\u00e9ramique, S\u00e8vres, Frankreich<\/a><\/p>\n<p><a href=\"https:\/\/sha.org\/\" target=\"_blank\" rel=\"noopener noreferrer\">Society for Historical Archaeology (USA)<\/a><\/p>\n<p><a href=\"http:\/\/www.jurapoterie.ch\/\" target=\"_blank\" rel=\"noopener noreferrer\">Stiftung \u201ePoteries de Bonfol\u201c<\/a><\/p>\n<p><a href=\"http:\/\/www.transcollectorsclub.org\/\" target=\"_blank\" rel=\"noopener noreferrer\">The Transferware Collectors Club<\/a><\/p>\n<p><a href=\"http:\/\/www.transcollectorsclub.org\/annex\/image-gallery\/\" target=\"_blank\" rel=\"noopener noreferrer\">Transferware Collecturs Club \u2013 Bildergalerie<\/a><\/p>\n<p><a href=\"https:\/\/verenigingmaastrichtsaardewerk.nl\/\" target=\"_blank\" rel=\"noopener noreferrer\">Vereniging Maastrichts Aardewerk (VMA)<\/a><\/p>\n<p><strong>Museumsverb\u00fcnde in der Schweiz<\/strong><\/p>\n<p><a href=\"https:\/\/www.museums.ch\/\" target=\"_blank\" rel=\"noopener noreferrer\">Verband Museen Schweiz VMS\/AMS<\/a><\/p>\n<p><a href=\"http:\/\/www.vamus.ch\/\" target=\"_blank\" rel=\"noopener noreferrer\">VAMUS \u2013 Verband Aargauer Museen und Sammlungen<\/a><\/p>\n<p><a href=\"https:\/\/www.museenbasel.ch\/museen\/de\/agenda.html?date=2019-5-16&amp;order=alphabetical\" target=\"_blank\" rel=\"noopener noreferrer\">Basler Museen<\/a><\/p>\n<p><a href=\"http:\/\/www.musees-vs.ch\/\" target=\"_blank\" rel=\"noopener noreferrer\">Walliser Museumsverband<\/a><\/p>\n<p><a href=\"https:\/\/www.muse-um-zuerich.ch\/\" target=\"_blank\" rel=\"noopener noreferrer\">Z\u00fcrcher Museumsverband<\/a><\/p>\n<p><a href=\"https:\/\/www.museenland-gr.ch\/\" target=\"_blank\" rel=\"noopener noreferrer\">Graub\u00fcndner Museumsverband<\/a><\/p>\n<p><a href=\"http:\/\/mmbe.ch\/wsp\/\" target=\"_blank\" rel=\"noopener noreferrer\">Berner Museumsverband<\/a><\/p>\n<p><a href=\"https:\/\/www.musesol.ch\/\" target=\"_blank\" rel=\"noopener noreferrer\">Solothurner Museumsverband<\/a><\/p>\n<p>Zusammenstellung Andreas Heege, letzte \u00c4nderung 2020<\/p>\n","protected":false},"excerpt":{"rendered":"<p>American Ceramic Circle Acad\u00e9mie de Moustiers Arbeitsgemeinschaft Schweizer Keramiker Arbeitskreis f\u00fcr Keramikforschung (Hafnerei-Symposium), Deutschland Arbeitskreis f\u00fcr Keramikforschung (Hafnerei-Symposium) &#8211; Bibliographie zu den Tagungspublikationen\u00a0 Association pour l\u2019Etude de la C\u00e9ramique Association des amis du mus\u00e9e de C\u00e9ramique (S\u00e8vres) Ceramics in America \u2013 Chipstone foundation English Ceramic Circle Fayence-Steinzeug-Vogt, M\u00fcnchen Fa\u00efence fine \u2013 Creil-Montereau (Amis de) Freunde &hellip; <a href=\"https:\/\/ceramica-ch.ch\/en\/links\/associations-working-groups-collectors-organisations\/\" class=\"more-link\">Continue reading <span class=\"screen-reader-text\">Associations, working groups, collectors\u2019 organisations<\/span> <span class=\"meta-nav\">&rarr;<\/span><\/a><\/p>\n","protected":false},"author":3,"featured_media":0,"parent":13555,"menu_order":0,"comment_status":"closed","ping_status":"closed","template":"","meta":{"footnotes":""},"class_list":["post-14094","page","type-page","status-publish","hentry"],"_links":{"self":[{"href":"https:\/\/ceramica-ch.ch\/en\/wp-json\/wp\/v2\/pages\/14094","targetHints":{"allow":["GET"]}}],"collection":[{"href":"https:\/\/ceramica-ch.ch\/en\/wp-json\/wp\/v2\/pages"}],"about":[{"href":"https:\/\/ceramica-ch.ch\/en\/wp-json\/wp\/v2\/types\/page"}],"author":[{"embeddable":true,"href":"https:\/\/ceramica-ch.ch\/en\/wp-json\/wp\/v2\/users\/3"}],"replies":[{"embeddable":true,"href":"https:\/\/ceramica-ch.ch\/en\/wp-json\/wp\/v2\/comments?post=14094"}],"version-history":[{"count":2,"href":"https:\/\/ceramica-ch.ch\/en\/wp-json\/wp\/v2\/pages\/14094\/revisions"}],"predecessor-version":[{"id":19186,"href":"https:\/\/ceramica-ch.ch\/en\/wp-json\/wp\/v2\/pages\/14094\/revisions\/19186"}],"up":[{"embeddable":true,"href":"https:\/\/ceramica-ch.ch\/en\/wp-json\/wp\/v2\/pages\/13555"}],"wp:attachment":[{"href":"https:\/\/ceramica-ch.ch\/en\/wp-json\/wp\/v2\/media?parent=14094"}],"curies":[{"name":"wp","href":"https:\/\/api.w.org\/{rel}","templated":true}]}}