{"id":14100,"date":"2023-04-14T13:43:55","date_gmt":"2023-04-14T11:43:55","guid":{"rendered":"https:\/\/ceramica-ch.ch\/?page_id=14100"},"modified":"2023-12-01T15:45:22","modified_gmt":"2023-12-01T14:45:22","slug":"pottery-films","status":"publish","type":"page","link":"https:\/\/ceramica-ch.ch\/en\/links\/pottery-films\/","title":{"rendered":"Pottery films"},"content":{"rendered":"<p>Films co-funded by the CERAMICA Foundation in Basel:<\/p>\r\n<p>Rarely does one get the opportunity to look over a stove fitter\u2019s shoulder. That was why the CERAMICA Foundation in Basel was delighted to oblige when it was asked to co-fund the making of a documentary by Alex Hagmann about Walter Higy, Basel, and his work. The title of the film is \u201cDAS FEUER B\u00c4NDIGEN\u201d [Taming the Fire] and you can view it <a href=\"https:\/\/vimeo.com\/791928890\/23feb03374?ts=0\" target=\"_blank\" rel=\"noopener\">here<\/a>.<\/p>\r\n<p><iframe loading=\"lazy\" title=\"DAS FEUER B\u00c4NDIGEN\" src=\"https:\/\/player.vimeo.com\/video\/791928890?h=23feb03374&amp;dnt=1&amp;app_id=122963\" width=\"604\" height=\"340\" frameborder=\"0\" allow=\"autoplay; fullscreen; picture-in-picture; clipboard-write\"><\/iframe><\/p>\r\n<p>Films of other producers:<\/p>\r\n<p><strong>Ueli Kohler\u2019s workshop on film<\/strong><\/p>\r\n<p><iframe loading=\"lazy\" title=\"Portraitfilm - T\u00f6pferei Kohler Sch\u00fcpbach (Emmental)\" width=\"604\" height=\"340\" src=\"https:\/\/www.youtube.com\/embed\/J8gft5cdbOU?feature=oembed\" frameborder=\"0\" allow=\"accelerometer; autoplay; clipboard-write; encrypted-media; gyroscope; picture-in-picture; web-share\" referrerpolicy=\"strict-origin-when-cross-origin\" allowfullscreen><\/iframe><\/p>\r\n<p><a href=\"https:\/\/www.youtube.com\/watch?v=8qjZOrq08iA\" target=\"_blank\" rel=\"noopener\">A film about the creation of poured slip decoration (from minute 5:00)<\/a><\/p>\r\n<p><a href=\"https:\/\/www.youtube.com\/watch?v=_PyKDYCNzF4\" target=\"_blank\" rel=\"noopener\">Poured slip decoration in Ukraine<\/a><\/p>\r\n<p><a href=\"https:\/\/www.facebook.com\/watch\/?v=1405037679535104&amp;external_log_id=226b3e9de3e41f1d302343ea1626c014&amp;q=potteriet%20r%C3%B8ros\" target=\"_blank\" rel=\"noopener\">Film about chattered decoration<\/a><\/p>\r\n<p><a href=\"https:\/\/www.facebook.com\/potteriet.roros\/videos\/691004604282219\/\" target=\"_blank\" rel=\"noopener\">Film about chattered decoration<\/a><\/p>\r\n<p><a href=\"https:\/\/www.youtube.com\/watch?v=IuJIpKxqOfs\" target=\"_blank\" rel=\"noreferrer noopener\">Christian B\u00e9alu Expert, fa\u00efences et porcelaines anciennes<\/a><\/p>\r\n<!-- \/wp:post-content -->\r\n\r\n<!-- wp:paragraph -->\r\n<p><a href=\"https:\/\/www.youtube.com\/watch?v=_CLE4h0yXI4\" target=\"_blank\" rel=\"noreferrer noopener\">Collection napol\u00e9onienne de Pierre-Jean Chalen\u00e7on, Visites priv\u00e9es<\/a><\/p>\r\n<!-- \/wp:paragraph -->\r\n\r\n<!-- wp:paragraph -->\r\n<p><a href=\"https:\/\/www.youtube.com\/watch?v=yy28ojSuGCs\" target=\"_blank\" rel=\"noreferrer noopener\">De David Johnston \u00e0 Jules Vieillard, Bordeaux<\/a><\/p>\r\n<!-- \/wp:paragraph -->\r\n\r\n<!-- wp:paragraph -->\r\n<p><a href=\"https:\/\/www.youtube.com\/watch?v=B0p3y11U1MY\" target=\"_blank\" rel=\"noreferrer noopener\">D\u00e9cor de chasse sur la fa\u00efence et la porcelaine des 17e et 18e<\/a><\/p>\r\n<!-- \/wp:paragraph -->\r\n\r\n<!-- wp:paragraph -->\r\n<p><a href=\"https:\/\/www.youtube.com\/watch?v=JWYytvQpwWs\" target=\"_blank\" rel=\"noreferrer noopener\">Fa\u00efence de Quimper 300 ans de tradition<\/a><\/p>\r\n<!-- \/wp:paragraph -->\r\n\r\n<!-- wp:paragraph -->\r\n<p><a href=\"https:\/\/www.youtube.com\/watch?v=JQw3mCtl3rY\" target=\"_blank\" rel=\"noreferrer noopener\">Fa\u00efence de Quimper d&#8217;Andr\u00e9 Espern<\/a><\/p>\r\n<!-- \/wp:paragraph -->\r\n\r\n<!-- wp:paragraph -->\r\n<p><a href=\"https:\/\/www.youtube.com\/watch?v=H6Riq1VJvVI\" target=\"_blank\" rel=\"noreferrer noopener\">Fa\u00efences de Samadet Conf\u00e9rence Xavier Petitcol<\/a><\/p>\r\n<!-- \/wp:paragraph -->\r\n\r\n<!-- wp:paragraph -->\r\n<p><a href=\"https:\/\/www.youtube.com\/results?search_query=Marie-Pierre+ASQUIER+Restaurateur+de+fa%C3%AFence+et+de+porcelaine\" target=\"_blank\" rel=\"noreferrer noopener\">Marie-Pierre ASQUIER Restaurateur de fa\u00efence et de porcelaine<\/a><\/p>\r\n<!-- \/wp:paragraph -->\r\n\r\n<!-- wp:paragraph -->\r\n<p><a href=\"https:\/\/www.youtube.com\/watch?v=kFHpKjdSJG8\" target=\"_blank\" rel=\"noreferrer noopener\">Mus\u00e9e de la fa\u00efence Moustiers-Sainte-Marie<\/a><\/p>\r\n<!-- \/wp:paragraph -->\r\n\r\n<!-- wp:paragraph -->\r\n<p><a href=\"https:\/\/www.youtube.com\/watch?v=911wi8wBNIo\" target=\"_blank\" rel=\"noreferrer noopener\">Mus\u00e9e d\u00e9partemental de la fa\u00efence et des arts de la table \u00e0 Samadet<\/a><\/p>\r\n<!-- \/wp:paragraph -->\r\n\r\n<!-- wp:paragraph -->\r\n<p><a href=\"https:\/\/www.youtube.com\/watch?v=etOMIM1UDv8\" target=\"_blank\" rel=\"noreferrer noopener\">Porcelain exhibition Zwinger Palace Dresden<\/a><\/p>\r\n<!-- \/wp:paragraph -->\r\n\r\n<!-- wp:paragraph -->\r\n<p><a href=\"https:\/\/www.youtube.com\/watch?v=ut0wlg_N7iI\" target=\"_blank\" rel=\"noreferrer noopener\">Porcelaine de Limoges, Diff\u00e9rentes techniques de d\u00e9cor<\/a><\/p>\r\n<!-- \/wp:paragraph -->\r\n\r\n<!-- wp:paragraph -->\r\n<p><a href=\"https:\/\/www.youtube.com\/watch?v=UtIOE_ZeL4g\" target=\"_blank\" rel=\"noreferrer noopener\">Porcelaine de Limoges, l&#8217;excellence \u00e0 la fran\u00e7aise<\/a><\/p>\r\n<!-- \/wp:paragraph -->\r\n\r\n<!-- wp:paragraph -->\r\n<p><a href=\"https:\/\/www.youtube.com\/watch?v=uTOB0I6paRk\" target=\"_blank\" rel=\"noreferrer noopener\">Terre de fa\u00efence<\/a><\/p>\r\n<!-- \/wp:paragraph -->\r\n\r\n<!-- wp:paragraph -->\r\n<p><a href=\"https:\/\/www.toepfereimuseum.org\/videos\" target=\"_blank\" rel=\"noreferrer noopener\">Steinzeug-Museum Raeren<\/a><\/p>","protected":false},"excerpt":{"rendered":"<p>Films co-funded by the CERAMICA Foundation in Basel: Rarely does one get the opportunity to look over a stove fitter\u2019s shoulder. That was why the CERAMICA Foundation in Basel was delighted to oblige when it was asked to co-fund the making of a documentary by Alex Hagmann about Walter Higy, Basel, and his work. The &hellip; <a href=\"https:\/\/ceramica-ch.ch\/en\/links\/pottery-films\/\" class=\"more-link\">Continue reading <span class=\"screen-reader-text\">Pottery films<\/span> <span class=\"meta-nav\">&rarr;<\/span><\/a><\/p>\n","protected":false},"author":3,"featured_media":0,"parent":13555,"menu_order":0,"comment_status":"closed","ping_status":"closed","template":"","meta":{"footnotes":""},"class_list":["post-14100","page","type-page","status-publish","hentry"],"_links":{"self":[{"href":"https:\/\/ceramica-ch.ch\/en\/wp-json\/wp\/v2\/pages\/14100","targetHints":{"allow":["GET"]}}],"collection":[{"href":"https:\/\/ceramica-ch.ch\/en\/wp-json\/wp\/v2\/pages"}],"about":[{"href":"https:\/\/ceramica-ch.ch\/en\/wp-json\/wp\/v2\/types\/page"}],"author":[{"embeddable":true,"href":"https:\/\/ceramica-ch.ch\/en\/wp-json\/wp\/v2\/users\/3"}],"replies":[{"embeddable":true,"href":"https:\/\/ceramica-ch.ch\/en\/wp-json\/wp\/v2\/comments?post=14100"}],"version-history":[{"count":5,"href":"https:\/\/ceramica-ch.ch\/en\/wp-json\/wp\/v2\/pages\/14100\/revisions"}],"predecessor-version":[{"id":19070,"href":"https:\/\/ceramica-ch.ch\/en\/wp-json\/wp\/v2\/pages\/14100\/revisions\/19070"}],"up":[{"embeddable":true,"href":"https:\/\/ceramica-ch.ch\/en\/wp-json\/wp\/v2\/pages\/13555"}],"wp:attachment":[{"href":"https:\/\/ceramica-ch.ch\/en\/wp-json\/wp\/v2\/media?parent=14100"}],"curies":[{"name":"wp","href":"https:\/\/api.w.org\/{rel}","templated":true}]}}