{"id":1001,"date":"2018-08-13T11:01:49","date_gmt":"2018-08-13T09:01:49","guid":{"rendered":"https:\/\/culture-catalogweb.joanneum.at\/?page_id=1001"},"modified":"2023-10-18T08:49:06","modified_gmt":"2023-10-18T06:49:06","slug":"banques-de-donnees-visuelles-des-ceramiques-des-catalogues-dentreprises-es-des-recueils-de-formes-et-motifs","status":"publish","type":"page","link":"https:\/\/ceramica-ch.ch\/fr\/liens-utiles\/banques-de-donnees-visuelles-des-ceramiques-des-catalogues-dentreprises-es-des-recueils-de-formes-et-motifs\/","title":{"rendered":"Banques de donn\u00e9es visuelles des c\u00e9ramiques, des catalogues d&rsquo;entreprises et des recueils de formes et motifs"},"content":{"rendered":"<p><a href=\"https:\/\/www.rijksmuseum.nl\/en\/search\" target=\"_blank\" rel=\"noopener noreferrer\">Amsterdam, Rijksmuseum<\/a><\/p>\n<p><a href=\"https:\/\/www.hmb.ch\/sammlung\/collection\/keramik.html?no_cache=1&amp;cHash=00a694555395ffb0fe531b108d3c158b\" target=\"_blank\" rel=\"noopener noreferrer\">Basel, Historisches Museum (HMB)<\/a><\/p>\n<p><a href=\"https:\/\/www.kimweb.ch\/sammlungen\" target=\"_blank\" rel=\"noopener noreferrer\">Basel-Landschaft, Kulturg\u00fcterportal online<\/a><\/p>\n<p><a href=\"http:\/\/www.numeriques.be\/index.php?id=1&amp;no_cache=1&amp;tx_portailnumeriques_pi1%5Bview%5D=search_item_list&amp;tx_portailnumeriques_pi1%5Bsearch_filters%5D=%7B%22relations%22%3A%5B%7B%22id%22%3A%20%22peps%3AMAR-KER-CER%22%2C%20%22type%22%3A%22Collection%22%2C%20%22title%22%3A%20%22C%C3%A9ramique%22%7D%5D%7D\" target=\"_blank\" rel=\"noopener noreferrer\">Belgien, Images et histoires des patrimoines num\u00e9ris\u00e9s<\/a><\/p>\n<p><a href=\"https:\/\/webapps.fitzmuseum.cam.ac.uk\/explorer\/\" target=\"_blank\" rel=\"noopener noreferrer\">Cambridge, Fitzwilliam-Museum<\/a><\/p>\n<p><a href=\"https:\/\/raetischesmuseum.gr.ch\/de\/sammlung\/katalog\/Seiten\/Sammlung.aspx#?cmd=search&amp;searchExpression=*\" target=\"_blank\" rel=\"noopener noreferrer\">Chur, R\u00e4tisches Museum (RMC)<\/a><\/p>\n<p><a href=\"https:\/\/www.museum-digital.de\/\" target=\"_blank\" rel=\"noopener noreferrer\">Deutschland, Museum digital<\/a><\/p>\n<p><a href=\"https:\/\/skd-online-collection.skd.museum\/Home\/Index?page=1&amp;mIds=1231\" target=\"_blank\" rel=\"noopener noreferrer\">Dresden, Staatliche Kunstsammlungen<\/a><\/p>\n<p><a href=\"http:\/\/www.sifflets-en-terre-cuite.org\/\" target=\"_blank\" rel=\"noopener noreferrer\">Sifflet-Fl\u00f6tpfeifchen (Franz\u00f6sische Datenbank)<\/a><\/p>\n<p><a href=\"http:\/\/www2.culture.gouv.fr\/documentation\/joconde\/fr\/\" target=\"_blank\" rel=\"noopener noreferrer\">Frankreich, Staatliche Museen, Base Joconde<\/a><\/p>\n<p><a href=\"https:\/\/www.photo.rmn.fr\/C.aspx?VP3=CMS3&amp;VF=Home\" target=\"_blank\" rel=\"noopener noreferrer\">Frankreich, R\u00e9union des mus\u00e9es nationaux<\/a><\/p>\n<p><a href=\"http:\/\/www.guimet-grandidier.fr\/html\/4\/index\/index.htm\" target=\"_blank\" rel=\"noopener noreferrer\">Frankreich, Collection Grandidier (chinesische Keramik)<\/a><\/p>\n<p><a href=\"http:\/\/www.frenchporcelaine.com\" target=\"_blank\" rel=\"noopener noreferrer\">Frankreich, Porzellan<\/a><\/p>\n<p><a href=\"https:\/\/www.floridamuseum.ufl.edu\/histarch\/ceramic-types\/\" target=\"_blank\" rel=\"noopener noreferrer\">Gainesville, Florida Museum of Natural History &#8211; Digital Ceramic Type Collection<\/a><\/p>\n<p><a href=\"https:\/\/www.ville-ge.ch\/musinfo\/bd\/ariana\/collections\/\" target=\"_blank\" rel=\"noopener noreferrer\">Genf, Mus\u00e9e Ariana (MAG)<\/a><\/p>\n<p><a href=\"http:\/\/www.ville-ge.ch\/meg\/musinfo00.php?what=c%C3%A9ramique+amoudruz&amp;dpt=ETHEU&amp;debut=0&amp;bool=AND\" target=\"_blank\" rel=\"noopener noreferrer\">Genf, Mus\u00e9e d\u2019ethnographie, Sammlung Amoudruz Keramik aus Haute-Savoie (MEG)<\/a><\/p>\n<p><a href=\"http:\/\/iceramm.univ-tours.fr\/#\" target=\"_blank\" rel=\"noopener noreferrer\">IC\u00c9RAMM &#8211; Base de DonC\u00e9ramique M\u00e9di\u00e9vale et Moderne<\/a><\/p>\n<p><a href=\"http:\/\/www.lombardiabeniculturali.it\/opere-arte\/ricerca\/?tipologia=4&amp;autore=&amp;ambito=&amp;intestazione=&amp;materia=&amp;annop=&amp;annoa=&amp;provincia=&amp;comune=&amp;istituto=\" target=\"_blank\" rel=\"noopener noreferrer\">Italien-Lombardei<\/a><\/p>\n<p><a href=\"http:\/\/www.archivioceramica.com\/MARCHI\/marchi%20con%20disegni.htm\" target=\"_blank\" rel=\"noopener noreferrer\">Italien-Markenlisten<\/a><\/p>\n<p><a href=\"https:\/\/www.maiolicaitaliana.com\/\" target=\"_blank\" rel=\"noopener\">Italien-Maiolika<\/a><\/p>\n<p><a href=\"https:\/\/www.keramik-sammler.de\/?cat=1\" target=\"_blank\" rel=\"noopener\">Keramik-Sammler.de<\/a><\/p>\n<p><a href=\"http:\/\/davidmus.dk\/en\/collections\/islamic\/materials\/ceramics\/art\" target=\"_blank\" rel=\"noopener noreferrer\">Kopenhagen &#8211; The David Collection (Keramik Europa und Asien)<\/a><\/p>\n<p><a href=\"http:\/\/loerrach.iserver-online2.de\/rech.FAU?sid=583B3C181&amp;dm=1&amp;auft=0\" target=\"_blank\" rel=\"noopener noreferrer\">L\u00f6rrach, Dreil\u00e4ndermuseum-Sammlungsdatenbank<\/a><\/p>\n<p><a href=\"https:\/\/www.britishmuseum.org\/research\/collection_online\/search.aspx\" target=\"_blank\" rel=\"noopener noreferrer\">London, British Museum<\/a><\/p>\n<p><a href=\"http:\/\/collections.vam.ac.uk\/\" target=\"_blank\" rel=\"noopener noreferrer\">London, Victoria&amp;Albert Museum<\/a><\/p>\n<p><a href=\"http:\/\/www.getty.edu\/art\/collection\/\" target=\"_blank\" rel=\"noopener noreferrer\">Los Angeles, J. Paul Getty Museum (USA)<\/a><\/p>\n<p><a href=\"http:\/\/www.jefpat.org\/diagnostic\/Index.htm\" target=\"_blank\" rel=\"noopener noreferrer\">Maryland, Jefferson Patterson Park&amp;Museum-Diagnostic artifacts in Maryland<\/a><\/p>\n<p><a href=\"https:\/\/www.library.wisc.edu\/decorativearts\/images\/\" target=\"_blank\" rel=\"noopener noreferrer\">Milwaukee, Chipstone foundation<\/a><\/p>\n<p><a href=\"http:\/\/www.themintonarchive.org.uk\">Minton, Staffordshire, Archiv der Keramikmanufaktur<\/a><\/p>\n<p><a href=\"https:\/\/webmuseo.com\/ws\/musenor\/app\/collection\" target=\"_blank\" rel=\"noopener noreferrer\">Museen Nordfrankreich<\/a><\/p>\n<p><a href=\"https:\/\/webmuseo.com\/ws\/musees-regioncentre\/app\/collection\" target=\"_blank\" rel=\"noopener noreferrer\">Museen Zentralfrankreich<\/a><\/p>\n<p><a href=\"http:\/\/webmuseo.com\/ws\/musees-narbonne\/app\/collection\" target=\"_blank\" rel=\"noopener noreferrer\">Narbonne, Mus\u00e9e<\/a><\/p>\n<p><a href=\"https:\/\/www.metmuseum.org\/art\/collection\" target=\"_blank\" rel=\"noopener noreferrer\">New York, Metropolitain Museum of Art<\/a><\/p>\n<p><a href=\"https:\/\/www.philamuseum.org\/collections\/search.html\" target=\"_blank\" rel=\"noopener noreferrer\">Philadelphia Museum of Art (USA)<\/a><\/p>\n<p><a href=\"https:\/\/www.porcelainmarksandmore.com\/\" target=\"_blank\" rel=\"noopener noreferrer\">Porzellanmarken<\/a><\/p>\n<p><a href=\"https:\/\/www.boijmans.nl\/collectie\/kunstwerken\" target=\"_blank\" rel=\"noopener noreferrer\">Rotterdam, Museum Boijmans Van Beuningen<\/a><\/p>\n<p><a href=\"https:\/\/sammlung-online.salzburgmuseum.at\/suche\/collection\/ergebnisse?module=collection&amp;query=Keramik&amp;submit=suchen\" target=\"_blank\" rel=\"noopener noreferrer\">Salzburg Museum<\/a><\/p>\n<p><a href=\"https:\/\/collection.maas.museum\/\" target=\"_blank\" rel=\"noopener noreferrer\">Sydney, Museum of Applied Arts &amp; Sciences (Australien)<\/a><\/p>\n<p><a href=\"https:\/\/emuseum.gardinermuseum.com\/collections\/15117\/other-european-earthenware\/objects\" target=\"_blank\" rel=\"noopener noreferrer\">Toronto, Gardiner Museum<\/a><\/p>\n<p><a href=\"http:\/\/collection-online.moa.ubc.ca\/\" target=\"_blank\" rel=\"noopener noreferrer\">Vancouver, Museum of Anthropology (Kanada)<\/a><\/p>\n<p><a href=\"http:\/\/americanhistory.si.edu\/collections\" target=\"_blank\" rel=\"noopener noreferrer\">Washington D.C., National Museum of American History (Smithsonian, USA)<\/a><\/p>\n<p><a href=\"https:\/\/mesda.org\/lp\/collection\/ceramics\/\" target=\"_blank\" rel=\"noopener noreferrer\">Winston-Salem, Museum of Early Southern Decorative Arts (USA)<\/a><\/p>\n<p><a href=\"http:\/\/museumcollection.winterthur.org\/index_files\/index-Ceramics-catalog-20-1.html#.XLcOzjAzbn8\" target=\"_blank\" rel=\"noopener noreferrer\">Winterthur, Museum, Garden and Library (USA)<\/a><\/p>\n<p><a href=\"https:\/\/www.emuseum.ch\/collections\/90776\/keramik\">Z\u00fcrich, Hochschule der K\u00fcste (Kunstgewerbemuseum, ZHdK-KGS)<\/a><\/p>\n<p><a href=\"https:\/\/www.nationalmuseum.ch\/sammlung_online\/?lauftext=&amp;sID=14\" target=\"_blank\" rel=\"noopener noreferrer\">Z\u00fcrich, Schweizerisches Nationalmuseum (SNM)<\/a><\/p>\n<p><a href=\"http:\/\/www.keramikmuseum.ch\/\" target=\"_blank\" rel=\"noopener\">Z\u00fcrich, Keramikmuseum<\/a><\/p>\n","protected":false},"excerpt":{"rendered":"<p>Amsterdam, Rijksmuseum Basel, Historisches Museum (HMB) Basel-Landschaft, Kulturg\u00fcterportal online Belgien, Images et histoires des patrimoines num\u00e9ris\u00e9s Cambridge, Fitzwilliam-Museum Chur, R\u00e4tisches Museum (RMC) Deutschland, Museum digital Dresden, Staatliche Kunstsammlungen Sifflet-Fl\u00f6tpfeifchen (Franz\u00f6sische Datenbank) Frankreich, Staatliche Museen, Base Joconde Frankreich, R\u00e9union des mus\u00e9es nationaux Frankreich, Collection Grandidier (chinesische Keramik) Frankreich, Porzellan Gainesville, Florida Museum of Natural History &#8211; &hellip; <a href=\"https:\/\/ceramica-ch.ch\/fr\/liens-utiles\/banques-de-donnees-visuelles-des-ceramiques-des-catalogues-dentreprises-es-des-recueils-de-formes-et-motifs\/\" class=\"more-link\">Continuer la lecture de <span class=\"screen-reader-text\">Banques de donn\u00e9es visuelles des c\u00e9ramiques, des catalogues d&rsquo;entreprises et des recueils de formes et motifs<\/span> <span class=\"meta-nav\">&rarr;<\/span><\/a><\/p>\n","protected":false},"author":3,"featured_media":0,"parent":570,"menu_order":0,"comment_status":"closed","ping_status":"closed","template":"","meta":{"footnotes":""},"class_list":["post-1001","page","type-page","status-publish","hentry"],"_links":{"self":[{"href":"https:\/\/ceramica-ch.ch\/fr\/wp-json\/wp\/v2\/pages\/1001","targetHints":{"allow":["GET"]}}],"collection":[{"href":"https:\/\/ceramica-ch.ch\/fr\/wp-json\/wp\/v2\/pages"}],"about":[{"href":"https:\/\/ceramica-ch.ch\/fr\/wp-json\/wp\/v2\/types\/page"}],"author":[{"embeddable":true,"href":"https:\/\/ceramica-ch.ch\/fr\/wp-json\/wp\/v2\/users\/3"}],"replies":[{"embeddable":true,"href":"https:\/\/ceramica-ch.ch\/fr\/wp-json\/wp\/v2\/comments?post=1001"}],"version-history":[{"count":9,"href":"https:\/\/ceramica-ch.ch\/fr\/wp-json\/wp\/v2\/pages\/1001\/revisions"}],"predecessor-version":[{"id":18447,"href":"https:\/\/ceramica-ch.ch\/fr\/wp-json\/wp\/v2\/pages\/1001\/revisions\/18447"}],"up":[{"embeddable":true,"href":"https:\/\/ceramica-ch.ch\/fr\/wp-json\/wp\/v2\/pages\/570"}],"wp:attachment":[{"href":"https:\/\/ceramica-ch.ch\/fr\/wp-json\/wp\/v2\/media?parent=1001"}],"curies":[{"name":"wp","href":"https:\/\/api.w.org\/{rel}","templated":true}]}}