{"id":1004,"date":"2018-08-13T11:10:25","date_gmt":"2018-08-13T09:10:25","guid":{"rendered":"https:\/\/culture-catalogweb.joanneum.at\/?page_id=1004"},"modified":"2023-12-11T14:01:59","modified_gmt":"2023-12-11T13:01:59","slug":"musees-et-institutions-en-suisse-y-compris-les-partenaires-du-projet","status":"publish","type":"page","link":"https:\/\/ceramica-ch.ch\/fr\/liens-utiles\/musees-et-institutions-en-suisse-y-compris-les-partenaires-du-projet\/","title":{"rendered":"Mus\u00e9es et institutions en Suisse (y compris les partenaires du projet)"},"content":{"rendered":"<p><strong>Kanton Aargau<\/strong><\/p>\n<p><a href=\"https:\/\/www.museumaargau.ch\/fr\/chateau-de-lenzbourg\" target=\"_blank\" rel=\"noopener\">Schlossmuseum Lenzburg, Museen Aargau<\/a><\/p>\n<p><strong>Kanton Basel-Stadt<\/strong><\/p>\n<p><a href=\"http:\/\/www.hmb.ch\/sammlung\/collection\/keramik.html?no_cache=1&amp;cHash=00a694555395ffb0fe531b108d3c158b\">Historisches Museum Basel<\/a><\/p>\n<p><a href=\"https:\/\/www.mkb.ch\/de\/museum\/sammlung.html\">Museum der Kulturen, Basel\u00a0<\/a><\/p>\n<p><strong>Kanton Bern<\/strong><\/p>\n<p><a href=\"http:\/\/www.erz.be.ch\/erz\/de\/index\/kultur\/archaeologie.html\">ADB Arch\u00e4ologischer Dienst des Kantons Bern<\/a><\/p>\n<p><a href=\"http:\/\/www.bhm.ch\/de\/sammlungen\/historische-sammlung\/\">Bernisches Historisches Museum<\/a><\/p>\n<p><a href=\"http:\/\/mmbe.ch\/web\/content\/museum-kornhaus-wiedlisbach\">Museum im Kornhaus Wiedlisbach<\/a><\/p>\n<p><a href=\"http:\/\/www.museum-saanen.ch\">Museum der Landschaft Saanen<\/a><\/p>\n<p><a href=\"http:\/\/stiftung-hasenlehn.ch\/heimatmuseum\/\">Heimatmuseum Trubschachen, Stiftung Hasenlehn<\/a><\/p>\n<p><a href=\"https:\/\/www.regionalmuseum-langnau.ch\/\">Regionalmuseum Langnau im Emmental<\/a><\/p>\n<p><a href=\"https:\/\/schloss-burgdorf.ch\/museum\/sammlungen\/\">Rittersaalverein Burgdorf (fr\u00fcher Schlossmuseum Burgdorf)<\/a><\/p>\n<p><a href=\"http:\/\/www.sfgb-b.ch\/\">Schule f\u00fcr Gestaltung Bern und Biel<\/a><\/p>\n<p><a href=\"http:\/\/www.schlossthun.ch\/\">Schlossmuseum Thun<\/a><\/p>\n<p><strong>Kanton Freiburg<\/strong><\/p>\n<p><a href=\"http:\/\/www.musee-chateau-doex.ch\/de\/\">Mus\u00e9e du Vieux-Pays-d\u2019Enhaut, Ch\u00e2teau-d\u2019Oex<\/a><\/p>\n<p><a href=\"http:\/\/www.musee-gruerien.ch\/\">Mus\u00e9e gru\u00e9rien, Bulle<\/a><\/p>\n<p><strong>Kanton Genf<\/strong><\/p>\n<p><a href=\"http:\/\/institutions.ville-geneve.ch\/fr\/ariana\/\">Mus\u00e9e Ariana, Gen\u00e8ve<\/a><\/p>\n<p><strong>Kanton Graub\u00fcnden<\/strong><\/p>\n<p><a href=\"https:\/\/www.gr.ch\/DE\/institutionen\/verwaltung\/ekud\/afk\/adg\/ueberuns\/Seiten\/Willkommen.aspx\">Arch\u00e4ologischer Dienst Graub\u00fcnden<\/a><\/p>\n<p><a href=\"http:\/\/raetischesmuseum.gr.ch\/de\/Seiten\/welcome.aspx\">R\u00e4tisches Museum, Chur<\/a><\/p>\n<p><strong>Kanton Luzern<\/strong><\/p>\n<p><a href=\"https:\/\/www.hauszumdolder.ch\/\">Berom\u00fcnster, Haus zum Dolder<\/a><\/p>\n<p><a href=\"http:\/\/tintenfassmuseum.ch\/\">Tintenfassmuseum Adligenswil<\/a><\/p>\n<p><strong>Kanton Neuenburg<\/strong><\/p>\n<p><a href=\"http:\/\/www.eaa-la-chaux-de-fonds.ch\/fr\/news.html\">\u00c9cole d\u2019arts appliqu\u00e9s, La Chaux-de-Fonds<\/a><\/p>\n<p><a href=\"http:\/\/latenium.ch\/de\/\">Parc et mus\u00e9e d\u2019arch\u00e9ologie, Hauterive-Neuch\u00e2tel<\/a><\/p>\n<p><a href=\"http:\/\/www.mahn.ch\/\">Mus\u00e9e d\u2019art et d\u2019histoire, Neuch\u00e2tel<\/a><\/p>\n<p><a href=\"http:\/\/www.chaux-de-fonds.ch\/musees\/mba\">Mus\u00e9e des beaux-arts, La Chaux-de-Fonds<\/a><\/p>\n<p><a href=\"http:\/\/www.men.ch\/fr\/accueil\/\">Mus\u00e9e d\u2019ethnographie, Neuch\u00e2tel<\/a><\/p>\n<p><a href=\"http:\/\/www.lesmoulins.ch\/collections\/\">Mus\u00e9e d\u2019histoire et Moulins souterrains, Le Locle<\/a><\/p>\n<p><a href=\"http:\/\/www.chaux-de-fonds.ch\/musees\/mh\">Mus\u00e9e d\u2019histoire, La Chaux-de-Fonds<\/a><\/p>\n<p><a href=\"https:\/\/www.mls1880.ch\/\">Mus\u00e9e r\u00e9gional, La Sagne<\/a><\/p>\n<p><a href=\"http:\/\/www.chaux-de-fonds.ch\/musees\/mpa\">Mus\u00e9e paysan et artisanal, La Chaux-de-Fonds<\/a><\/p>\n<p><a href=\"http:\/\/M\u00f4tiers\u00a0 https:\/\/mrvt.ch\/le-musee\">Mus\u00e9e r\u00e9gional d\u2019histoire et d\u2019artisanat du Val-de-Travers<\/a><\/p>\n<p><a href=\"http:\/\/chateau-de-valangin.ch\/\">Ch\u00e2teau et Mus\u00e9e de Valangin\u00a0<\/a><\/p>\n<p><strong>Kanton Solothurn<\/strong><\/p>\n<p><a href=\"http:\/\/www.museum-alt-falkenstein.ch\/\">Heimatmuseum Schloss Alt-Falkenstein, Balsthal<\/a><\/p>\n<p><a href=\"http:\/\/www.halten.ch\/de\/tourismus\/turmhalten\/\">Heimatmuseum Wasseramt, Turm in Halten<\/a><\/p>\n<p><a href=\"https:\/\/museumblumenstein.ch\/\">Historisches Museum Blumenstein, Solothurn\u00a0<\/a><\/p>\n<p><a href=\"http:\/\/www.historischesmuseum-olten.ch\/de\/\">Historisches Museum Olten<\/a><\/p>\n<p><a href=\"https:\/\/www.so.ch\/verwaltung\/bau-und-justizdepartement\/amt-fuer-denkmalpflege-und-archaeologie\/archaeologie\/\">Kantonsarch\u00e4ologie Solothurn<\/a><\/p>\n<p><a href=\"http:\/\/www.matzendorfer-keramik.ch\/\">Keramikmuseum Matzendorf<\/a><a href=\"http:\/\/www.museumgrenchen.ch\/\">\u00a0\u00a0<\/a><\/p>\n<p><a href=\"http:\/\/www.museumgrenchen.ch\/\">Kultur-Historisches Museum, Grenchen\u00a0 <\/a><\/p>\n<p><a href=\"https:\/\/www.museum-balsthal.ch\/\">Museum BalsThal, Balsthal<\/a><\/p>\n<p><a href=\"https:\/\/www.museums.ch\/org\/de\/Keramikmuseum-und-Maria-Felchlin-Sammlung\">Sammlung Maria Felchlin, Matzendorf\u00a0<\/a><\/p>\n<p><strong>Kanton St. Gallen<\/strong><\/p>\n<p><a href=\"http:\/\/www.hmsg.ch\/\">Historisches und V\u00f6lkerkundemuseum Sankt Gallen<\/a><\/p>\n<p><a href=\"http:\/\/toggenburgermuseum.ch\/\">Toggenburg-Museum Lichtensteig<\/a><\/p>\n<p><strong>Kanton Thurgau<\/strong><\/p>\n<p><a href=\"https:\/\/historisches-museum.tg.ch\/\">Historisches Museum des Thurgaus, Frauenfeld<\/a><\/p>\n<p><strong>Kanton Waadt<\/strong><\/p>\n<p><a href=\"https:\/\/www.nyon.ch\/fr\/officiel\/archives\/\">Archives communales, Nyon<\/a><\/p>\n<p><a href=\"http:\/\/www.mcah.ch\/accueil\/\">Mus\u00e9e cantonal d\u2019arch\u00e9ologie et d\u2019histoire, Lausanne<\/a><\/p>\n<p><a href=\"http:\/\/www.chateaudenyon.ch\/fr\/page\/le-musee-7\">Mus\u00e9e historique et des porcelaines, Nyon<\/a><\/p>\n<p><a href=\"https:\/\/www.museeduleman.ch\/fr\/\">Mus\u00e9e du L\u00e9man, Nyon<\/a><\/p>\n<p><strong>Kanton Z\u00fcrich<\/strong><\/p>\n<p><a href=\"https:\/\/www.gewerbemuseum.ch\/\">Gewerbemuseum Winterthur<\/a><\/p>\n<p><a href=\"https:\/\/www.nationalmuseum.ch\/d\/\">Schweizerisches Nationalmuseum, Z\u00fcrich<\/a><\/p>\n<p><a href=\"https:\/\/museum-gestaltung.ch\/de\/\">Z\u00fcrcher Hochschule der K\u00fcnste-Museum f\u00fcr Gestaltung<\/a><\/p>\n","protected":false},"excerpt":{"rendered":"<p>Kanton Aargau Schlossmuseum Lenzburg, Museen Aargau Kanton Basel-Stadt Historisches Museum Basel Museum der Kulturen, Basel\u00a0 Kanton Bern ADB Arch\u00e4ologischer Dienst des Kantons Bern Bernisches Historisches Museum Museum im Kornhaus Wiedlisbach Museum der Landschaft Saanen Heimatmuseum Trubschachen, Stiftung Hasenlehn Regionalmuseum Langnau im Emmental Rittersaalverein Burgdorf (fr\u00fcher Schlossmuseum Burgdorf) Schule f\u00fcr Gestaltung Bern und Biel Schlossmuseum Thun &hellip; <a href=\"https:\/\/ceramica-ch.ch\/fr\/liens-utiles\/musees-et-institutions-en-suisse-y-compris-les-partenaires-du-projet\/\" class=\"more-link\">Continuer la lecture de <span class=\"screen-reader-text\">Mus\u00e9es et institutions en Suisse (y compris les partenaires du projet)<\/span> <span class=\"meta-nav\">&rarr;<\/span><\/a><\/p>\n","protected":false},"author":3,"featured_media":0,"parent":570,"menu_order":0,"comment_status":"closed","ping_status":"closed","template":"","meta":{"footnotes":""},"class_list":["post-1004","page","type-page","status-publish","hentry"],"_links":{"self":[{"href":"https:\/\/ceramica-ch.ch\/fr\/wp-json\/wp\/v2\/pages\/1004","targetHints":{"allow":["GET"]}}],"collection":[{"href":"https:\/\/ceramica-ch.ch\/fr\/wp-json\/wp\/v2\/pages"}],"about":[{"href":"https:\/\/ceramica-ch.ch\/fr\/wp-json\/wp\/v2\/types\/page"}],"author":[{"embeddable":true,"href":"https:\/\/ceramica-ch.ch\/fr\/wp-json\/wp\/v2\/users\/3"}],"replies":[{"embeddable":true,"href":"https:\/\/ceramica-ch.ch\/fr\/wp-json\/wp\/v2\/comments?post=1004"}],"version-history":[{"count":3,"href":"https:\/\/ceramica-ch.ch\/fr\/wp-json\/wp\/v2\/pages\/1004\/revisions"}],"predecessor-version":[{"id":19138,"href":"https:\/\/ceramica-ch.ch\/fr\/wp-json\/wp\/v2\/pages\/1004\/revisions\/19138"}],"up":[{"embeddable":true,"href":"https:\/\/ceramica-ch.ch\/fr\/wp-json\/wp\/v2\/pages\/570"}],"wp:attachment":[{"href":"https:\/\/ceramica-ch.ch\/fr\/wp-json\/wp\/v2\/media?parent=1004"}],"curies":[{"name":"wp","href":"https:\/\/api.w.org\/{rel}","templated":true}]}}