{"id":17835,"date":"2023-07-16T17:51:50","date_gmt":"2023-07-16T15:51:50","guid":{"rendered":"https:\/\/ceramica-ch.ch\/?page_id=17835"},"modified":"2023-07-16T17:51:50","modified_gmt":"2023-07-16T15:51:50","slug":"16-juli-2023","status":"publish","type":"page","link":"https:\/\/ceramica-ch.ch\/fr\/16-juli-2023\/","title":{"rendered":"16. Juli 2023"},"content":{"rendered":"<p><img loading=\"lazy\" decoding=\"async\" class=\"alignnone wp-image-16017 size-full\" src=\"https:\/\/ceramica-ch.ch\/wp-content\/uploads\/Heimberg_ToepfereiFritzHaenni_05-scaled.jpg\" alt=\"\" width=\"2560\" height=\"1830\" srcset=\"https:\/\/ceramica-ch.ch\/wp-content\/uploads\/Heimberg_ToepfereiFritzHaenni_05-scaled.jpg 2560w, https:\/\/ceramica-ch.ch\/wp-content\/uploads\/Heimberg_ToepfereiFritzHaenni_05-300x214.jpg 300w, https:\/\/ceramica-ch.ch\/wp-content\/uploads\/Heimberg_ToepfereiFritzHaenni_05-1024x732.jpg 1024w, https:\/\/ceramica-ch.ch\/wp-content\/uploads\/Heimberg_ToepfereiFritzHaenni_05-768x549.jpg 768w, https:\/\/ceramica-ch.ch\/wp-content\/uploads\/Heimberg_ToepfereiFritzHaenni_05-1536x1098.jpg 1536w, https:\/\/ceramica-ch.ch\/wp-content\/uploads\/Heimberg_ToepfereiFritzHaenni_05-2048x1464.jpg 2048w\" sizes=\"auto, (max-width: 2560px) 100vw, 2560px\" \/><\/p>\n<p>Qualit\u00e4tvolle Keramikinventarisation braucht qualit\u00e4tvolle Grundlagen! Stolz pr\u00e4sentieren wir die genealogischen Daten zu allen bekannten Hafnern in den Gemeinden Heimberg und Steffisburg sowie die Lage und die Besitzverh\u00e4ltnisse der T\u00f6pfereigrundst\u00fccke. Andreas Kistler aus B\u00e4riswil hat mehrere Jahre an dieser grundlegenden, archivalienbasierten Zusammenstellung gearbeitet und \u00fcbergibt sie hiermit der interessierten \u00d6ffentlichkeit. Herzlichen Dank f\u00fcr die herausragende Freiwilligenarbeit, lieber Andreas!<\/p>\n<p>https:\/\/ceramica-ch.ch\/glossary\/heimberg-steffisburg-be-liste-der-toepfergrundstuecke\/#q=*%3A*<\/p>\n<p>https:\/\/ceramica-ch.ch\/glossary\/heimberg-steffisburg-liste-der-hafnerfamilien\/#q=*%3A*<\/p>\n<p>Das was die Heimberger und Steffisburger Hafner zwischen etwa 1780 und 1950 herstellten, kann man <a href=\"https:\/\/ceramica-ch.ch\/katalog\/#fq=herstellungsort%3AHeimberg-Steffisburg&amp;q=*%3A*\" target=\"_blank\" rel=\"noopener\">hier<\/a> bewundern.<\/p>\n","protected":false},"excerpt":{"rendered":"<p>Qualit\u00e4tvolle Keramikinventarisation braucht qualit\u00e4tvolle Grundlagen! Stolz pr\u00e4sentieren wir die genealogischen Daten zu allen bekannten Hafnern in den Gemeinden Heimberg und Steffisburg sowie die Lage und die Besitzverh\u00e4ltnisse der T\u00f6pfereigrundst\u00fccke. Andreas Kistler aus B\u00e4riswil hat mehrere Jahre an dieser grundlegenden, archivalienbasierten Zusammenstellung gearbeitet und \u00fcbergibt sie hiermit der interessierten \u00d6ffentlichkeit. Herzlichen Dank f\u00fcr die herausragende Freiwilligenarbeit, &hellip; <a href=\"https:\/\/ceramica-ch.ch\/fr\/16-juli-2023\/\" class=\"more-link\">Continuer la lecture de <span class=\"screen-reader-text\">16. Juli 2023<\/span> <span class=\"meta-nav\">&rarr;<\/span><\/a><\/p>\n","protected":false},"author":3,"featured_media":0,"parent":0,"menu_order":0,"comment_status":"closed","ping_status":"closed","template":"","meta":{"footnotes":""},"class_list":["post-17835","page","type-page","status-publish","hentry"],"_links":{"self":[{"href":"https:\/\/ceramica-ch.ch\/fr\/wp-json\/wp\/v2\/pages\/17835","targetHints":{"allow":["GET"]}}],"collection":[{"href":"https:\/\/ceramica-ch.ch\/fr\/wp-json\/wp\/v2\/pages"}],"about":[{"href":"https:\/\/ceramica-ch.ch\/fr\/wp-json\/wp\/v2\/types\/page"}],"author":[{"embeddable":true,"href":"https:\/\/ceramica-ch.ch\/fr\/wp-json\/wp\/v2\/users\/3"}],"replies":[{"embeddable":true,"href":"https:\/\/ceramica-ch.ch\/fr\/wp-json\/wp\/v2\/comments?post=17835"}],"version-history":[{"count":1,"href":"https:\/\/ceramica-ch.ch\/fr\/wp-json\/wp\/v2\/pages\/17835\/revisions"}],"predecessor-version":[{"id":17836,"href":"https:\/\/ceramica-ch.ch\/fr\/wp-json\/wp\/v2\/pages\/17835\/revisions\/17836"}],"wp:attachment":[{"href":"https:\/\/ceramica-ch.ch\/fr\/wp-json\/wp\/v2\/media?parent=17835"}],"curies":[{"name":"wp","href":"https:\/\/api.w.org\/{rel}","templated":true}]}}