{"id":2235,"date":"2019-05-16T13:37:54","date_gmt":"2019-05-16T11:37:54","guid":{"rendered":"https:\/\/culture-catalogweb.joanneum.at\/?page_id=2235"},"modified":"2023-09-18T10:10:10","modified_gmt":"2023-09-18T08:10:10","slug":"musees-europeennes-de-la-ceramique","status":"publish","type":"page","link":"https:\/\/ceramica-ch.ch\/fr\/liens-utiles\/musees-europeennes-de-la-ceramique\/","title":{"rendered":"Mus\u00e9es europ\u00e9ens de la c\u00e9ramique"},"content":{"rendered":"\r\n<p><strong>Italien<\/strong><\/p>\r\n\r\n\r\n\r\n<p><a href=\"http:\/\/www.ascolimusei.it\/_museoceramica\/\" target=\"_blank\" rel=\"noreferrer noopener\" aria-label=\"Ascoli Piceno -Museo dell\u2019Arte Ceramica di Ascoli Piceno (\u00f6ffnet in neuem Tab)\">Ascoli Piceno -Museo dell\u2019Arte Ceramica di Ascoli Piceno<\/a><\/p>\r\n\r\n\r\n\r\n<p><a href=\"http:\/\/www.albissola.com\/MuseoTrucco.htm\" target=\"_blank\" rel=\"noreferrer noopener\" aria-label=\"Albisola Superiore - Museo della Ceramica Manlio Trucco (\u00f6ffnet in neuem Tab)\">Albisola Superiore &#8211; Museo della Ceramica Manlio Trucco<\/a><\/p>\r\n\r\n\r\n\r\n<p><a href=\"http:\/\/www.muceb.it\" target=\"_blank\" rel=\"noreferrer noopener\" aria-label=\"Burgio - MUCEB - Museo Civico della Ceramica (\u00f6ffnet in neuem Tab)\">Burgio &#8211; MUCEB &#8211; Museo Civico della Ceramica<\/a><\/p>\r\n\r\n\r\n\r\n<p>C<a href=\"http:\/\/www.chinimuseo.it\/\" target=\"_blank\" rel=\"noreferrer noopener\" aria-label=\"hini - Museo Chini (\u00f6ffnet in neuem Tab)\">hini &#8211; Museo Chini<\/a><\/p>\r\n\r\n\r\n\r\n<p><a href=\"http:\/\/www.civitacastellana.it\/ceramica\/index.htm\" target=\"_blank\" rel=\"noreferrer noopener\" aria-label=\"Civita Castellana - \r\nMuseo della Ceramica &quot;Casimiro Marcantoni&quot; (\u00f6ffnet in neuem Tab)\">Civita Castellana &#8211; Museo della Ceramica \u00ab\u00a0Casimiro Marcantoni\u00a0\u00bb<\/a><strong>\u00a0<\/strong><\/p>\r\n\r\n\r\n\r\n<p><a href=\"https:\/\/www.museoceramicadideruta.it\/\" target=\"_blank\" rel=\"noreferrer noopener\" aria-label=\"Deruta - Museo Regionale della Ceramica di Deruta (\u00f6ffnet in neuem Tab)\">Deruta &#8211; Museo Regionale della Ceramica di Deruta<\/a><\/p>\r\n\r\n\r\n\r\n<p><a href=\"http:\/\/www.micfaenza.org\/en\/\" target=\"_blank\" rel=\"noreferrer noopener\" aria-label=\"Museo Internazionale della Ceramica di Faenza (\u00f6ffnet in neuem Tab)\">Faenza &#8211; Museo Internazionale della Ceramica di Faenza<\/a><\/p>\r\n\r\n\r\n\r\n<p><a href=\"https:\/\/www.fioranoturismo.it\/it\/ceramica\/museo-della-ceramica\" target=\"_blank\" rel=\"noreferrer noopener\" aria-label=\"Fiorano Modenese - Museo della Ceramica di Fiorano Modenese (\u00f6ffnet in neuem Tab)\">Fiorano Modenese &#8211; Museo della Ceramica di Fiorano Modenese<\/a><\/p>\r\n\r\n\r\n\r\n<p><a href=\"http:\/\/www.piccoligrandimusei.it\/blog\/portfolio_page\/museo-delle-porcellane\" target=\"_blank\" rel=\"noreferrer noopener\" aria-label=\"Florenz- Museo delle Porcellane di Palazzo Pitti (\u00f6ffnet in neuem Tab)\">Florenz- Museo delle Porcellane di Palazzo Pitti<\/a><\/p>\r\n\r\n\r\n\r\n<p><a href=\"https:\/\/comunegrottaglie.it\/museo\/it\/\" target=\"_blank\" rel=\"noreferrer noopener\" aria-label=\"Grottaglie - Museo della Ceramica di Grottaglie (\u00f6ffnet in neuem Tab)\">Grottaglie &#8211; Museo della Ceramica di Grottaglie<\/a><\/p>\r\n\r\n\r\n\r\n<p><a href=\"http:\/\/www.roccaflea.com\" target=\"_blank\" rel=\"noreferrer noopener\" aria-label=\"Gualdo Tadino - Museo Civico Rocca Flea (\u00f6ffnet in neuem Tab)\">Gualdo Tadino &#8211; Museo Civico Rocca Flea<\/a><\/p>\r\n\r\n\r\n\r\n<p><a href=\"http:\/\/www.comune.gubbio.pg.it\/turismo\/museo-civico-di-palazzo-dei-consoli\" target=\"_blank\" rel=\"noreferrer noopener\" aria-label=\"Gubbio - Museo Comunale di Gubbio (\u00f6ffnet in neuem Tab)\">Gubbio &#8211; Museo Comunale di Gubbio<\/a><strong>\u00a0<\/strong><\/p>\r\n\r\n\r\n\r\n<p><a href=\"http:\/\/www.midec.org\" target=\"_blank\" rel=\"noreferrer noopener\" aria-label=\"Laveno Mombello -Museo Internazionale Design Ceramico di Cerro (\u00f6ffnet in neuem Tab)\">Laveno Mombello &#8211; Museo Internazionale Design Ceramico di Cerro<\/a><\/p>\r\n\r\n\r\n\r\n<p><a href=\"http:\/\/museilodi.it\/site\/realta-museali\/museo-civico-lodi\/\" target=\"_blank\" rel=\"noreferrer noopener\" aria-label=\"Lodi - Museo Civico di Lodi (\u00f6ffnet in neuem Tab)\">Lodi &#8211; Museo Civico di Lodi<\/a><\/p>\r\n\r\n\r\n\r\n<p><a href=\"http:\/\/www.museoceramicamondovi.it\/index.php\" target=\"_blank\" rel=\"noreferrer noopener\" aria-label=\"Mondovi - Museo della Ceramica (\u00f6ffnet in neuem Tab)\">Mondovi &#8211; Museo della Ceramica<\/a><\/p>\r\n\r\n\r\n\r\n<p><a href=\"https:\/\/www.museomontelupo.it\/\" target=\"_blank\" rel=\"noreferrer noopener\" aria-label=\"Montelupo - Museo della Ceramica di Montelupo (\u00f6ffnet in neuem Tab)\">Montelupo &#8211; Museo della Ceramica di Montelupo<\/a><\/p>\r\n\r\n\r\n\r\n<p><a href=\"http:\/\/www.polomusealecampania.beniculturali.it\/index.php\/il-museo\" target=\"_blank\" rel=\"noreferrer noopener\" aria-label=\"Neapel - Museo Duca Di Martina di Villa Floridiana (\u00f6ffnet in neuem Tab)\">Neapel &#8211; Museo Duca Di Martina di Villa Floridiana<\/a><\/p>\r\n\r\n\r\n\r\n<p><a href=\"http:\/\/www.ceramics.it\/museo.nove\/index_it.html\" target=\"_blank\" rel=\"noreferrer noopener\" aria-label=\"Nove - Museo della Ceramica di Nove (\u00f6ffnet in neuem Tab)\">Nove &#8211; Museo della Ceramica di Nove<\/a><\/p>\r\n\r\n\r\n\r\n<p><a href=\"http:\/\/www.museopaparelladevlet.com\/galleria\/collezione-permanente.html\" target=\"_blank\" rel=\"noreferrer noopener\" aria-label=\"Pescara - Museo Villa Urania  (\u00f6ffnet in neuem Tab)\">Pescara &#8211; Museo Villa Urania <\/a><\/p>\r\n\r\n\r\n\r\n<p><a href=\"http:\/\/www.museodellaceramica.savona.it\" target=\"_blank\" rel=\"noreferrer noopener\" aria-label=\"Savona -  Museo della Ceramica di Savona (\u00f6ffnet in neuem Tab)\">Savona &#8211; Museo della Ceramica di Savona<\/a><\/p>\r\n\r\n\r\n\r\n<p><a href=\"http:\/\/www.museodellaceramicadellatuscia.it\/\" target=\"_blank\" rel=\"noreferrer noopener\" aria-label=\"Viterbo - Museo della Ceramica della Tuscia (\u00f6ffnet in neuem Tab)\">Viterbo &#8211; Museo della Ceramica della Tuscia<\/a><\/p>\r\n","protected":false},"excerpt":{"rendered":"<p>Italien Ascoli Piceno -Museo dell\u2019Arte Ceramica di Ascoli Piceno Albisola Superiore &#8211; Museo della Ceramica Manlio Trucco Burgio &#8211; MUCEB &#8211; Museo Civico della Ceramica Chini &#8211; Museo Chini Civita Castellana &#8211; Museo della Ceramica \u00ab\u00a0Casimiro Marcantoni\u00a0\u00bb\u00a0 Deruta &#8211; Museo Regionale della Ceramica di Deruta Faenza &#8211; Museo Internazionale della Ceramica di Faenza Fiorano Modenese &hellip; <a href=\"https:\/\/ceramica-ch.ch\/fr\/liens-utiles\/musees-europeennes-de-la-ceramique\/\" class=\"more-link\">Continuer la lecture de <span class=\"screen-reader-text\">Mus\u00e9es europ\u00e9ens de la c\u00e9ramique<\/span> <span class=\"meta-nav\">&rarr;<\/span><\/a><\/p>\n","protected":false},"author":3,"featured_media":0,"parent":570,"menu_order":0,"comment_status":"closed","ping_status":"closed","template":"","meta":{"footnotes":""},"class_list":["post-2235","page","type-page","status-publish","hentry"],"_links":{"self":[{"href":"https:\/\/ceramica-ch.ch\/fr\/wp-json\/wp\/v2\/pages\/2235","targetHints":{"allow":["GET"]}}],"collection":[{"href":"https:\/\/ceramica-ch.ch\/fr\/wp-json\/wp\/v2\/pages"}],"about":[{"href":"https:\/\/ceramica-ch.ch\/fr\/wp-json\/wp\/v2\/types\/page"}],"author":[{"embeddable":true,"href":"https:\/\/ceramica-ch.ch\/fr\/wp-json\/wp\/v2\/users\/3"}],"replies":[{"embeddable":true,"href":"https:\/\/ceramica-ch.ch\/fr\/wp-json\/wp\/v2\/comments?post=2235"}],"version-history":[{"count":3,"href":"https:\/\/ceramica-ch.ch\/fr\/wp-json\/wp\/v2\/pages\/2235\/revisions"}],"predecessor-version":[{"id":18082,"href":"https:\/\/ceramica-ch.ch\/fr\/wp-json\/wp\/v2\/pages\/2235\/revisions\/18082"}],"up":[{"embeddable":true,"href":"https:\/\/ceramica-ch.ch\/fr\/wp-json\/wp\/v2\/pages\/570"}],"wp:attachment":[{"href":"https:\/\/ceramica-ch.ch\/fr\/wp-json\/wp\/v2\/media?parent=2235"}],"curies":[{"name":"wp","href":"https:\/\/api.w.org\/{rel}","templated":true}]}}