{"id":568,"date":"2018-04-13T10:58:17","date_gmt":"2018-04-13T08:58:17","guid":{"rendered":"https:\/\/culture-catalogweb.joanneum.at\/?page_id=568"},"modified":"2024-11-23T16:43:08","modified_gmt":"2024-11-23T15:43:08","slug":"kontakt","status":"publish","type":"page","link":"https:\/\/ceramica-ch.ch\/fr\/kontakt\/","title":{"rendered":"Contacts"},"content":{"rendered":"<p><strong>Fondation CERAMICA B\u00e2le<br \/>\n<\/strong><strong>St. Jakobs-Strasse 7<br \/>\n<\/strong><strong>Case postale 2879<br \/>\n<\/strong><strong>4002 B\u00e2le<br \/>\n<\/strong><strong>Suisse<\/strong><\/p>\n<p><strong>Veuillez svp adresser toutes vos demandes \u00e0 la Fondation CERAMICA exclusivement par courrier postal \u00e0 l&rsquo;adresse ci-dessus !<\/strong><\/p>\n<p><strong>Les demandes de renseignements concernant le contenu de cette page d&rsquo;accueil doivent \u00eatre adress\u00e9es \u00e0 :\u00a0<\/strong>info (at) keramik-der-schweiz.ch<\/p>\n<p>Veuillez prendre en consid\u00e9ration que :<\/p>\n<ul>\n<li>Toutes les requ\u00eates doivent nous parvenir en allemand, en anglais ou en fran\u00e7ais.<\/li>\n<li>Seules les requ\u00eates portant le nom complet et l&rsquo;adresse du solliciteur seront prises en consid\u00e9ration.<\/li>\n<li>Pour toute question concernant les droits sur les images, veuillez contacter directement les institutions ou les mus\u00e9es concern\u00e9s.<\/li>\n<li>Si vous avez remarqu\u00e9 de graves erreurs de contenu dans nos descriptifs d\u2019objets (date, r\u00e9gion de production, lieu de fabrication, fabricant), nous serions heureux de recevoir de votre part une note accompagn\u00e9e des documents et r\u00e9f\u00e9rences \u00e9tayant vos remarques. Dans la mesure du possible, nous nous efforcerons de corriger les erreurs relev\u00e9es.<\/li>\n<li><strong>Nous ne nous pronon\u00e7ons pas sur la valeur commerciale des objets.<\/strong> Pour des informations de ce type, veuillez contacter des marchands sp\u00e9cialis\u00e9s ou des maisons de ventes aux ench\u00e8res.<\/li>\n<\/ul>\n","protected":false},"excerpt":{"rendered":"<p>Fondation CERAMICA B\u00e2le St. Jakobs-Strasse 7 Case postale 2879 4002 B\u00e2le Suisse Veuillez svp adresser toutes vos demandes \u00e0 la Fondation CERAMICA exclusivement par courrier postal \u00e0 l&rsquo;adresse ci-dessus ! Les demandes de renseignements concernant le contenu de cette page d&rsquo;accueil doivent \u00eatre adress\u00e9es \u00e0 :\u00a0info (at) keramik-der-schweiz.ch Veuillez prendre en consid\u00e9ration que : Toutes &hellip; <a href=\"https:\/\/ceramica-ch.ch\/fr\/kontakt\/\" class=\"more-link\">Continuer la lecture de <span class=\"screen-reader-text\">Contacts<\/span> <span class=\"meta-nav\">&rarr;<\/span><\/a><\/p>\n","protected":false},"author":3,"featured_media":0,"parent":0,"menu_order":0,"comment_status":"closed","ping_status":"closed","template":"","meta":{"footnotes":""},"class_list":["post-568","page","type-page","status-publish","hentry"],"_links":{"self":[{"href":"https:\/\/ceramica-ch.ch\/fr\/wp-json\/wp\/v2\/pages\/568","targetHints":{"allow":["GET"]}}],"collection":[{"href":"https:\/\/ceramica-ch.ch\/fr\/wp-json\/wp\/v2\/pages"}],"about":[{"href":"https:\/\/ceramica-ch.ch\/fr\/wp-json\/wp\/v2\/types\/page"}],"author":[{"embeddable":true,"href":"https:\/\/ceramica-ch.ch\/fr\/wp-json\/wp\/v2\/users\/3"}],"replies":[{"embeddable":true,"href":"https:\/\/ceramica-ch.ch\/fr\/wp-json\/wp\/v2\/comments?post=568"}],"version-history":[{"count":11,"href":"https:\/\/ceramica-ch.ch\/fr\/wp-json\/wp\/v2\/pages\/568\/revisions"}],"predecessor-version":[{"id":20523,"href":"https:\/\/ceramica-ch.ch\/fr\/wp-json\/wp\/v2\/pages\/568\/revisions\/20523"}],"wp:attachment":[{"href":"https:\/\/ceramica-ch.ch\/fr\/wp-json\/wp\/v2\/media?parent=568"}],"curies":[{"name":"wp","href":"https:\/\/api.w.org\/{rel}","templated":true}]}}