{"id":621,"date":"2018-04-13T11:49:47","date_gmt":"2018-04-13T09:49:47","guid":{"rendered":"https:\/\/culture-catalogweb.joanneum.at\/?page_id=621"},"modified":"2018-08-13T10:51:30","modified_gmt":"2018-08-13T08:51:30","slug":"informations-pratiques","status":"publish","type":"page","link":"https:\/\/ceramica-ch.ch\/fr\/informations-pratiques\/","title":{"rendered":"Informations pratiques"},"content":{"rendered":"<p>Depuis 1954, la Fondation CERAMICA se consacre \u00e0 la promotion de la recherche en histoire de l&rsquo;art dans le domaine de la c\u00e9ramique, essentiellement \u00e0 travers des aides \u00e0 la publication. En 2009, elle a lanc\u00e9 le projet de publication \u00abCERAMICA CH\u00bb dans le but de mettre en lumi\u00e8re les fonds c\u00e9ramiques conserv\u00e9s dans les mus\u00e9es suisses, sous la forme d\u2019un inventaire national de la c\u00e9ramique de l\u2019\u00e9poque moderne (1500-1950). Toutes les institutions dont les collections sont concern\u00e9es par ce domaine, ne serait-ce que partiellement, sont invit\u00e9es \u00e0 se joindre au projet.<\/p>\n","protected":false},"excerpt":{"rendered":"<p>Depuis 1954, la Fondation CERAMICA se consacre \u00e0 la promotion de la recherche en histoire de l&rsquo;art dans le domaine de la c\u00e9ramique, essentiellement \u00e0 travers des aides \u00e0 la publication. En 2009, elle a lanc\u00e9 le projet de publication \u00abCERAMICA CH\u00bb dans le but de mettre en lumi\u00e8re les fonds c\u00e9ramiques conserv\u00e9s dans les &hellip; <a href=\"https:\/\/ceramica-ch.ch\/fr\/informations-pratiques\/\" class=\"more-link\">Continuer la lecture de <span class=\"screen-reader-text\">Informations pratiques<\/span> <span class=\"meta-nav\">&rarr;<\/span><\/a><\/p>\n","protected":false},"author":3,"featured_media":0,"parent":0,"menu_order":0,"comment_status":"closed","ping_status":"closed","template":"","meta":{"footnotes":""},"class_list":["post-621","page","type-page","status-publish","hentry"],"_links":{"self":[{"href":"https:\/\/ceramica-ch.ch\/fr\/wp-json\/wp\/v2\/pages\/621","targetHints":{"allow":["GET"]}}],"collection":[{"href":"https:\/\/ceramica-ch.ch\/fr\/wp-json\/wp\/v2\/pages"}],"about":[{"href":"https:\/\/ceramica-ch.ch\/fr\/wp-json\/wp\/v2\/types\/page"}],"author":[{"embeddable":true,"href":"https:\/\/ceramica-ch.ch\/fr\/wp-json\/wp\/v2\/users\/3"}],"replies":[{"embeddable":true,"href":"https:\/\/ceramica-ch.ch\/fr\/wp-json\/wp\/v2\/comments?post=621"}],"version-history":[{"count":2,"href":"https:\/\/ceramica-ch.ch\/fr\/wp-json\/wp\/v2\/pages\/621\/revisions"}],"predecessor-version":[{"id":998,"href":"https:\/\/ceramica-ch.ch\/fr\/wp-json\/wp\/v2\/pages\/621\/revisions\/998"}],"wp:attachment":[{"href":"https:\/\/ceramica-ch.ch\/fr\/wp-json\/wp\/v2\/media?parent=621"}],"curies":[{"name":"wp","href":"https:\/\/api.w.org\/{rel}","templated":true}]}}