{"id":625,"date":"2018-04-13T12:00:34","date_gmt":"2018-04-13T10:00:34","guid":{"rendered":"https:\/\/culture-catalogweb.joanneum.at\/?page_id=625"},"modified":"2025-09-11T17:38:45","modified_gmt":"2025-09-11T15:38:45","slug":"structure-dinventaire","status":"publish","type":"page","link":"https:\/\/ceramica-ch.ch\/fr\/informations-pratiques\/structure-dinventaire\/","title":{"rendered":"Structure d&rsquo;inventaire"},"content":{"rendered":"<p><strong>Structure d\u2019inventaire<\/strong><\/p>\n<p><strong>Les notices du pr\u00e9sent inventaire sont construites sur la structure suivante:<\/strong><\/p>\n<ul>\n<li>D\u00e9signation de l&rsquo;objet ou du type de vaisselle<\/li>\n<li>R\u00e9gion ou lieu de production, fabricant et datation, si connues.<\/li>\n<li>Br\u00e8ve description de l&rsquo;objet\u00a0: technique, forme et d\u00e9cor.<\/li>\n<li>Marques: le cas \u00e9ch\u00e9ant, br\u00e8ve caract\u00e9risation de la ou des marques relev\u00e9es sur l\u2019objet.<\/li>\n<li>Dimensions: diam\u00e8tre bord \u00e0 bord (\u00abdiam. hors tout\u00bb &#8211; en allemand : \u00abRdm.\u00bb) \u2013 diam\u00e8tre (\u00ab diam. \u00bb &#8211; en allemand : \u00ab D. \u00bb) \u2013 hauteur (\u00abhaut.\u00bb &#8211; en allemand : \u00ab H. \u00bb) \u2013 largeur (\u00ablarg.\u00bb &#8211; en allemand : \u00ab Br. \u00bb ou \u00ab B. \u00bb) \u2013 profondeur (\u00abprof.\u00bb &#8211; en allemand : \u00ab T. \u00bb ).<\/li>\n<li>Nom abr\u00e9g\u00e9 de l\u2019institution ou du mus\u00e9e propri\u00e9taire.<\/li>\n<li>Num\u00e9ro d&rsquo;inventaire (initiales de l&rsquo;institution et num\u00e9ro d&rsquo;inventaire).<\/li>\n<li>Type et date d&rsquo;acquisition. Si le type et la date d&rsquo;acquisition sont inconnus, nous \u00e9crivons \u00ab\u00a0Fonds ancien, sans date\u00a0\u00bb, m\u00eame si l&rsquo;acquisition est relativement r\u00e9cente.<\/li>\n<li>Indications bibliographiques (\u00ab\u00a0Biblio.\u00a0\u00bb) : R\u00e9f\u00e9rences bibliographiques pour les objets qui sont illustr\u00e9s et\/ou mentionn\u00e9s dans la litt\u00e9rature (principalement dans les publications CERAMICA CH I-III). Ces indications ne pr\u00e9tendent pas \u00e0 l&rsquo;exhaustivit\u00e9.<\/li>\n<li>Renvoi (\u00ab\u00a0Cf.\u00bb ou \u00ab\u00a0Voir\u00a0\u00bb &#8211; en allemand \u00ab\u00a0Vgl.\u00a0\u00bb) : Renvois \u00e0 des publications contenant des illustrations d&rsquo;objets comparables ou des indications pour une attribution ou une datation. R\u00e9f\u00e9rences \u00e0 des objets dans d&rsquo;autres mus\u00e9es. Ces indications ne pr\u00e9tendent pas \u00e0 l&rsquo;exhaustivit\u00e9.<\/li>\n<li>Copyright\/photographe : mention du d\u00e9tenteur des droits d&rsquo;image et du photographe, s&rsquo;il est connu.<\/li>\n<li>Auteur : indication du cr\u00e9ateur de la derni\u00e8re modification de la notice d&rsquo;inventaire et de la date.<\/li>\n<\/ul>\n<p>Les indications peuvent \u00eatre accompagn\u00e9es d&rsquo;informations compl\u00e9mentaires provenant d&rsquo;anciens inventaires (commentaires, anciennes attributions) entre guillemets ou de remarques de l&rsquo;auteur, alors sans guillemets. Entre diff\u00e9rentes entr\u00e9es de la banque d&rsquo;images, les renvois se font par l&rsquo;indication du num\u00e9ro d&rsquo;inventaire.<\/p>\n","protected":false},"excerpt":{"rendered":"<p>Structure d\u2019inventaire Les notices du pr\u00e9sent inventaire sont construites sur la structure suivante: D\u00e9signation de l&rsquo;objet ou du type de vaisselle R\u00e9gion ou lieu de production, fabricant et datation, si connues. Br\u00e8ve description de l&rsquo;objet\u00a0: technique, forme et d\u00e9cor. Marques: le cas \u00e9ch\u00e9ant, br\u00e8ve caract\u00e9risation de la ou des marques relev\u00e9es sur l\u2019objet. Dimensions: diam\u00e8tre &hellip; <a href=\"https:\/\/ceramica-ch.ch\/fr\/informations-pratiques\/structure-dinventaire\/\" class=\"more-link\">Continuer la lecture de <span class=\"screen-reader-text\">Structure d&rsquo;inventaire<\/span> <span class=\"meta-nav\">&rarr;<\/span><\/a><\/p>\n","protected":false},"author":3,"featured_media":0,"parent":621,"menu_order":0,"comment_status":"closed","ping_status":"closed","template":"","meta":{"footnotes":""},"class_list":["post-625","page","type-page","status-publish","hentry"],"_links":{"self":[{"href":"https:\/\/ceramica-ch.ch\/fr\/wp-json\/wp\/v2\/pages\/625","targetHints":{"allow":["GET"]}}],"collection":[{"href":"https:\/\/ceramica-ch.ch\/fr\/wp-json\/wp\/v2\/pages"}],"about":[{"href":"https:\/\/ceramica-ch.ch\/fr\/wp-json\/wp\/v2\/types\/page"}],"author":[{"embeddable":true,"href":"https:\/\/ceramica-ch.ch\/fr\/wp-json\/wp\/v2\/users\/3"}],"replies":[{"embeddable":true,"href":"https:\/\/ceramica-ch.ch\/fr\/wp-json\/wp\/v2\/comments?post=625"}],"version-history":[{"count":4,"href":"https:\/\/ceramica-ch.ch\/fr\/wp-json\/wp\/v2\/pages\/625\/revisions"}],"predecessor-version":[{"id":22321,"href":"https:\/\/ceramica-ch.ch\/fr\/wp-json\/wp\/v2\/pages\/625\/revisions\/22321"}],"up":[{"embeddable":true,"href":"https:\/\/ceramica-ch.ch\/fr\/wp-json\/wp\/v2\/pages\/621"}],"wp:attachment":[{"href":"https:\/\/ceramica-ch.ch\/fr\/wp-json\/wp\/v2\/media?parent=625"}],"curies":[{"name":"wp","href":"https:\/\/api.w.org\/{rel}","templated":true}]}}