{"id":633,"date":"2018-04-13T12:04:37","date_gmt":"2018-04-13T10:04:37","guid":{"rendered":"https:\/\/culture-catalogweb.joanneum.at\/?page_id=633"},"modified":"2025-09-11T12:48:18","modified_gmt":"2025-09-11T10:48:18","slug":"remerciement","status":"publish","type":"page","link":"https:\/\/ceramica-ch.ch\/fr\/informations-pratiques\/remerciement\/","title":{"rendered":"Remerciements"},"content":{"rendered":"<p>Une entreprise telle que la n\u00f4tre, de par la diversit\u00e9 des horizons culturels abord\u00e9s, ne saurait reposer sur les comp\u00e9tences d\u2019une seule personne. Les soussign\u00e9s sont profond\u00e9ment reconnaissants \u00e0 feu Rudolf Schnyder (\u2020) et \u00e0 feu Peter Ducret (\u2020) pour leurs judicieux conseils et pour les connaissances qu\u2019ils ont bien voulu partager avec lui. Ces \u00e9minents connaisseurs de l\u2019histoire de la c\u00e9ramique ont contribu\u00e9 de mani\u00e8re d\u00e9cisive, au sein m\u00eame du Conseil de fondation de la Ceramica Stiftung, \u00e0 la gen\u00e8se et \u00e0 la conception du projet Ceramica CH. Rappelons enfin que l\u2019id\u00e9e m\u00eame de notre projet est une \u00e9manation du Conseil de fondation de la Ceramica Stiftung et que sa r\u00e9alisation n\u2019aurait jamais \u00e9t\u00e9 possible sans son g\u00e9n\u00e9reux engagement. \u00c0 travers son pr\u00e9sident, Dr Thomas Staehelin, il convient de rendre hommage \u00e0 une institution qui se distingue de fa\u00e7on exemplaire et depuis des d\u00e9cennies dans la promotion de l\u2019histoire de la c\u00e9ramique, en Suisse et bien au-del\u00e0 de nos fronti\u00e8res.<\/p>\n<p>Notre profonde gratitude va \u00e9galement aux responsables des nombreuses institutions qui nous ont donn\u00e9 acc\u00e8s \u00e0 leurs collections, ainsi qu\u2019\u00e0 leurs collaborateurs. Toutes et tous ont accueilli notre d\u00e9marche avec un esprit d\u2019ouverture et une g\u00e9n\u00e9rosit\u00e9 exemplaires.<\/p>\n<p><a href=\"https:\/\/ceramica-ch.ch\/fr\/inventaire-et-banque-dimages\/#fq=lieu_de_conservation%3A%22Canton%20des%20Grisons%22&amp;q=*%3A*\" target=\"_blank\" rel=\"noopener noreferrer\">Pour le canton des Grisons (Ceramica CH &#8211; en ligne):<\/a><\/p>\n<p>R\u00e4tisches Museum Chur: Andrea Kauer; Klostermuseum Disentis: Pater Theo Theiler; Museum Regiunal Surselva Ilanz: Ursina Jecklin-Tischhauser; Museo Poschiavino Poschiavo: Daniele Papacella; Museum La Truaisch Sedrun: Tarcisi Hendry; Ortsmuseum Poscht-Ch\u00e4ller St. Ant\u00f6nien: Monika und Jann Fl\u00fctsch; Museum Engiadinais St. Moritz: Charlotte Sch\u00fctt; Museum Sursilvan Cuort Ligia Grischa Trun: Justina Simeon-Cathomas; Arcun da Traditiun Vuorz: Guido Dietrich; Ortsmuseum und Bibliothek Berg\u00fcn: Corina Puorger; Heimatmuseum Pr\u00e4ttigau Gr\u00fcsch: Hansluzi Kessler; Brauchtumsmuseum Schulhaus Buchen: Johann Hesse; Heimatmuseum Davos: Peter Dalbert; Museum Nutli H\u00fcschi Klosters: Barbara Gujan; Museum local Vaz Zorten: Birgit Parpan; Ortsmuseum Schmitten im Alten Schulhaus: Alois Hundertpfund, Pius Gruber; Dorfmuseum Wiesen: \u00a0Anita Bernhard; Heimatmuseum Gandahus Vals: Peter Loretz, Markus J\u00f6rger; Museum Tgea da Schons Zillis: Gion Michael und Gierina Michael; Museum Chesa Planta Samedan: Martina Shuler-Fluor; Museum d&rsquo;Engiadina Bassa Scuol: Peter Langenegger; Museo Bregaglia Ci\u00e4sa Granda Stampa: Bruna Ruinelli; Stiftung Pro Klaustra Son Jon: Patrick Cassitti; Museum Chasa Jaura Valchava: Marco R. Gilly; Heimatmuseum Rheinwald Spl\u00fcgen: Reto Attenhofer; Walserama Nufenen: J.F.Tschopp.<\/p>\n<p><a href=\"https:\/\/ceramica-ch.ch\/fr\/inventaire-et-banque-dimages\/#fq=lieu_de_conservation%3A%22Canton%20de%20Neuch%C3%A2tel%22&amp;q=*%3A*\" target=\"_blank\" rel=\"noopener noreferrer\">Pour le canton de Neuch\u00e2tel (Ceramica CH, tome I):<\/a><\/p>\n<p>Au Mus\u00e9e d\u2019art et d\u2019histoire de Neuch\u00e2tel: Caroline Junier, ancienne conservatrice du D\u00e9partement des arts appliqu\u00e9s, Philippe L\u00fcscher, conservateur du D\u00e9partement des arts appliqu\u00e9s, Claude-Alain K\u00fcnzi, ancien assistant-conservateur; au Mus\u00e9e d\u2019ethnographie de Neuch\u00e2tel: Marc-Olivier Gonseth, ancien conservateur, et Bernard Knodel, conservateur adjoint; au Lat\u00e9nium \u00e0 Hauterive: Marc-Antoine Kaeser, directeur, et Corinne Ramseyer, collaboratrice scientifique; au Ch\u00e2teau et Mus\u00e9e de Valangin: Fran\u00e7oise Borel, ancienne conservatrice, Camille J\u00e9quier, conservatrice; au Mus\u00e9e d\u2019histoire de La Chaux-de-Fonds: Sylviane Musy, ancienne conservatrice, Francesco Garufo, conservateur; au Mus\u00e9e des beaux arts de La Chaux-de-Fonds: Lada Umst\u00e4tter, ancienne conservatrice; au Mus\u00e9e paysan et artisanal de La Chaux-de-Fonds: Diane Skartsounis, conservatrice; aux Collections d\u2019arts industriels de l\u2019\u00c9cole d\u2019arts appliqu\u00e9s de La Chaux-de-Fonds: Catherine Corth\u00e9sy, conservatrice; aux Mus\u00e9e d\u2019histoire et Moulins souterrains du Locle: Caroline Calame, conservatrice; au Mus\u00e9e r\u00e9gional de La Sagne: Laurent Huguenin, conservateur, et Roger Vuille; au Mus\u00e9e r\u00e9gional du Val-de-Travers \u00e0 M\u00f4tiers: Laurence Vaucher, ancienne conservatrice, et Louison B\u00fchlmann, conservatrice.<\/p>\n<p><a href=\"https:\/\/ceramica-ch.ch\/fr\/inventaire-et-banque-dimages\/#fq=lieu_de_conservation%3A%22Canton%20de%20Soleure%22&amp;q=*%3A*\" target=\"_blank\" rel=\"noopener noreferrer\">Pour le canton de Soleure (Ceramica CH, tome II):<\/a><\/p>\n<p>Au Museum Blumenstein de Soleure: Erich Weber, conservateur, Brigitta Berndt, collaboratrice scientifique, et Sandro De Rigo, technicien; au Keramikmuseum et \u00e0 la Collection Felchlin de Matzendorf: Markus Egli, conservateur, et Roland M\u00fcller, pr\u00e9sident des Freunde der Matzendorfer Keramik; au Historisches Museum Olten: Peter Kaiser, ancien conservateur, et Luisa Bertolaccini, ancienne assistante scientifique et actuelle conservatrice; au Museum Wasseramt \u2013 Turm in Halten: Urs Umbricht, pr\u00e9sident de la fondation; au Heimatmuseum Schloss Alt-Falkenstein: Hans Hug, conservateur; au Service arch\u00e9ologique du canton de Soleure: Andrea Nold, chef de projets; au Kultur-Historisches Museum Grenchen: Angela Kummer, conservatrice; au Museum BalsThal: Kurt Heutschi, responsable du mus\u00e9e.<\/p>\n<p><a href=\"https:\/\/ceramica-ch.ch\/fr\/inventaire-et-banque-dimages\/#fq=lieu_de_conservation%3A%22Canton%20de%20Vaud%22&amp;q=*%3A*\" target=\"_blank\" rel=\"noopener noreferrer\">Pour le canton de Vaud (Ceramica CH, tome III):<\/a><\/p>\n<p>Au Ch\u00e2teau de Nyon (Mus\u00e9e historique et des porcelaines): Vincent Lieber, conservateur, Blaise Ruffieux, r\u00e9gisseur des collections, et Beno\u00eet Boretti, responsable de l\u2019inventaire; aux Archives de la Ville de Nyon: Elisabeth Bourban-Mayor, archiviste, et ses collaborateurs; au\u00a0 Mus\u00e9e cantonal d\u2019arch\u00e9ologie et d\u2019histoire de Lausanne: Lionel Pernet, directeur, Claire Huguenin, conservatrice des collections historiques, et Georges Keller, responsable technique; au Mus\u00e9e du L\u00e9man de Nyon: Lionel Gauthier, conservateur, et Didier Zuchuat, documentaliste responsable; au Ch\u00e2teau de La Sarraz: Florence Boneru, directrice, et Tiziana Andreani, conservatrice; au Mus\u00e9e historique Lausanne: Laurent Golay, directeur, et Claude-Alain K\u00fcnzi, conservateur des arts appliqu\u00e9s; au Mus\u00e9e du Vieux-Moudon: Raymond Bosshard, ancien conservateur, Monique Fontannaz, conservatrice; au Mus\u00e9e historique de Vevey: Fran\u00e7oise Lambert, conservatrice; au Mus\u00e9e d\u2019Yverdon et r\u00e9gion: France Terrier, directrice-conservatrice, et Corinne Sandoz, conservatrice des collections d\u2019arch\u00e9ologie; au Mus\u00e9e de la vigne, du vin et de l\u2019\u00e9tiquette, Ch\u00e2teau d\u2019Aigle: Nicolas Isoz, conservateur; au Mus\u00e9e du Pays-d\u2019Enhaut de Ch\u00e2teau-d\u2019\u0152x: Jean-Fr\u00e9d\u00e9ric Henchoz, conservateur; au Mus\u00e9e de Montreux: Pascale Simond, conservatrice; au Mus\u00e9e Alexis Forel de Morges: Yvan Schwab, conservateur; au Mus\u00e9e d\u2019Orbe: Vreni Segessenmann et Walter Balimann, membres honoraires de l\u2019Association des Amis de Pro Urba; \u00e0 la Maison Buttin-de-Lo\u00ebs \u00e0 Grandvaux: Alain Parisod et Bernard Rufi, respectivement pr\u00e9sident et tr\u00e9sorier de la Fondation pour la conservation de la Maison Buttin-de-Lo\u00ebs; au Mus\u00e9e du Vieux Baulmes: Rapha\u00ebl Fl\u00fcck, conservateur; au Centre d\u2019enseignement professionnel de Vevey: Pauline Vanachter, doyenne de la section C\u00e9ramique; au mudac, Mus\u00e9e de design et d\u2019arts appliqu\u00e9s contemporains \u00e0 Lausanne, Marco Costantini, conservateur, et Valentin Grosjean, assistant \u00e0 la conservation; \u00e0 l\u2019Universit\u00e9 de Lausanne, Olivier Robert, archiviste.<\/p>\n<p>Nous exprimons notre reconnaissance \u00e0 tous les sp\u00e9cialistes, en Suisse et \u00e0 l\u2019\u00e9tranger, qui ont bien voulu nous faire b\u00e9n\u00e9ficier de leur expertise dans les diff\u00e9rents domaines de l\u2019histoire de la c\u00e9ramique que nous avons eu \u00e0 traiter dans le cadre de notre travail: Fieder Aichele, Stuttgart; Marion van Aken-Fehmers, La Haye; Jean-Claude Alary, pr\u00e9sident de l\u2019Acad\u00e9mie de Moustiers; Daniela Ball, M\u00f6riken; Jacques et Marie-Alice Bastian, Strasbourg; Federico Bona, Ivrea (I); Christian Bonnin, B\u00e9ziers; Gilles Bourgarel, Fribourg; Giampiero Buzelli, Archivio di Stato, G\u00eanes; Enrico Caviglia, Maroggia; Monique Crick, ancienne directrice des Collections Baur, Gen\u00e8ve; Aileen Dawson, conservatrice au British Museum, Londres; \u00c9mile Decker, conservateur du Mus\u00e9e de la fa\u00efence \u00e0 Sarreguemines; Bernard Dragesco, Paris; Diana Edwards, Baltimore; Edwin van Drecht, Amsterdam; Hans Dieter Flach, Wenzen\u00adbach (D); Christian Gerber, Caux; Miranda Goodby, The Potteries Museum, Stoke-on-Trent; Andreas Heege, Zoug; Marion Kalt, Creil; Thomas Krueger, Leiter des Museums im Schloss, F\u00fcrstenberg; Sebastian Kuhn, Londres; Daniela Kumpf, Wiesbaden; Peter Lam, Hong Kong; Suzanne Lambooy, responsable de projet au Gemeentemuseum, La Haye; Johanna Lessmann, Hambourg; Christian Maire, Vincennes; John Mallet, Londres; Errol Manners, Londres; R\u00e9gine de Plinval de Guillebon, Paris; Horst Reber, Francfort; Ren\u00e9 Revert, Saint-Di\u00e9-des-Vosges; Jean Rosen, Dijon; Madeleine Ryser, conservatrice du Regionalmuseum Langnau; Ren\u00e9 Simmermacher, Staufen (D); Filip Suchomel, Prague; Christian Th\u00e9venin, directeur des Mus\u00e9es de Sarre\u00adguemines; John Whitehead, Londres; Samuel Wittwer, Direktor der Abteilung Schl\u00f6sser und Sammlungen der Stiftung Preussischer Schl\u00f6sser und G\u00e4rten Berlin-Brandenburg.<\/p>\n<p>Un merci tout particulier \u00e0 Raffaella Ausenda, \u00e0 Milan, qui a particip\u00e9 de mani\u00e8re approfondie et d\u00e9terminante au catalogage des nombreuses fa\u00efences italiennes de la collection de pots de pharmacie de Burkhard Reber.<\/p>\n<p>Traitement des images CERAMICA CH I-III : Georg Sidler, Samuel Truttmann, Schwyz.<\/p>\n<p>Traductions des textes de la page d&rsquo;accueil : Pierre-Yves Tribolet (D-&gt;F), Stephanie Tremp (F-&gt;D) et Sandy Haemmerle (D-&gt;E).<\/p>\n<p>Contributions scientifiques et g\u00e9n\u00e9alogiques : Andreas Kistler.<\/p>\n<p>Les pr\u00e9c\u00e9dents responsables du projet :<\/p>\n<p><strong>Roland Blaettler<\/strong><br \/>\nCharg\u00e9 de projet Ceramica CH (mars 2010-mars 2018)<\/p>\n<p><strong>Andreas Heege<\/strong><br \/>\nCharg\u00e9 de projet Ceramica CH (avril 2018-juillet 2024)<\/p>\n<p><strong>Christian H\u00f6rack<\/strong><br \/>\nCharg\u00e9 de projet Ceramica CH (depuis ao\u00fbt 2024)<\/p>\n","protected":false},"excerpt":{"rendered":"<p>Une entreprise telle que la n\u00f4tre, de par la diversit\u00e9 des horizons culturels abord\u00e9s, ne saurait reposer sur les comp\u00e9tences d\u2019une seule personne. Les soussign\u00e9s sont profond\u00e9ment reconnaissants \u00e0 feu Rudolf Schnyder (\u2020) et \u00e0 feu Peter Ducret (\u2020) pour leurs judicieux conseils et pour les connaissances qu\u2019ils ont bien voulu partager avec lui. Ces &hellip; <a href=\"https:\/\/ceramica-ch.ch\/fr\/informations-pratiques\/remerciement\/\" class=\"more-link\">Continuer la lecture de <span class=\"screen-reader-text\">Remerciements<\/span> <span class=\"meta-nav\">&rarr;<\/span><\/a><\/p>\n","protected":false},"author":3,"featured_media":0,"parent":621,"menu_order":0,"comment_status":"closed","ping_status":"closed","template":"","meta":{"footnotes":""},"class_list":["post-633","page","type-page","status-publish","hentry"],"_links":{"self":[{"href":"https:\/\/ceramica-ch.ch\/fr\/wp-json\/wp\/v2\/pages\/633","targetHints":{"allow":["GET"]}}],"collection":[{"href":"https:\/\/ceramica-ch.ch\/fr\/wp-json\/wp\/v2\/pages"}],"about":[{"href":"https:\/\/ceramica-ch.ch\/fr\/wp-json\/wp\/v2\/types\/page"}],"author":[{"embeddable":true,"href":"https:\/\/ceramica-ch.ch\/fr\/wp-json\/wp\/v2\/users\/3"}],"replies":[{"embeddable":true,"href":"https:\/\/ceramica-ch.ch\/fr\/wp-json\/wp\/v2\/comments?post=633"}],"version-history":[{"count":8,"href":"https:\/\/ceramica-ch.ch\/fr\/wp-json\/wp\/v2\/pages\/633\/revisions"}],"predecessor-version":[{"id":22306,"href":"https:\/\/ceramica-ch.ch\/fr\/wp-json\/wp\/v2\/pages\/633\/revisions\/22306"}],"up":[{"embeddable":true,"href":"https:\/\/ceramica-ch.ch\/fr\/wp-json\/wp\/v2\/pages\/621"}],"wp:attachment":[{"href":"https:\/\/ceramica-ch.ch\/fr\/wp-json\/wp\/v2\/media?parent=633"}],"curies":[{"name":"wp","href":"https:\/\/api.w.org\/{rel}","templated":true}]}}