{"id":642,"date":"2018-04-13T12:12:09","date_gmt":"2018-04-13T10:12:09","guid":{"rendered":"https:\/\/culture-catalogweb.joanneum.at\/?page_id=642"},"modified":"2018-11-08T21:14:03","modified_gmt":"2018-11-08T20:14:03","slug":"technologie-ceramique-et-procedes-de-fabrication","status":"publish","type":"page","link":"https:\/\/ceramica-ch.ch\/fr\/technologie-ceramique-et-procedes-de-fabrication\/","title":{"rendered":"Technologie c\u00e9ramique et proc\u00e9d\u00e9s de fabrication"},"content":{"rendered":"<p><img loading=\"lazy\" decoding=\"async\" class=\"alignnone  wp-image-1060\" src=\"https:\/\/culture-catalogweb.joanneum.at\/wp-content\/uploads\/Keramikherstellung_Schema_2018_3_Version-fr-241x300.jpg\" alt=\"\" width=\"750\" height=\"934\" srcset=\"https:\/\/ceramica-ch.ch\/wp-content\/uploads\/Keramikherstellung_Schema_2018_3_Version-fr-241x300.jpg 241w, https:\/\/ceramica-ch.ch\/wp-content\/uploads\/Keramikherstellung_Schema_2018_3_Version-fr-768x956.jpg 768w, https:\/\/ceramica-ch.ch\/wp-content\/uploads\/Keramikherstellung_Schema_2018_3_Version-fr-822x1024.jpg 822w, https:\/\/ceramica-ch.ch\/wp-content\/uploads\/Keramikherstellung_Schema_2018_3_Version-fr.jpg 2021w\" sizes=\"auto, (max-width: 750px) 100vw, 750px\" \/><\/p>\n","protected":false},"excerpt":{"rendered":"","protected":false},"author":3,"featured_media":0,"parent":0,"menu_order":0,"comment_status":"closed","ping_status":"closed","template":"","meta":{"footnotes":""},"class_list":["post-642","page","type-page","status-publish","hentry"],"_links":{"self":[{"href":"https:\/\/ceramica-ch.ch\/fr\/wp-json\/wp\/v2\/pages\/642","targetHints":{"allow":["GET"]}}],"collection":[{"href":"https:\/\/ceramica-ch.ch\/fr\/wp-json\/wp\/v2\/pages"}],"about":[{"href":"https:\/\/ceramica-ch.ch\/fr\/wp-json\/wp\/v2\/types\/page"}],"author":[{"embeddable":true,"href":"https:\/\/ceramica-ch.ch\/fr\/wp-json\/wp\/v2\/users\/3"}],"replies":[{"embeddable":true,"href":"https:\/\/ceramica-ch.ch\/fr\/wp-json\/wp\/v2\/comments?post=642"}],"version-history":[{"count":5,"href":"https:\/\/ceramica-ch.ch\/fr\/wp-json\/wp\/v2\/pages\/642\/revisions"}],"predecessor-version":[{"id":1063,"href":"https:\/\/ceramica-ch.ch\/fr\/wp-json\/wp\/v2\/pages\/642\/revisions\/1063"}],"wp:attachment":[{"href":"https:\/\/ceramica-ch.ch\/fr\/wp-json\/wp\/v2\/media?parent=642"}],"curies":[{"name":"wp","href":"https:\/\/api.w.org\/{rel}","templated":true}]}}