{"id":644,"date":"2018-04-13T12:13:19","date_gmt":"2018-04-13T10:13:19","guid":{"rendered":"https:\/\/culture-catalogweb.joanneum.at\/?page_id=644"},"modified":"2021-11-23T17:38:39","modified_gmt":"2021-11-23T16:38:39","slug":"types-de-ceramique","status":"publish","type":"page","link":"https:\/\/ceramica-ch.ch\/fr\/types-de-ceramique\/","title":{"rendered":"Types de c\u00e9ramique"},"content":{"rendered":"\n<figure class=\"wp-block-image size-large is-resized\"><img loading=\"lazy\" decoding=\"async\" src=\"https:\/\/ceramica-ch.ch\/wp-content\/uploads\/Keramikwaren-Frz-klein-1024x449.jpg\" alt=\"\" class=\"wp-image-10250\" width=\"482\" height=\"211\" srcset=\"https:\/\/ceramica-ch.ch\/wp-content\/uploads\/Keramikwaren-Frz-klein-1024x449.jpg 1024w, https:\/\/ceramica-ch.ch\/wp-content\/uploads\/Keramikwaren-Frz-klein-300x132.jpg 300w, https:\/\/ceramica-ch.ch\/wp-content\/uploads\/Keramikwaren-Frz-klein-768x337.jpg 768w, https:\/\/ceramica-ch.ch\/wp-content\/uploads\/Keramikwaren-Frz-klein-1536x674.jpg 1536w, https:\/\/ceramica-ch.ch\/wp-content\/uploads\/Keramikwaren-Frz-klein.jpg 1741w\" sizes=\"auto, (max-width: 482px) 100vw, 482px\" \/><\/figure>\n\n\n<p>Dans le domaine de la recherche sur les c\u00e9ramiques, nous distinguons diff\u00e9rentes cat\u00e9gories de c\u00e9ramiques&nbsp;:<\/p>\n<ul>\n<li>Le mot \u00ab c\u00e9ramique \u00bb est le terme g\u00e9n\u00e9rique utilis\u00e9 pour tous les objets cuits en argile.<\/li>\n<li>La c\u00e9ramique peut \u00eatre divis\u00e9e en plusieurs cat\u00e9gories : c\u00e9ramiques pour la table et la cuisson culinaire, c\u00e9ramiques pour les po\u00eales et les fours, c\u00e9ramiques pour la construction, c\u00e9ramiques techniques et industrielles, autres objets en c\u00e9ramique.<\/li>\n<\/ul>\n<p>Les c\u00e9ramiques pour la table et la cuisson culinaire sont g\u00e9n\u00e9ralement divis\u00e9es en diff\u00e9rents produits c\u00e9ramiques selon le degr\u00e9 de frittage obtenus lors de la cuisson : terres cuites, fa\u00efences (terres cuites recouvertes d\u2019une gla\u00e7ure plomb-\u00e9tain), fa\u00efence fine, gr\u00e8s et porcelaine.<\/p>","protected":false},"excerpt":{"rendered":"<p>Dans le domaine de la recherche sur les c\u00e9ramiques, nous distinguons diff\u00e9rentes cat\u00e9gories de c\u00e9ramiques&nbsp;: Le mot \u00ab c\u00e9ramique \u00bb est le terme g\u00e9n\u00e9rique utilis\u00e9 pour tous les objets cuits en argile. La c\u00e9ramique peut \u00eatre divis\u00e9e en plusieurs cat\u00e9gories : c\u00e9ramiques pour la table et la cuisson culinaire, c\u00e9ramiques pour les po\u00eales et les &hellip; <a href=\"https:\/\/ceramica-ch.ch\/fr\/types-de-ceramique\/\" class=\"more-link\">Continuer la lecture de <span class=\"screen-reader-text\">Types de c\u00e9ramique<\/span> <span class=\"meta-nav\">&rarr;<\/span><\/a><\/p>\n","protected":false},"author":3,"featured_media":0,"parent":0,"menu_order":0,"comment_status":"closed","ping_status":"closed","template":"","meta":{"footnotes":""},"class_list":["post-644","page","type-page","status-publish","hentry"],"_links":{"self":[{"href":"https:\/\/ceramica-ch.ch\/fr\/wp-json\/wp\/v2\/pages\/644","targetHints":{"allow":["GET"]}}],"collection":[{"href":"https:\/\/ceramica-ch.ch\/fr\/wp-json\/wp\/v2\/pages"}],"about":[{"href":"https:\/\/ceramica-ch.ch\/fr\/wp-json\/wp\/v2\/types\/page"}],"author":[{"embeddable":true,"href":"https:\/\/ceramica-ch.ch\/fr\/wp-json\/wp\/v2\/users\/3"}],"replies":[{"embeddable":true,"href":"https:\/\/ceramica-ch.ch\/fr\/wp-json\/wp\/v2\/comments?post=644"}],"version-history":[{"count":4,"href":"https:\/\/ceramica-ch.ch\/fr\/wp-json\/wp\/v2\/pages\/644\/revisions"}],"predecessor-version":[{"id":10254,"href":"https:\/\/ceramica-ch.ch\/fr\/wp-json\/wp\/v2\/pages\/644\/revisions\/10254"}],"wp:attachment":[{"href":"https:\/\/ceramica-ch.ch\/fr\/wp-json\/wp\/v2\/media?parent=644"}],"curies":[{"name":"wp","href":"https:\/\/api.w.org\/{rel}","templated":true}]}}