{"id":646,"date":"2018-04-12T11:04:59","date_gmt":"2018-04-12T09:04:59","guid":{"rendered":"https:\/\/culture-catalogweb.joanneum.at\/?page_id=646"},"modified":"2025-11-04T16:54:51","modified_gmt":"2025-11-04T15:54:51","slug":"gefaessformen","status":"publish","type":"page","link":"https:\/\/ceramica-ch.ch\/fr\/gefaessformen\/","title":{"rendered":"Types de forme"},"content":{"rendered":"<p>\u00c0 partir de 2019, de courts textes sur des formes sp\u00e9cifiques de c\u00e9ramiques seront publi\u00e9s ici, \u00e0 un rythme irr\u00e9gulier, quand l\u2019opportunit\u00e9 se pr\u00e9sentera. En ce qui concerne l\u2019utilisations des termes de ces textes, et leurs traductions, dans les champs de recherches de la banque d\u2019images et de recherche d\u2019objets de CERAMICA CH, il est important de noter ce qui suit : on ne peut garantir que les traductions dans l\u2019autre langue des termes originellement \u00e9crit en allemand, anglais ou fran\u00e7ais soient univoques ou universelles. Il est donc impossible que ces termes soient tous compris de mani\u00e8re identique par chaque utilisateur, ind\u00e9pendamment de son appartenance \u00e0 une culture linguistique. Il existe trop de diff\u00e9rences linguistiques ou terminologiques, mais \u00e9galement culturelles, \u00e0 l\u2019\u00e9chelle nationale ou r\u00e9gionale dans les domaines de l&rsquo;arch\u00e9ologie, du folklore, de l&rsquo;histoire de l&rsquo;art, de l&rsquo;histoire culturelle ou de l&rsquo;artisanat, et bien s\u00fbr de la c\u00e9ramique. Lorsque, pour des raisons culturelles ou sociale, l\u2019\u00e9tendue des types de c\u00e9ramiques n\u2019est pas identique, il n&rsquo;y a g\u00e9n\u00e9ralement pas de terminologie commune, ce qui pose \u00e9videmment des probl\u00e8mes consid\u00e9rables lors de la traduction des objets et de leurs descriptions. Il n&rsquo;existe pas de nomenclature unifi\u00e9e pour la Suisse romande et la Suisse al\u00e9manique. On trouve \u00e9galement des diff\u00e9rences avec les r\u00e9gions voisines de la France et de l&rsquo;Allemagne. De nombreuses r\u00e9gions linguistiques suisses ont aussi un vocabulaire tr\u00e8s limit\u00e9 en ce qui concerne la c\u00e9ramique et les arts de la table (pour les idiomes helv\u00e9tiques, on consultera, \u00e0 titre d\u2019exemple, pour l\u2019allemand le <a href=\"https:\/\/www.idiotikon.ch\/\" target=\"_blank\" rel=\"noopener noreferrer\">Schweizerisches Idiotikon<\/a> \u2013 dictionnaire idiomatique suisse, pour le fran\u00e7ais le <a href=\"https:\/\/frontalier.moncoachfinance.com\/2017\/09\/petit-guide-dexpressions-idiomatiques-pour-la-suisse-francophone-6435.html\" target=\"_blank\" rel=\"noopener noreferrer\">Petit guide d\u2019expressions idiomatiques pour la Suisse francophone<\/a>, ou plus sp\u00e9cifiquement, pour le canton de Vaud, \u00ab\u00a0<a href=\"https:\/\/paysdevaud.weebly.com\/expressions-de-chez-nous.html\" target=\"_blank\" rel=\"noopener noreferrer\">Les expressions Vaudois\u00a0<\/a>\u00bb). On regrette cet \u00e9tat de fait que nous avons cependant assum\u00e9 et comptons sur votre indulgence. Cependant, CERAMICA CH, en tant que banque de donn\u00e9es et d&rsquo;images, offre ici une compensation importante : tous les objets sont repr\u00e9sent\u00e9s visuellement et, en fin de compte, parlent d&rsquo;eux-m\u00eames !<\/p>\n<p>&nbsp;<\/p>\n<div class=\"glossary-atoz-wrapper\"><ul class=\"glossary-menu-atoz\"><li class=\"glossary-menu-item atoz-menu-a atoz-clickable atozmenu-off\" title=\"Termes: 2\"  data-alpha=\"a\"><a href=\"#a\">A<\/a><\/li><li class=\"glossary-menu-item atoz-menu-b atoz-clickable atozmenu-off\" title=\"Termes: 1\"  data-alpha=\"b\"><a href=\"#b\">B<\/a><\/li><li class=\"glossary-menu-item atoz-menu-c atoz-clickable atozmenu-off\" title=\"Termes: 1\"  data-alpha=\"c\"><a href=\"#c\">C<\/a><\/li><li class=\"glossary-menu-item atoz-menu-j atoz-clickable atozmenu-off\" title=\"Termes: 1\"  data-alpha=\"j\"><a href=\"#j\">J<\/a><\/li><li class=\"glossary-menu-item atoz-menu-m atoz-clickable atozmenu-off\" title=\"Termes: 1\"  data-alpha=\"m\"><a href=\"#m\">M<\/a><\/li><li class=\"glossary-menu-item atoz-menu-p atoz-clickable atozmenu-off\" title=\"Termes: 3\"  data-alpha=\"p\"><a href=\"#p\">P<\/a><\/li><li class=\"glossary-menu-item atoz-menu-t atoz-clickable atozmenu-off\" title=\"Termes: 3\"  data-alpha=\"t\"><a href=\"#t\">T<\/a><\/li><\/ul><div style=\"clear: both;\"><\/div><div style=\"clear: both;\"><\/div><div class=\"glossary-atoz-wrapper\"><ul class=\"glossary-atoz glossary-atoz-a atozitems-off\"><li class=\"glossary-item atoz-li atoz-li-a\"><a href=\"https:\/\/ceramica-ch.ch\/fr\/glossary\/appareil-de-lhote-pour-leau-de-seltz\/\" title=\"Appareil de Lhote pour l\u2019eau de Seltz\" >Appareil de Lhote pour l\u2019eau de Seltz<\/a><br><\/li><li class=\"glossary-item atoz-li atoz-li-a\"><a href=\"https:\/\/ceramica-ch.ch\/fr\/glossary\/arrosoir-chantepleure-pour-la-maison\/\" title=\"Arrosoir (chantepleure) pour la maison\" >Arrosoir (chantepleure) pour la maison<\/a><br><\/li><\/ul><ul class=\"glossary-atoz glossary-atoz-b atozitems-off\"><li class=\"glossary-item atoz-li atoz-li-b\"><a href=\"https:\/\/ceramica-ch.ch\/fr\/glossary\/baratte-a-beurre\/\" title=\"Baratte \u00e0 beurre\" >Baratte \u00e0 beurre<\/a><br><\/li><\/ul><ul class=\"glossary-atoz glossary-atoz-c atozitems-off\"><li class=\"glossary-item atoz-li atoz-li-c\"><a href=\"https:\/\/ceramica-ch.ch\/fr\/glossary\/couvercles-en-forme-de-bol\/\" title=\"Couvercles en forme de bol\" >Couvercles en forme de bol<\/a><br><\/li><\/ul><ul class=\"glossary-atoz glossary-atoz-j atozitems-off\"><li class=\"glossary-item atoz-li atoz-li-j\"><a href=\"https:\/\/ceramica-ch.ch\/fr\/glossary\/jouets-animaux-et-dragons-militaires\/\" title=\"Jouets : animaux et dragons (militaires)\" >Jouets : animaux et dragons (militaires)<\/a><br><\/li><\/ul><ul class=\"glossary-atoz glossary-atoz-m atozitems-off\"><li class=\"glossary-item atoz-li atoz-li-m\"><a href=\"https:\/\/ceramica-ch.ch\/fr\/glossary\/moules-a-springerle-a-pain-danis-et-a-pates-de-coing\/\" title=\"Moules \u00e0 Springerle, \u00e0 pain d\u2019anis et \u00e0 p\u00e2tes de coing\" >Moules \u00e0 Springerle, \u00e0 pain d\u2019anis et \u00e0 p\u00e2tes de coing<\/a><br><\/li><\/ul><ul class=\"glossary-atoz glossary-atoz-p atozitems-off\"><li class=\"glossary-item atoz-li atoz-li-p\"><a href=\"https:\/\/ceramica-ch.ch\/fr\/glossary\/pots-a-crocus\/\" title=\"Pots \u00e0 crocus\" >Pots \u00e0 crocus<\/a><br><\/li><li class=\"glossary-item atoz-li atoz-li-p\"><a href=\"https:\/\/ceramica-ch.ch\/fr\/glossary\/pots-a-oignons\/\" title=\"Pots \u00e0 oignons\" >Pots \u00e0 oignons<\/a><br><\/li><li class=\"glossary-item atoz-li atoz-li-p\"><a href=\"https:\/\/ceramica-ch.ch\/fr\/glossary\/pots-a-persil\/\" title=\"Pots \u00e0 persil\" >Pots \u00e0 persil<\/a><br><\/li><\/ul><ul class=\"glossary-atoz glossary-atoz-t atozitems-off\"><li class=\"glossary-item atoz-li atoz-li-t\"><a href=\"https:\/\/ceramica-ch.ch\/fr\/glossary\/tasse-moustache\/\" title=\"Tasse-moustache\" >Tasse-moustache<\/a><br><\/li><li class=\"glossary-item atoz-li atoz-li-t\"><a href=\"https:\/\/ceramica-ch.ch\/fr\/glossary\/tisaniere-veilleuse-rechaud\/\" title=\"Tisani\u00e8re veilleuse, r\u00e9chaud\" >Tisani\u00e8re veilleuse, r\u00e9chaud<\/a><br><\/li><li class=\"glossary-item atoz-li atoz-li-t\"><a href=\"https:\/\/ceramica-ch.ch\/fr\/glossary\/tonnelet-a-vinaigre\/\" title=\"Tonnelet \u00e0 vinaigre (vinaigrier)\" >Tonnelet \u00e0 vinaigre (vinaigrier)<\/a><br><\/li><\/ul><\/div><\/div>\n<span class=\"glossary-list-details\"><ul class=\"glossary-list\"><li class=\"glossary-item\"><a href=\"https:\/\/ceramica-ch.ch\/fr\/glossary\/appareil-de-lhote-pour-leau-de-seltz\/\" title=\"Appareil de Lhote pour l\u2019eau de Seltz\" >Appareil de Lhote pour l\u2019eau de Seltz<\/a><br><\/li><li class=\"glossary-item\"><a href=\"https:\/\/ceramica-ch.ch\/fr\/glossary\/arrosoir-chantepleure-pour-la-maison\/\" title=\"Arrosoir (chantepleure) pour la maison\" >Arrosoir (chantepleure) pour la maison<\/a><br><\/li><li class=\"glossary-item\"><a href=\"https:\/\/ceramica-ch.ch\/fr\/glossary\/baratte-a-beurre\/\" title=\"Baratte \u00e0 beurre\" >Baratte \u00e0 beurre<\/a><br><\/li><li class=\"glossary-item\"><a href=\"https:\/\/ceramica-ch.ch\/fr\/glossary\/couvercles-en-forme-de-bol\/\" title=\"Couvercles en forme de bol\" >Couvercles en forme de bol<\/a><br><\/li><li class=\"glossary-item\"><a href=\"https:\/\/ceramica-ch.ch\/fr\/glossary\/jouets-animaux-et-dragons-militaires\/\" title=\"Jouets : animaux et dragons (militaires)\" >Jouets : animaux et dragons (militaires)<\/a><br><\/li><li class=\"glossary-item\"><a href=\"https:\/\/ceramica-ch.ch\/fr\/glossary\/moules-a-springerle-a-pain-danis-et-a-pates-de-coing\/\" title=\"Moules \u00e0 Springerle, \u00e0 pain d\u2019anis et \u00e0 p\u00e2tes de coing\" >Moules \u00e0 Springerle, \u00e0 pain d\u2019anis et \u00e0 p\u00e2tes de coing<\/a><br><\/li><li class=\"glossary-item\"><a href=\"https:\/\/ceramica-ch.ch\/fr\/glossary\/pots-a-crocus\/\" title=\"Pots \u00e0 crocus\" >Pots \u00e0 crocus<\/a><br><\/li><li class=\"glossary-item\"><a href=\"https:\/\/ceramica-ch.ch\/fr\/glossary\/pots-a-oignons\/\" title=\"Pots \u00e0 oignons\" >Pots \u00e0 oignons<\/a><br><\/li><li class=\"glossary-item\"><a href=\"https:\/\/ceramica-ch.ch\/fr\/glossary\/pots-a-persil\/\" title=\"Pots \u00e0 persil\" >Pots \u00e0 persil<\/a><br><\/li><li class=\"glossary-item\"><a href=\"https:\/\/ceramica-ch.ch\/fr\/glossary\/tasse-moustache\/\" title=\"Tasse-moustache\" >Tasse-moustache<\/a><br><\/li><li class=\"glossary-item\"><a href=\"https:\/\/ceramica-ch.ch\/fr\/glossary\/tisaniere-veilleuse-rechaud\/\" title=\"Tisani\u00e8re veilleuse, r\u00e9chaud\" >Tisani\u00e8re veilleuse, r\u00e9chaud<\/a><br><\/li><li class=\"glossary-item\"><a href=\"https:\/\/ceramica-ch.ch\/fr\/glossary\/tonnelet-a-vinaigre\/\" title=\"Tonnelet \u00e0 vinaigre (vinaigrier)\" >Tonnelet \u00e0 vinaigre (vinaigrier)<\/a><br><\/li><\/ul><\/ul>\n<p>&nbsp;<\/p>\n<p><strong>Publications sur la typologie et la terminologie des c\u00e9ramiques :<\/strong><\/p>\n<p><strong>Allemagne :<\/strong><\/p>\n<p>Kunow\/Giesler\/Gechter u.a. 1986<br \/>\nJ\u00fcrgen Kunow, J\u00fcrgen Giesler, Marianne Gechter u.a., Vorschl\u00e4ge zur systematischen Beschreibung von Keramik \u2013 Suggestions for the systematic recording of pottery \u2013 Propositions pour une description systematique des c\u00e9ramiques (Kunst und Altertum am Rhein. F\u00fchrer des Rheinischen Landesmuseums Bonn 124), K\u00f6ln 1986.<\/p>\n<p>Bauer\/Endres\/Kerkhoff-Hader u.a. 1986<br \/>\nIngolf Bauer\/Werner Endres\/B\u00e4rbel Kerkhoff-Hader u.a., Leitfaden zur Keramikbeschreibung (Mittelalter-Neuzeit). Terminologie-Typologie-Technologie (Kataloge der pr\u00e4historischen Staatssammlung Beiheft 2), Kallm\u00fcnz 1986.<\/p>\n<p>Endres 1996<br \/>\nWerner Endres, Gef\u00e4sse und Formen. Eine Typologie f\u00fcr Museen und Sammlungen (Museums-Bausteine 3), M\u00fcnchen 1996.<\/p>\n<p><strong>Angleterre :<\/strong><\/p>\n<p>Medieval Pottery Research Group 1998<br \/>\nA guide to the classification of Medieval ceramic forms (Medieval Pottery Research Group, Occasional Paper 1), London 1998.<\/p>\n<p><strong>Autriche :<\/strong><\/p>\n<p>Kaltenberger 2009<br \/>\nAlice Kaltenberger, Keramik des Mittelalters und der Neuzeit in Ober\u00f6sterreich (Nearchos 17 = Studien zur Kulturgeschichte von Ober\u00f6sterreich, Folge 23), Innsbruck 2009.<\/p>\n<p>Handbuch 2010<br \/>\nBundesdenkmalamt Wien Abteilung f\u00fcr Bodendenkmale (Hrsg.), Handbuch zur Terminologie der mittelalterlichen und neuzeitlichen Keramik in \u00d6sterreich (Beitr\u00e4ge zur Mittelalterarch\u00e4ologie in \u00d6sterreich, Beiheft 9), Wien 2010.<\/p>\n<p><strong>France (r\u00e9gions limitrophes de la Suisse)\u00a0:<\/strong><\/p>\n<p>Henigfeld 2005<br \/>\nYves Henigfeld, La c\u00e9ramique \u00e0 Strasbourg de la fin du Xe au d\u00e9but du XVIIe si\u00e8cle, Caen 2005.<\/p>\n<p>Horry 2015<br \/>\nAlban Horry, Poteries du quotidien en Rh\u00f4ne-Alpes XVIe, XVIIe, XVIIIe si\u00e8cles. Un panorama des techniques, des formes et des d\u00e9cors (Documents d&rsquo;Arch\u00e9ologie en Rh\u00f4ne-Alpes et en Auvergne 43), Ch\u00e2tillon-sur-Chalaronne 2015.<\/p>\n<p>Legendre\/Maire 1996<br \/>\nJean-Pierre Legendre\/Jean Maire, La c\u00e9ramique de Soufflenheim (Bas-Rhin) du milieu du XIXe si\u00e8cle au d\u00e9but du XXe si\u00e8cle. Typologie de la production et \u00e9l\u00e9ments de chronologie, in: Cahiers Alsaciens d&rsquo;arch\u00e9ologie, d&rsquo;art et d&rsquo;histoire 39, 1996, 139-170.<\/p>\n<p>Legendre\/Maire 2010<br \/>\nJean-Pierre Legendre\/Jean Maire, Nouveaux \u00e9l\u00e9ments pour la chronologie de la c\u00e9ramique de Soufflenheim au XIXe et auch XXe si\u00e8cle, in: Cahiers Alsaciens d&rsquo;arch\u00e9ologie, d&rsquo;art et d&rsquo;histoire 53, 2010, 161-175.<\/p>\n<p><a href=\"https:\/\/www.academia.edu\/11084173\/PETREQUIN_P._et_MONNIER_J.-C._1995.-_Potiers_jurassiens_Ethnoarch\u00e9ologie_dun_atelier_du_XIXe_si\u00e8cle._Lons-le-Saunier_Centre_Jurassien_du_Patrimoine_174_p._115_fig._R\u00e9\u00e9dition_en_2002\" target=\"_blank\" rel=\"noopener noreferrer\">P\u00e9trequin\/Monnier 1995<\/a><br \/>\nPierre P\u00e9trequin\/Jean-Louis Monnier, Potiers Jurassiens. <em>Ethnoarch\u00e9ologie<\/em> d&rsquo;un atelier du XIXe si\u00e8cle, Lons-Le-Saunier 1995.<\/p>\n<p>Pillet 2007<br \/>\nMarc Pillet, Poteries <em>traditionnelles<\/em> en France de 1980 \u00e0 nos jours, Vendin-le-Vieil 2007.<\/p>\n<p><strong>Suisse:<\/strong><\/p>\n<p>Frascoli\/Matter\/Roth Heege u.a. 2014<br \/>\nLotti Frascoli\/Annamaria Matter\/Eva Roth Heege u.a., Die mobile Sachkultur, in, SPM VII Arch\u00e4ologie der Zeit von 800 bis 1350 &#8211; L&rsquo;ach\u00e9ologie de la p\u00e9riode entre 800 et 1350 &#8211; L&rsquo;archeologia del periodo tr l&rsquo;800 ed il 1350, Basel 2014, 249-286.<\/p>\n<p>Homberger\/Zubler 2010<br \/>\nValentin Homberger\/Kurt Zubler, Mittelalterliche und neuzeitliche Keramik der Region Schaffhausen. Typologie, Seriation und Materialvorlage (Beitr\u00e4ge zur Schaffhauser Arch\u00e4ologie 3), Schaffhausen 2010.<\/p>\n<p><a href=\"http:\/\/www.archaeologie-schweiz.ch\/fileadmin\/user_upload\/customers\/archaeologie_schweiz\/AS\/Dokumente_dt\/Onlinepublikationen_dt\/Kolloquiumsakten_SPM_VIII\/27_Homberger__Gefaesskeramik_Nordostschweiz__Kolloquium_SPM_VIII_.pdf\" target=\"_blank\" rel=\"noopener noreferrer\">Homberger 2018<\/a><br \/>\nValentin Homberger, Bunte Sch\u00fcsseln, schlichte Tassen, in: AS \u2013 Arch\u00e4ologie Schweiz\/SAM \u2013 Schweizerische Arbeitsgemeinschaft f\u00fcr die Arch\u00e4ologie des Mittelalters und der Neuzeit\/SBV \u2013 Schweizerischer Burgenverein, Die Schweiz von 1350 bis 1850 im Spiegel arch\u00e4ologischer Quellen. Akten des Kolloquiums\/Actes du Colloque Bern, 25.\u201326.1.2018, Basel 2018, 271-281.<\/p>\n<p>Keller 1999<br \/>\nChristine Keller, Gef\u00e4sskeramik aus Basel. Untersuchungen zur sp\u00e4tmittelalterlichen und fr\u00fchneuzeitlichen Gef\u00e4sskeramik aus Basel (Materialhefte zur Arch\u00e4ologie in Basel 15), Basel 1999.<\/p>\n","protected":false},"excerpt":{"rendered":"<p>\u00c0 partir de 2019, de courts textes sur des formes sp\u00e9cifiques de c\u00e9ramiques seront publi\u00e9s ici, \u00e0 un rythme irr\u00e9gulier, quand l\u2019opportunit\u00e9 se pr\u00e9sentera. En ce qui concerne l\u2019utilisations des termes de ces textes, et leurs traductions, dans les champs de recherches de la banque d\u2019images et de recherche d\u2019objets de CERAMICA CH, il est &hellip; <a href=\"https:\/\/ceramica-ch.ch\/fr\/glossary\/tonnelet-a-vinaigre\/\" class=\"more-link\">Continuer la lecture de <span class=\"screen-reader-text\">Tonnelet \u00e0 vinaigre (vinaigrier)<\/span> <span class=\"meta-nav\">&rarr;<\/span><\/a><\/p>\n","protected":false},"author":3,"featured_media":0,"parent":0,"menu_order":0,"comment_status":"closed","ping_status":"closed","template":"","meta":{"footnotes":""},"class_list":["post-646","page","type-page","status-publish","hentry"],"_links":{"self":[{"href":"https:\/\/ceramica-ch.ch\/fr\/wp-json\/wp\/v2\/pages\/646","targetHints":{"allow":["GET"]}}],"collection":[{"href":"https:\/\/ceramica-ch.ch\/fr\/wp-json\/wp\/v2\/pages"}],"about":[{"href":"https:\/\/ceramica-ch.ch\/fr\/wp-json\/wp\/v2\/types\/page"}],"author":[{"embeddable":true,"href":"https:\/\/ceramica-ch.ch\/fr\/wp-json\/wp\/v2\/users\/3"}],"replies":[{"embeddable":true,"href":"https:\/\/ceramica-ch.ch\/fr\/wp-json\/wp\/v2\/comments?post=646"}],"version-history":[{"count":24,"href":"https:\/\/ceramica-ch.ch\/fr\/wp-json\/wp\/v2\/pages\/646\/revisions"}],"predecessor-version":[{"id":22353,"href":"https:\/\/ceramica-ch.ch\/fr\/wp-json\/wp\/v2\/pages\/646\/revisions\/22353"}],"wp:attachment":[{"href":"https:\/\/ceramica-ch.ch\/fr\/wp-json\/wp\/v2\/media?parent=646"}],"curies":[{"name":"wp","href":"https:\/\/api.w.org\/{rel}","templated":true}]}}