{"id":648,"date":"2018-04-13T12:14:47","date_gmt":"2018-04-13T10:14:47","guid":{"rendered":"https:\/\/culture-catalogweb.joanneum.at\/?page_id=648"},"modified":"2025-11-04T16:51:49","modified_gmt":"2025-11-04T15:51:49","slug":"lieux-de-production-potiers-et-manufactures","status":"publish","type":"page","link":"https:\/\/ceramica-ch.ch\/fr\/lieux-de-production-potiers-et-manufactures\/","title":{"rendered":"Lieux de production, potiers et manufactures"},"content":{"rendered":"<p>Pour une partie des r\u00e9gions de production, des lieux de production ou des fabricants r\u00e9pertori\u00e9s dans l&rsquo;inventaire (il peut \u00e9galement s&rsquo;agir de potiers individuels mais aussi de manufactures ou de fabriques isol\u00e9es), on peut trouver des descriptions, originales ou traduites, int\u00e9grales ou r\u00e9sum\u00e9es, d\u2019importance variable. Elles sont regroup\u00e9es et pr\u00e9sent\u00e9es ici par ordre alphab\u00e9tique des lieux, r\u00e9gions, pays (lieu de production) suivie du nom de la manufacture, du potier ou de la personne. D&rsquo;autres textes seront ajout\u00e9s progressivement \u00e0 l&rsquo;avenir.<\/p>\n","protected":false},"excerpt":{"rendered":"<p>Pour une partie des r\u00e9gions de production, des lieux de production ou des fabricants r\u00e9pertori\u00e9s dans l&rsquo;inventaire (il peut \u00e9galement s&rsquo;agir de potiers individuels mais aussi de manufactures ou de fabriques isol\u00e9es), on peut trouver des descriptions, originales ou traduites, int\u00e9grales ou r\u00e9sum\u00e9es, d\u2019importance variable. Elles sont regroup\u00e9es et pr\u00e9sent\u00e9es ici par ordre alphab\u00e9tique des &hellip; <a href=\"https:\/\/ceramica-ch.ch\/fr\/lieux-de-production-potiers-et-manufactures\/\" class=\"more-link\">Continuer la lecture de <span class=\"screen-reader-text\">Lieux de production, potiers et manufactures<\/span> <span class=\"meta-nav\">&rarr;<\/span><\/a><\/p>\n","protected":false},"author":3,"featured_media":0,"parent":0,"menu_order":0,"comment_status":"closed","ping_status":"closed","template":"","meta":{"footnotes":""},"class_list":["post-648","page","type-page","status-publish","hentry"],"_links":{"self":[{"href":"https:\/\/ceramica-ch.ch\/fr\/wp-json\/wp\/v2\/pages\/648","targetHints":{"allow":["GET"]}}],"collection":[{"href":"https:\/\/ceramica-ch.ch\/fr\/wp-json\/wp\/v2\/pages"}],"about":[{"href":"https:\/\/ceramica-ch.ch\/fr\/wp-json\/wp\/v2\/types\/page"}],"author":[{"embeddable":true,"href":"https:\/\/ceramica-ch.ch\/fr\/wp-json\/wp\/v2\/users\/3"}],"replies":[{"embeddable":true,"href":"https:\/\/ceramica-ch.ch\/fr\/wp-json\/wp\/v2\/comments?post=648"}],"version-history":[{"count":6,"href":"https:\/\/ceramica-ch.ch\/fr\/wp-json\/wp\/v2\/pages\/648\/revisions"}],"predecessor-version":[{"id":22350,"href":"https:\/\/ceramica-ch.ch\/fr\/wp-json\/wp\/v2\/pages\/648\/revisions\/22350"}],"wp:attachment":[{"href":"https:\/\/ceramica-ch.ch\/fr\/wp-json\/wp\/v2\/media?parent=648"}],"curies":[{"name":"wp","href":"https:\/\/api.w.org\/{rel}","templated":true}]}}