{"id":6626,"date":"2020-07-13T13:26:28","date_gmt":"2020-07-13T11:26:28","guid":{"rendered":"https:\/\/culture-catalogweb.joanneum.at\/?page_id=6626"},"modified":"2023-11-24T21:13:38","modified_gmt":"2023-11-24T20:13:38","slug":"videos-sur-les-ceramiques","status":"publish","type":"page","link":"https:\/\/ceramica-ch.ch\/fr\/videos-sur-les-ceramiques\/","title":{"rendered":"Vid\u00e9os sur les c\u00e9ramiques"},"content":{"rendered":"\r\n<p>Vid\u00e9o cofinanc\u00e9e par la Fondation CERAMICA \u00e0 B\u00e2le :<\/p>\r\n<p>Il est tr\u00e8s rare de pouvoir suivre le travail d\u2019un constructeur de po\u00eales en activit\u00e9. Nous sommes donc tr\u00e8s heureux que la fondation CERAMICA \u00e0 B\u00e2le ait pu cofinancer ce documentaire d\u2019Alex Hagmann sur le travail du po\u00ealier Walter Higy de B\u00e2le.<\/p>\r\n<p>Vous pouvez visionner le film \u00ab\u00a0DAS FEUER B\u00c4NDIGEN &#8211; <em>MA\u00ceTRISER LE FEU, un potier et son artisanat traditionnel<\/em>\u00a0\u00bb <a href=\"https:\/\/vimeo.com\/791928890\/23feb03374?ts=0\">ici<\/a>.<\/p>\r\n<p><iframe loading=\"lazy\" title=\"DAS FEUER B\u00c4NDIGEN\" src=\"https:\/\/player.vimeo.com\/video\/791928890?h=23feb03374&amp;dnt=1&amp;app_id=122963\" width=\"604\" height=\"340\" frameborder=\"0\" allow=\"autoplay; fullscreen; picture-in-picture; clipboard-write\"><\/iframe><\/p>\r\n<p>&nbsp;<\/p>\r\n<p><strong>Films d&rsquo;autres producteurs :<\/strong><\/p>\r\n<p>La poterie d&rsquo;Ueli Kohler film\u00e9e\u00a0<\/p>\r\n<p><iframe loading=\"lazy\" title=\"Portraitfilm - T\u00f6pferei Kohler Sch\u00fcpbach (Emmental)\" width=\"604\" height=\"340\" src=\"https:\/\/www.youtube.com\/embed\/J8gft5cdbOU?feature=oembed\" frameborder=\"0\" allow=\"accelerometer; autoplay; clipboard-write; encrypted-media; gyroscope; picture-in-picture; web-share\" referrerpolicy=\"strict-origin-when-cross-origin\" allowfullscreen><\/iframe><\/p>\r\n<p><a href=\"https:\/\/www.youtube.com\/watch?v=8qjZOrq08iA\" target=\"_blank\" rel=\"noopener\">Film zur Laufdekortechnik (ab Minute 5:00)<\/a> \u2013 Film sur le <a href=\"https:\/\/ceramica-ch.ch\/fr\/glossary\/decor-aux-coulures\/#q=*%3A*\" target=\"_blank\" rel=\"noopener\">d\u00e9cor aux coulures<\/a> (\u00e0 partir de la minute 5\u00a0:00)<\/p>\r\n<p><a href=\"https:\/\/www.youtube.com\/watch?v=_PyKDYCNzF4\" target=\"_blank\" rel=\"noopener\">Laufdekor in der Ukraine<\/a> \u2013 Le d\u00e9cor aux coulures en Ukraine<\/p>\r\n<p><a href=\"https:\/\/www.facebook.com\/watch\/?v=1405037679535104&amp;external_log_id=226b3e9de3e41f1d302343ea1626c014&amp;q=potteriet%20r%C3%B8ros\" target=\"_blank\" rel=\"noopener\">Film zum Springfederdekor<\/a> &#8211; Film sur le <a href=\"https:\/\/ceramica-ch.ch\/fr\/glossary\/decor-guilloche\/#q=*%3A*\" target=\"_blank\" rel=\"noopener\">d\u00e9cor guilloch\u00e9<\/a><\/p>\r\n<p><a href=\"https:\/\/www.facebook.com\/potteriet.roros\/videos\/691004604282219\/\" target=\"_blank\" rel=\"noopener\">Film zum Springfederdekor<\/a> &#8211; Film sur le d\u00e9cor guilloch\u00e9<\/p>\r\n<p>&nbsp;<\/p>\r\n<p><a href=\"https:\/\/www.youtube.com\/watch?v=IuJIpKxqOfs\" target=\"_blank\" rel=\"noreferrer noopener\">Christian B\u00e9alu Expert, fa\u00efences et porcelaines anciennes<\/a><\/p>\r\n\r\n\r\n\r\n<p><a href=\"https:\/\/www.youtube.com\/watch?v=_CLE4h0yXI4\" target=\"_blank\" rel=\"noreferrer noopener\">Collection napol\u00e9onienne de Pierre-Jean Chalen\u00e7on, Visites priv\u00e9es<\/a><\/p>\r\n\r\n\r\n\r\n<p><a href=\"https:\/\/www.youtube.com\/watch?v=yy28ojSuGCs\" target=\"_blank\" rel=\"noreferrer noopener\">De David Johnston \u00e0 Jules Vieillard, Bordeaux<\/a><\/p>\r\n\r\n\r\n\r\n<p><a href=\"https:\/\/www.youtube.com\/watch?v=B0p3y11U1MY\" target=\"_blank\" rel=\"noreferrer noopener\">D\u00e9cor de chasse sur la fa\u00efence et la porcelaine des 17e et 18e<\/a><\/p>\r\n\r\n\r\n\r\n<p><a href=\"https:\/\/www.youtube.com\/watch?v=JWYytvQpwWs\" target=\"_blank\" rel=\"noreferrer noopener\">Fa\u00efence de Quimper 300 ans de tradition<\/a><\/p>\r\n\r\n\r\n\r\n<p><a href=\"https:\/\/www.youtube.com\/watch?v=JQw3mCtl3rY\" target=\"_blank\" rel=\"noreferrer noopener\">Fa\u00efence de Quimper d&rsquo;Andr\u00e9 Espern<\/a><\/p>\r\n\r\n\r\n\r\n<p><a href=\"https:\/\/www.youtube.com\/watch?v=H6Riq1VJvVI\" target=\"_blank\" rel=\"noreferrer noopener\">Fa\u00efences de Samadet Conf\u00e9rence Xavier Petitcol<\/a><\/p>\r\n\r\n\r\n\r\n<p><a href=\"https:\/\/www.youtube.com\/results?search_query=Marie-Pierre+ASQUIER+Restaurateur+de+fa%C3%AFence+et+de+porcelaine\" target=\"_blank\" rel=\"noreferrer noopener\">Marie-Pierre ASQUIER Restaurateur de fa\u00efence et de porcelaine<\/a><\/p>\r\n\r\n\r\n\r\n<p><a href=\"https:\/\/www.youtube.com\/watch?v=kFHpKjdSJG8\" target=\"_blank\" rel=\"noreferrer noopener\">Mus\u00e9e de la fa\u00efence Moustiers-Sainte-Marie<\/a><\/p>\r\n\r\n\r\n\r\n<p><a href=\"https:\/\/www.youtube.com\/watch?v=911wi8wBNIo\" target=\"_blank\" rel=\"noreferrer noopener\">Mus\u00e9e d\u00e9partemental de la fa\u00efence et des arts de la table \u00e0 Samadet<\/a><\/p>\r\n\r\n\r\n\r\n<p><a href=\"https:\/\/www.youtube.com\/watch?v=etOMIM1UDv8\" target=\"_blank\" rel=\"noreferrer noopener\">Porcelain exhibition Zwinger Palace Dresden<\/a><\/p>\r\n\r\n\r\n\r\n<p><a href=\"https:\/\/www.youtube.com\/watch?v=ut0wlg_N7iI\" target=\"_blank\" rel=\"noreferrer noopener\">Porcelaine de Limoges, Diff\u00e9rentes techniques de d\u00e9cor<\/a><\/p>\r\n\r\n\r\n\r\n<p><a href=\"https:\/\/www.youtube.com\/watch?v=UtIOE_ZeL4g\" target=\"_blank\" rel=\"noreferrer noopener\">Porcelaine de Limoges, l&rsquo;excellence \u00e0 la fran\u00e7aise<\/a><\/p>\r\n\r\n\r\n\r\n<p><a href=\"https:\/\/www.youtube.com\/watch?v=uTOB0I6paRk\" target=\"_blank\" rel=\"noreferrer noopener\">Terre de fa\u00efence<\/a><\/p>\r\n\r\n\r\n\r\n<p><a href=\"https:\/\/www.toepfereimuseum.org\/videos\" target=\"_blank\" rel=\"noreferrer noopener\">Mus\u00e9e de Gr\u00e8s Raeren<\/a><\/p>\r\n","protected":false},"excerpt":{"rendered":"<p>Vid\u00e9o cofinanc\u00e9e par la Fondation CERAMICA \u00e0 B\u00e2le : Il est tr\u00e8s rare de pouvoir suivre le travail d\u2019un constructeur de po\u00eales en activit\u00e9. Nous sommes donc tr\u00e8s heureux que la fondation CERAMICA \u00e0 B\u00e2le ait pu cofinancer ce documentaire d\u2019Alex Hagmann sur le travail du po\u00ealier Walter Higy de B\u00e2le. Vous pouvez visionner le &hellip; <a href=\"https:\/\/ceramica-ch.ch\/fr\/videos-sur-les-ceramiques\/\" class=\"more-link\">Continuer la lecture de <span class=\"screen-reader-text\">Vid\u00e9os sur les c\u00e9ramiques<\/span> <span class=\"meta-nav\">&rarr;<\/span><\/a><\/p>\n","protected":false},"author":3,"featured_media":0,"parent":0,"menu_order":0,"comment_status":"closed","ping_status":"closed","template":"","meta":{"footnotes":""},"class_list":["post-6626","page","type-page","status-publish","hentry"],"_links":{"self":[{"href":"https:\/\/ceramica-ch.ch\/fr\/wp-json\/wp\/v2\/pages\/6626","targetHints":{"allow":["GET"]}}],"collection":[{"href":"https:\/\/ceramica-ch.ch\/fr\/wp-json\/wp\/v2\/pages"}],"about":[{"href":"https:\/\/ceramica-ch.ch\/fr\/wp-json\/wp\/v2\/types\/page"}],"author":[{"embeddable":true,"href":"https:\/\/ceramica-ch.ch\/fr\/wp-json\/wp\/v2\/users\/3"}],"replies":[{"embeddable":true,"href":"https:\/\/ceramica-ch.ch\/fr\/wp-json\/wp\/v2\/comments?post=6626"}],"version-history":[{"count":11,"href":"https:\/\/ceramica-ch.ch\/fr\/wp-json\/wp\/v2\/pages\/6626\/revisions"}],"predecessor-version":[{"id":19065,"href":"https:\/\/ceramica-ch.ch\/fr\/wp-json\/wp\/v2\/pages\/6626\/revisions\/19065"}],"wp:attachment":[{"href":"https:\/\/ceramica-ch.ch\/fr\/wp-json\/wp\/v2\/media?parent=6626"}],"curies":[{"name":"wp","href":"https:\/\/api.w.org\/{rel}","templated":true}]}}