{"id":666,"date":"2018-04-13T13:56:48","date_gmt":"2018-04-13T11:56:48","guid":{"rendered":"https:\/\/culture-catalogweb.joanneum.at\/?page_id=666"},"modified":"2025-01-09T10:22:52","modified_gmt":"2025-01-09T09:22:52","slug":"mentions-legales","status":"publish","type":"page","link":"https:\/\/ceramica-ch.ch\/fr\/mentions-legales\/","title":{"rendered":"Mentions l\u00e9gales"},"content":{"rendered":"<p><strong>Propri\u00e9taire et exploitant du site Web:<\/strong><\/p>\n<p>Fondation CERAMICA B\u00e2le<br \/>\nPr\u00e9sident Dr. Thomas Staehelin<br \/>\nSt. Jakobs-Strasse 7<br \/>\nCase postale 2879<br \/>\n4002 B\u00e2le<br \/>\nSuisse<br \/>\nT\u00e9l\u00e9phone: +41 (0)61 278 99 55<br \/>\nFax: +41 (0)61 272 71 35<br \/>\nCourriel: info (at) keramik-der-schweiz.ch<\/p>\n<p><strong>D\u00e9veloppement de la banque d\u2019images: <\/strong>L\u2019application web \u00abculture.Catalog\u00bb utilis\u00e9e par CERAMICA CH est d\u00e9velopp\u00e9e par la Forschungsgruppe Connected Computing de l\u2019Institut DIGITAL de JOANNEUM RESEARCH (Forschungsgesellschaft mbH).<\/p>\n<p><strong>Conception de la page d\u2019accueil: <\/strong>JOANNEUM RESEARCH (Forschungsgesellschaft mbH), Graz.<\/p>\n<p><strong>Aspects juridiques : <\/strong>Pour toutes questions formelles ou juridiques, la version allemande de cette page d&rsquo;accueil fait foi, et non sa traduction en langue fran\u00e7aise. Cette derni\u00e8re n&rsquo;existe que pour en faciliter la compr\u00e9hension.<\/p>\n<p><strong>Responsabilit\u00e9<\/strong> : Tous les textes et autres contenus publi\u00e9s sur le site internet ont \u00e9t\u00e9 soigneusement v\u00e9rifi\u00e9s. La Fondation CERAMICA n&rsquo;assume aucune responsabilit\u00e9 quant \u00e0 la justesse, l&rsquo;exactitude, l\u2019actualit\u00e9, la fiabilit\u00e9 et l&rsquo;exhaustivit\u00e9 des informations. Les recours en responsabilit\u00e9 contre la Fondation CERAMICA pour des dommages mat\u00e9riels ou immat\u00e9riels r\u00e9sultant de l&rsquo;acc\u00e8s ou de l&rsquo;utilisation, respectivement de la non-utilisation, des informations publi\u00e9es, d&rsquo;un usage abusif de la connexion ou de d\u00e9fauts techniques sont exclus. La Fondation CERAMICA se r\u00e9serve express\u00e9ment le droit de modifier, de compl\u00e9ter ou de supprimer certaines parties des pages ou la totalit\u00e9 de la page d&rsquo;accueil sans pr\u00e9avis ou de cesser la publication de mani\u00e8re temporaire ou permanente.<\/p>\n<p><strong>Copyright <\/strong>: Les illustrations publi\u00e9es dans CERAMICA CH sont prot\u00e9g\u00e9es par la loi suisse sur le droit d&rsquo;auteur et les droits voisins. La Fondation CERAMICA et les mus\u00e9es partenaires se sont efforc\u00e9s, dans la mesure du possible, de trouver les ayants droit l\u00e9gaux et d&rsquo;obtenir les autorisations n\u00e9cessaires \u00e0 la reproduction. Si, dans certains cas particuliers et malgr\u00e9 tous les efforts d\u00e9ploy\u00e9s, les questions juridiques relatives au droit d&rsquo;auteur n\u2019ont pas \u00e9t\u00e9 r\u00e9solues de mani\u00e8re ad\u00e9quate, nous serions reconnaissants aux ayants droit ou aux institutions concern\u00e9es de nous contacter afin de clarifier la situation juridique.<\/p>\n<p>Les utilisateurs et utilisatrices de CERAMICA CH sont autoris\u00e9s \u00e0 utiliser les images publi\u00e9es dans CERAMICA CH \u00e0 des fins non commerciales, que ce soit dans un contexte priv\u00e9 ou scientifique.<\/p>\n<p>Par contre, toute utilisation des images dans le cadre d\u2019un projet ou d\u2019une activit\u00e9 poursuivant des objectifs commerciaux est soumise \u00e0 une autorisation \u00e9crite pr\u00e9alable \u00e9mise par le mus\u00e9e ou l\u2019institution concern\u00e9e.<\/p>\n<p><strong>Les commandes d&rsquo;images ne doivent pas \u00eatre adress\u00e9es \u00e0 la Fondation CERAMICA, mais directement au mus\u00e9e concern\u00e9, avec l&rsquo;indication du num\u00e9ro d&rsquo;inventaire de l\u2019objet concern\u00e9.<\/strong><\/p>\n<p>CERAMICA CH n&rsquo;est en aucun cas responsable de l&rsquo;utilisation non autoris\u00e9e d&rsquo;images par des tiers.<\/p>\n<p>Les entr\u00e9es d&rsquo;inventaire de chaque objet c\u00e9ramique ainsi que les textes g\u00e9n\u00e9raux publi\u00e9s sur le site sont soumis au droit d&rsquo;auteur. Leur utilisation, priv\u00e9e ou professionnelle, doit \u00eatre conforme aux <a href=\"https:\/\/phzh.ch\/globalassets\/phzh.ch\/forschung\/forschung-auf-einen-blick\/wissenschaftliche-integritaet\/Policy-Paper_Wissenschaftliche_Redlichkeit.pdf\" target=\"_blank\" rel=\"noopener noreferrer\">r\u00e8gles de l\u2019int\u00e9grit\u00e9 scientifique<\/a>.<\/p>\n<p>Les entr\u00e9es d&rsquo;inventaire peuvent \u00eatre cit\u00e9es de la m\u00eame mani\u00e8re que les articles de r\u00e9f\u00e9rence.<\/p>\n<p>La reproduction litt\u00e9rale des entr\u00e9es d&rsquo;inventaire (en ligne ou hors-ligne) ainsi que leur utilisation dans un contexte commercial sont soumises \u00e0 une autorisation \u00e9mise par les mus\u00e9es ou institutions concern\u00e9s.<\/p>\n<p>Pour une utilisation, en tout ou en partie, des textes g\u00e9n\u00e9raux publi\u00e9s sur CERAMICA CH dans un contexte commercial, pri\u00e8re de nous contacter \u00e0 l&rsquo;avance afin d\u2019obtenir une autorisation en bonne et due forme (<em>info (at) keramik-der-schweiz.ch<\/em>).<\/p>\n<p><strong>Liens\u00a0hypertextes: <\/strong><\/p>\n<p><strong>Des liens hypertextes vers CERAMICA CH ou vers les entr\u00e9es d\u2019inventaires individuelles de CERAMICA CH sont non seulement autoris\u00e9s mais express\u00e9ment souhait\u00e9s. <\/strong>Cependant, le transfert de la totalit\u00e9 de la page d\u2019accueil dans un Frame Set appartenant \u00e0 l&rsquo;\u00e9diteur du lien n&rsquo;est pas autoris\u00e9.<\/p>\n<p>Les renvois et les liens vers des sites internet tiers ne rel\u00e8vent pas de la responsabilit\u00e9 de la Fondation CERAMICA. Cette derni\u00e8re d\u00e9cline donc toute responsabilit\u00e9 en la mati\u00e8re. L&rsquo;utilisateur qui acc\u00e8de \u00e0 ces sites web le fait \u00e0 ses risques et p\u00e9rils. La Fondation CERAMICA ne s&rsquo;identifie pas avec le contenu des sites li\u00e9s et n&rsquo;assume aucune responsabilit\u00e9 \u00e0 l\u2019\u00e9gard de ces liens. Si l&rsquo;un des sites web li\u00e9s devait pr\u00e9senter un contenu douteux voire ill\u00e9gal, vous \u00eates invit\u00e9 \u00e0 le notifier, de mani\u00e8re \u00e0 ce que le lien en question soit imm\u00e9diatement supprim\u00e9.<\/p>\n<p><strong>Explications sur la protection des donn\u00e9es<\/strong><\/p>\n","protected":false},"excerpt":{"rendered":"<p>Propri\u00e9taire et exploitant du site Web: Fondation CERAMICA B\u00e2le Pr\u00e9sident Dr. Thomas Staehelin St. Jakobs-Strasse 7 Case postale 2879 4002 B\u00e2le Suisse T\u00e9l\u00e9phone: +41 (0)61 278 99 55 Fax: +41 (0)61 272 71 35 Courriel: info (at) keramik-der-schweiz.ch D\u00e9veloppement de la banque d\u2019images: L\u2019application web \u00abculture.Catalog\u00bb utilis\u00e9e par CERAMICA CH est d\u00e9velopp\u00e9e par la Forschungsgruppe &hellip; <a href=\"https:\/\/ceramica-ch.ch\/fr\/mentions-legales\/\" class=\"more-link\">Continuer la lecture de <span class=\"screen-reader-text\">Mentions l\u00e9gales<\/span> <span class=\"meta-nav\">&rarr;<\/span><\/a><\/p>\n","protected":false},"author":3,"featured_media":0,"parent":0,"menu_order":0,"comment_status":"closed","ping_status":"closed","template":"","meta":{"footnotes":""},"class_list":["post-666","page","type-page","status-publish","hentry"],"_links":{"self":[{"href":"https:\/\/ceramica-ch.ch\/fr\/wp-json\/wp\/v2\/pages\/666","targetHints":{"allow":["GET"]}}],"collection":[{"href":"https:\/\/ceramica-ch.ch\/fr\/wp-json\/wp\/v2\/pages"}],"about":[{"href":"https:\/\/ceramica-ch.ch\/fr\/wp-json\/wp\/v2\/types\/page"}],"author":[{"embeddable":true,"href":"https:\/\/ceramica-ch.ch\/fr\/wp-json\/wp\/v2\/users\/3"}],"replies":[{"embeddable":true,"href":"https:\/\/ceramica-ch.ch\/fr\/wp-json\/wp\/v2\/comments?post=666"}],"version-history":[{"count":11,"href":"https:\/\/ceramica-ch.ch\/fr\/wp-json\/wp\/v2\/pages\/666\/revisions"}],"predecessor-version":[{"id":20549,"href":"https:\/\/ceramica-ch.ch\/fr\/wp-json\/wp\/v2\/pages\/666\/revisions\/20549"}],"wp:attachment":[{"href":"https:\/\/ceramica-ch.ch\/fr\/wp-json\/wp\/v2\/media?parent=666"}],"curies":[{"name":"wp","href":"https:\/\/api.w.org\/{rel}","templated":true}]}}