{"id":677,"date":"2018-04-13T14:59:49","date_gmt":"2018-04-13T12:59:49","guid":{"rendered":"https:\/\/culture-catalogweb.joanneum.at\/?page_id=677"},"modified":"2025-01-09T10:13:23","modified_gmt":"2025-01-09T09:13:23","slug":"copyright-et-regles-de-citations","status":"publish","type":"page","link":"https:\/\/ceramica-ch.ch\/fr\/copyright-et-regles-de-citations\/","title":{"rendered":"Droits d\u2019auteur et directives concernant les citations"},"content":{"rendered":"<p><strong>Des liens hypertextes vers CERAMICA CH ou vers des entr\u00e9es d\u2019inventaire individuelles de CERAMICA CH sont non seulement autoris\u00e9s mais express\u00e9ment souhait\u00e9s.<\/strong><\/p>\n<p><strong>Droits d\u2019auteur relatifs aux images<\/strong><\/p>\n<p>Les illustrations publi\u00e9es dans CERAMICA CH sont prot\u00e9g\u00e9es par la loi suisse sur le droit d&rsquo;auteur et les droits voisins. La Fondation CERAMICA et les mus\u00e9es partenaires se sont efforc\u00e9s, dans la mesure du possible, de trouver les ayants droit l\u00e9gaux et d&rsquo;obtenir les autorisations n\u00e9cessaires \u00e0 la reproduction. Si, dans certains cas particuliers et malgr\u00e9 tous les efforts d\u00e9ploy\u00e9s, les questions juridiques relatives au droit d&rsquo;auteur n\u2019ont pas \u00e9t\u00e9 r\u00e9solues de mani\u00e8re ad\u00e9quate, nous serions reconnaissants aux ayants droit ou aux institutions concern\u00e9es de nous contacter afin de clarifier la situation juridique.<\/p>\n<p>Les utilisateurs et utilisatrices de CERAMICA CH sont autoris\u00e9s \u00e0 utiliser les images publi\u00e9es dans CERAMICA CH \u00e0 des fins non commerciales, que ce soit dans un contexte priv\u00e9 ou scientifique.<\/p>\n<p>Par contre, toute utilisation des images dans le cadre d\u2019un projet ou d\u2019une activit\u00e9 poursuivant des objectifs commerciaux est soumise \u00e0 une autorisation \u00e9crite pr\u00e9alable \u00e9mise par le mus\u00e9e ou l\u2019institution concern\u00e9e. Les commandes d&rsquo;images ne doivent pas \u00eatre adress\u00e9es \u00e0 la Fondation CERAMICA, mais directement au mus\u00e9e concern\u00e9, avec l&rsquo;indication du num\u00e9ro d&rsquo;inventaire de l\u2019objet concern\u00e9. CERAMICA CH n&rsquo;est en aucun cas responsable de l&rsquo;utilisation non autoris\u00e9e d&rsquo;images par des tiers.<\/p>\n<p><strong>Directives concernant les citations<\/strong><\/p>\n<p>Les entr\u00e9es d&rsquo;inventaire de chaque objet c\u00e9ramique ainsi que les textes g\u00e9n\u00e9raux publi\u00e9s sur le site sont soumis au droit d&rsquo;auteur. Leur utilisation, priv\u00e9e ou professionnelle, doit \u00eatre conforme aux <a href=\"https:\/\/phzh.ch\/globalassets\/phzh.ch\/forschung\/forschung-auf-einen-blick\/wissenschaftliche-integritaet\/Policy-Paper_Wissenschaftliche_Redlichkeit.pdf\" target=\"_blank\" rel=\"noopener\">r\u00e8gles de l\u2019int\u00e9grit\u00e9 scientifique<\/a>. Les entr\u00e9es d&rsquo;inventaire peuvent \u00eatre cit\u00e9es de la m\u00eame mani\u00e8re que les articles de r\u00e9f\u00e9rence. La reproduction litt\u00e9rale des entr\u00e9es d&rsquo;inventaire (en ligne ou hors-ligne) ainsi que leur utilisation dans un contexte commercial sont soumises \u00e0 une autorisation \u00e9mise par les mus\u00e9es ou institutions concern\u00e9s. Pour une utilisation, en tout ou en partie, des textes g\u00e9n\u00e9raux publi\u00e9s sur CERAMICA CH dans un contexte commercial, pri\u00e8re de nous contacter \u00e0 l&rsquo;avance afin d\u2019obtenir une autorisation en bonne et due forme (<em>info (at) keramik-der-schweiz.ch<\/em>).<\/p>\n<p>Les entr\u00e9es d\u2019inventaire peuvent \u00eatre cit\u00e9es en mentionnant les sp\u00e9cifications suivantes:<\/p>\n<p>Auteur(s) de l&rsquo;entr\u00e9e (ann\u00e9e de publication ou date de la derni\u00e8re mise \u00e0 jour). Titre de l&rsquo;entr\u00e9e (forme de l\u2019objet c\u00e9ramique, lieu de fabrication, atelier, num\u00e9ro d&rsquo;inventaire). Dans\u00a0: CERAMICA CH. La notice peut \u00eatre t\u00e9l\u00e9charg\u00e9e par son URL.<\/p>\n<p>Exemple:<\/p>\n<p>Blaettler, Roland (2018), La manufacture de Matzendorf\/Aedermannsdorf. Dans : CERAMICA CH. Consult\u00e9 sur <a href=\"https:\/\/ceramica-ch.ch\/glossary\/matzendorf-aedermannsdorf-so-fayencemanufaktur-1798-2004\/#q=*%3A*\" target=\"_blank\" rel=\"noopener\">https:\/\/ceramica-ch.ch\/glossary\/matzendorf-aedermannsdorf-so-fayencemanufaktur-1798-2004\/#q=*%3A*<\/a>, Date.<\/p>\n","protected":false},"excerpt":{"rendered":"<p>Des liens hypertextes vers CERAMICA CH ou vers des entr\u00e9es d\u2019inventaire individuelles de CERAMICA CH sont non seulement autoris\u00e9s mais express\u00e9ment souhait\u00e9s. Droits d\u2019auteur relatifs aux images Les illustrations publi\u00e9es dans CERAMICA CH sont prot\u00e9g\u00e9es par la loi suisse sur le droit d&rsquo;auteur et les droits voisins. La Fondation CERAMICA et les mus\u00e9es partenaires se &hellip; <a href=\"https:\/\/ceramica-ch.ch\/fr\/copyright-et-regles-de-citations\/\" class=\"more-link\">Continuer la lecture de <span class=\"screen-reader-text\">Droits d\u2019auteur et directives concernant les citations<\/span> <span class=\"meta-nav\">&rarr;<\/span><\/a><\/p>\n","protected":false},"author":3,"featured_media":0,"parent":0,"menu_order":0,"comment_status":"closed","ping_status":"closed","template":"","meta":{"footnotes":""},"class_list":["post-677","page","type-page","status-publish","hentry"],"_links":{"self":[{"href":"https:\/\/ceramica-ch.ch\/fr\/wp-json\/wp\/v2\/pages\/677","targetHints":{"allow":["GET"]}}],"collection":[{"href":"https:\/\/ceramica-ch.ch\/fr\/wp-json\/wp\/v2\/pages"}],"about":[{"href":"https:\/\/ceramica-ch.ch\/fr\/wp-json\/wp\/v2\/types\/page"}],"author":[{"embeddable":true,"href":"https:\/\/ceramica-ch.ch\/fr\/wp-json\/wp\/v2\/users\/3"}],"replies":[{"embeddable":true,"href":"https:\/\/ceramica-ch.ch\/fr\/wp-json\/wp\/v2\/comments?post=677"}],"version-history":[{"count":7,"href":"https:\/\/ceramica-ch.ch\/fr\/wp-json\/wp\/v2\/pages\/677\/revisions"}],"predecessor-version":[{"id":20541,"href":"https:\/\/ceramica-ch.ch\/fr\/wp-json\/wp\/v2\/pages\/677\/revisions\/20541"}],"wp:attachment":[{"href":"https:\/\/ceramica-ch.ch\/fr\/wp-json\/wp\/v2\/media?parent=677"}],"curies":[{"name":"wp","href":"https:\/\/api.w.org\/{rel}","templated":true}]}}