{"id":7620,"date":"2021-04-01T10:56:38","date_gmt":"2021-04-01T08:56:38","guid":{"rendered":"https:\/\/culture-catalogweb.joanneum.at\/?page_id=7620"},"modified":"2026-01-15T11:54:50","modified_gmt":"2026-01-15T10:54:50","slug":"marques-et-signatures-de-la-ceramique-suisse","status":"publish","type":"page","link":"https:\/\/ceramica-ch.ch\/fr\/marques-et-signatures-de-la-ceramique-suisse\/","title":{"rendered":"Marques et signatures de la c\u00e9ramique suisse"},"content":{"rendered":"\r\n<figure class=\"wp-block-image size-large is-resized\"><img loading=\"lazy\" decoding=\"async\" class=\"wp-image-7560\" src=\"https:\/\/culture-catalogweb.joanneum.at\/wp-content\/uploads\/1979_ASK-Luzern_001-726x1024.jpg\" alt=\"\" width=\"410\" height=\"578\" srcset=\"https:\/\/ceramica-ch.ch\/wp-content\/uploads\/1979_ASK-Luzern_001-726x1024.jpg 726w, https:\/\/ceramica-ch.ch\/wp-content\/uploads\/1979_ASK-Luzern_001-213x300.jpg 213w, https:\/\/ceramica-ch.ch\/wp-content\/uploads\/1979_ASK-Luzern_001-768x1083.jpg 768w, https:\/\/ceramica-ch.ch\/wp-content\/uploads\/1979_ASK-Luzern_001-1089x1536.jpg 1089w, https:\/\/ceramica-ch.ch\/wp-content\/uploads\/1979_ASK-Luzern_001-1453x2048.jpg 1453w, https:\/\/ceramica-ch.ch\/wp-content\/uploads\/1979_ASK-Luzern_001-scaled.jpg 1816w\" sizes=\"auto, (max-width: 410px) 100vw, 410px\" \/><\/figure>\r\n\r\n\r\n\r\n<p>A l\u2019heure actuelle, il n&rsquo;existe pas de r\u00e9pertoire complet des marques des c\u00e9ramistes ou des ateliers\/fabriques\/manufactures de c\u00e9ramiques suisses.<\/p>\r\n\r\n\r\n\r\n<p>La vue d&rsquo;ensemble la plus r\u00e9cente est fournie par ce <a href=\"https:\/\/www.antik-und-rar.ch\/index.html\" target=\"_blank\" rel=\"noreferrer noopener\">r\u00e9pertoire des signatures des c\u00e9ramiques suisses<\/a> (en allemand).<\/p>\r\n\r\n\r\n\r\n<p>L&rsquo;Association C\u00e9ramique Suisse <a href=\"https:\/\/swissceramics.ch\/fr\/\">swissceramics<\/a> publie en ligne la <a href=\"https:\/\/swissceramics.ch\/fr\/membres\/listecompletedesmembres\/\">liste des membres actuels<\/a>. Certains membres figurent aussi dans la section <a href=\"https:\/\/swissceramics.ch\/fr\/association\/portrait\/\">portrait<\/a>.<\/p>\r\n\r\n\r\n\r\n<p>Dans la <a href=\"https:\/\/ceramica-ch.ch\/fr\/inventaire-et-banque-dimages\/#q=*%3A*\">banque d\u2019image et de recherche d\u2019objets<\/a> de CERAMICA CH, les marques sont \u00e9galement pr\u00e9sentes, lorsqu\u2019elles existent. La mani\u00e8re la plus efficace d\u2019obtenir des comparaisons pertinentes est de commencer par restreindre les objets sur lesquels la recherche s\u2019effectue au moyen de filtres (fa\u00efence, porcelaine&#8230;), puis de r\u00e9duire \u00e0 nouveau cette s\u00e9lection en fonction du pays d&rsquo;origine potentiel et\/ou d&rsquo;une datation estim\u00e9e, et enfin de parcourir l&rsquo;inventaire qui vous est propos\u00e9. Vous pouvez \u00e9galement utiliser la recherche en \u00ab\u00a0plein texte\u00a0\u00bb en introduisant dans le champ de recherche \u00ab\u00a0marque\u00a0\u00bb ou, encore mieux, \u00ab\u00a0marque fabricant\u00a0\u00bb ou \u00ab\u00a0marque fabrique\u00a0\u00bb ou encore rechercher par types de marques sp\u00e9cifiques (par exemple marque estamp\u00e9e, marque au pinceau, marque en relief, etc. &#8230;). Les diff\u00e9rents types de <a href=\"https:\/\/ceramica-ch.ch\/fr\/glossary\/marques\/#q=*%3A*\" target=\"_blank\" rel=\"noreferrer noopener\">marques<\/a> sont d\u00e9crites dans le glossaire. Si vous avez recherch\u00e9 la marque du fabricant en plein texte, vous verrez \u00e0 droite, dans le champ de filtrage, la mention \u00ab\u00a0Pays de provenance\u00a0\u00bb indiquant quels pays sont repr\u00e9sent\u00e9s et vous pourrez alors affiner la recherche sur cette base. Vous pouvez aussi regarder dans le champ de filtrage \u00ab\u00a0Lieu de production\u00a0\u00bb et voir quels lieux sont repr\u00e9sent\u00e9s dans la banque de donn\u00e9es jusqu&rsquo;\u00e0 pr\u00e9sent.<\/p>\r\n\r\n\r\n\r\n<p><strong><strong>Liens vers d&rsquo;autres r\u00e9pertoires de marques c\u00e9ramiques (s\u00e9lection) :<\/strong><\/strong><\/p>\r\n<p><a href=\"https:\/\/ceramica-ch.ch\/fr\/glossary\/tableaux-des-marques-de-la-manufacture-ceramique-artistique-lucerne-s-a\/#q=*%3A*\" target=\"_blank\" rel=\"noopener\"><strong>Tableaux des marques de la manufacture C\u00e9ramique artistique, Lucerne S.A<\/strong>.<\/a><\/p>\r\n\r\n\r\n\r\n\r\n\r\n<p><a href=\"http:\/\/www.studer-schweiz.ch\/downloads\/stempelabfolge.pdf\" target=\"_blank\" rel=\"noreferrer noopener\">Tableaux\u00a0 des marques de la porcelaine de Langenthal<\/a><\/p>\r\n\r\n\r\n\r\n<p><a href=\"http:\/\/www.mineralwasserkruege.homepage.t-online.de\/\" target=\"_blank\" rel=\"noreferrer noopener\">Marques des cruches et bouteilles d\u2018eau min\u00e9rales<\/a><\/p>\r\n\r\n\r\n\r\n<p><a href=\"https:\/\/www.porcelainmarksandmore.com\/\" target=\"_blank\" rel=\"noreferrer noopener\">Marques des porcelaines<\/a><\/p>\r\n\r\n\r\n\r\n<p><a href=\"http:\/\/www.steinmarks.co.uk\/\" target=\"_blank\" rel=\"noreferrer noopener\">Marques sur les chopes en gr\u00e8s des 19\u00e8me et 20\u00e8me si\u00e8cles<\/a><\/p>\r\n\r\n\r\n\r\n<p><a href=\"http:\/\/www.archivioceramica.com\/MARCHI\/marchi%20con%20disegni.htm\" target=\"_blank\" rel=\"noreferrer noopener\">Liste des marques italiennes<\/a><\/p>\r\n\r\n\r\n\r\n<p><strong><strong>R\u00e9pertoires des marques (s\u00e9lection de quelques publications) :<\/strong><\/strong><\/p>\r\n\r\n\r\n\r\n<p>Graesse\/Jaennicke 1997<br \/>Johann Georg Theodor Graesse\/Friedrich Jaennicke, F\u00fchrer f\u00fcr Sammler von Porzellan und Fayence. Umfassendes Verzeichnis der auf \u00e4lterem und neuerem Porzellan, Fayence, Steinzeug, Steingut usw. befindlichen Marken, M\u00fcnchen \/ Berlin, 28. Auflage, 1997.<\/p>\r\n\r\n\r\n\r\n<p>Tardy 1949<br \/>Poteries et fa\u00efences fran\u00e7aises, 1\u00e8re, 2\u00e8me parties et 3\u00e8me parties, 3\u00e8me \u00e9dition, Paris 1971.<\/p>\r\n\r\n\r\n\r\n<p>Tardy 1983<br \/>Les poteries-fa\u00efences-porcelaines europ\u00e9ennes ; caract\u00e9ristiques et marques, 1\u00e8re et 2\u00e8me parties, Paris 1983<\/p>\r\n\r\n\r\n\r\n<p>Z\u00fchlsdorff 1994<br \/>Dieter Z\u00fchlsdorff, Keramik-Marken Lexikon. Porzellan- und Keramik Report 1885-1935 Europa (Festland), Stuttgart 1994 (2. Auflage ).<\/p>\r\n","protected":false},"excerpt":{"rendered":"<p>A l\u2019heure actuelle, il n&rsquo;existe pas de r\u00e9pertoire complet des marques des c\u00e9ramistes ou des ateliers\/fabriques\/manufactures de c\u00e9ramiques suisses. La vue d&rsquo;ensemble la plus r\u00e9cente est fournie par ce r\u00e9pertoire des signatures des c\u00e9ramiques suisses (en allemand). L&rsquo;Association C\u00e9ramique Suisse swissceramics publie en ligne la liste des membres actuels. Certains membres figurent aussi dans la &hellip; <a href=\"https:\/\/ceramica-ch.ch\/fr\/marques-et-signatures-de-la-ceramique-suisse\/\" class=\"more-link\">Continuer la lecture de <span class=\"screen-reader-text\">Marques et signatures de la c\u00e9ramique suisse<\/span> <span class=\"meta-nav\">&rarr;<\/span><\/a><\/p>\n","protected":false},"author":3,"featured_media":0,"parent":0,"menu_order":0,"comment_status":"closed","ping_status":"closed","template":"","meta":{"footnotes":""},"class_list":["post-7620","page","type-page","status-publish","hentry"],"_links":{"self":[{"href":"https:\/\/ceramica-ch.ch\/fr\/wp-json\/wp\/v2\/pages\/7620","targetHints":{"allow":["GET"]}}],"collection":[{"href":"https:\/\/ceramica-ch.ch\/fr\/wp-json\/wp\/v2\/pages"}],"about":[{"href":"https:\/\/ceramica-ch.ch\/fr\/wp-json\/wp\/v2\/types\/page"}],"author":[{"embeddable":true,"href":"https:\/\/ceramica-ch.ch\/fr\/wp-json\/wp\/v2\/users\/3"}],"replies":[{"embeddable":true,"href":"https:\/\/ceramica-ch.ch\/fr\/wp-json\/wp\/v2\/comments?post=7620"}],"version-history":[{"count":6,"href":"https:\/\/ceramica-ch.ch\/fr\/wp-json\/wp\/v2\/pages\/7620\/revisions"}],"predecessor-version":[{"id":23038,"href":"https:\/\/ceramica-ch.ch\/fr\/wp-json\/wp\/v2\/pages\/7620\/revisions\/23038"}],"wp:attachment":[{"href":"https:\/\/ceramica-ch.ch\/fr\/wp-json\/wp\/v2\/media?parent=7620"}],"curies":[{"name":"wp","href":"https:\/\/api.w.org\/{rel}","templated":true}]}}