{"id":7628,"date":"2021-04-01T11:17:00","date_gmt":"2021-04-01T09:17:00","guid":{"rendered":"https:\/\/culture-catalogweb.joanneum.at\/?page_id=7628"},"modified":"2023-04-18T11:34:45","modified_gmt":"2023-04-18T09:34:45","slug":"la-ceramique-suisse","status":"publish","type":"page","link":"https:\/\/ceramica-ch.ch\/fr\/la-ceramique-suisse\/","title":{"rendered":"La c\u00e9ramique suisse"},"content":{"rendered":"<p><img loading=\"lazy\" decoding=\"async\" class=\"alignnone wp-image-2331 size-large\" src=\"https:\/\/culture-catalogweb.joanneum.at\/wp-content\/uploads\/MAG_AR932_Foto-Mauro-Magliani_2016_01-1010x1024.jpg\" alt=\"\" width=\"604\" height=\"612\" srcset=\"https:\/\/ceramica-ch.ch\/wp-content\/uploads\/MAG_AR932_Foto-Mauro-Magliani_2016_01-1010x1024.jpg 1010w, https:\/\/ceramica-ch.ch\/wp-content\/uploads\/MAG_AR932_Foto-Mauro-Magliani_2016_01-296x300.jpg 296w, https:\/\/ceramica-ch.ch\/wp-content\/uploads\/MAG_AR932_Foto-Mauro-Magliani_2016_01-768x778.jpg 768w\" sizes=\"auto, (max-width: 604px) 100vw, 604px\" \/><\/p>\r\n\r\n<p class=\"has-text-align-left\"><strong>Conf\u00e9rence en ligne:<\/strong><\/p>\r\n\r\n\r\n\r\n<p><a href=\"https:\/\/www.youtube.com\/watch?v=b61hykeM00Y&amp;list=PLekrvCvn9JDF-zs7BaR3pU1XojoLyWfZB&amp;index=7\" target=\"_blank\" rel=\"noreferrer noopener\">Andreas Heege<\/a>: <a href=\"https:\/\/www.youtube.com\/watch?v=b61hykeM00Y&amp;list=PLekrvCvn9JDF-zs7BaR3pU1XojoLyWfZB&amp;index=7\" target=\"_blank\" rel=\"noreferrer noopener\">Les connaissances les plus \u00e0 jour sur la c\u00e9ramique en Suisse des ann\u00e9es 1350 \u00e0 1850<\/a><\/p>\r\n\r\n\r\n\r\n<p><a href=\"https:\/\/www.youtube.com\/watch?v=LXuPl61KahA&amp;list=PLekrvCvn9JDEoRHWThm3D-3Tef844NkTj&amp;index=7\" target=\"_blank\" rel=\"noreferrer noopener\">Michelle Joguin-Regelin<\/a>: <a href=\"https:\/\/www.youtube.com\/watch?v=LXuPl61KahA&amp;list=PLekrvCvn9JDEoRHWThm3D-3Tef844NkTj&amp;index=7\" target=\"_blank\" rel=\"noreferrer noopener\">Les connaissances les plus \u00e0 jour sur la c\u00e9ramique en Suisse des ann\u00e9es 1350 \u00e0 1850<\/a><\/p>\r\n\r\n\r\n\r\n<p><a href=\"https:\/\/www.youtube.com\/watch?v=AkVxs3F9mIA\" target=\"_blank\" rel=\"noreferrer noopener\">Pierre-Yves Tribolet: Une histoire de la c\u00e9ramique suisse &#8211; Partie 1 &#8211; XVIIe s. et c\u00e9ramiques bernoises 1700-1850<\/a><\/p>\r\n\r\n\r\n\r\n<p><a href=\"https:\/\/www.youtube.com\/watch?v=iZXFM9S00lA\" target=\"_blank\" rel=\"noreferrer noopener\">Pierre-Yves Tribolet: La c\u00e9ramique suisse &#8211; Partie 2 &#8211; Les manufactures de fa\u00efences et porcelaines 1750-1850<\/a><\/p>\r\n\r\n\r\n\r\n<p>Wichtige Ver\u00f6ffentlichungen online:<\/p>\r\n<p><a href=\"https:\/\/sh.ch\/CMS\/Webseite\/Kanton-Schaffhausen\/Beh-rde\/Verwaltung\/Baudepartement\/Amt-f-r-Denkmalpflege-und-Arch-ologie\/Kantonsarch-ologie-1822862-DE.html\" target=\"_blank\" rel=\"noopener\">Homberger\/Zubler, Mittelalterliche und neuzeitliche Keramik der Region Schaffhausen<\/a><\/p>\r\n<p><em>C\u00e9ramique m\u00e9di\u00e9vale et moderne de la r\u00e9gion de Schaffhouse.<\/em><\/p>\r\n<p><em>Ce travail traite des fouilles c\u00e9ramiques m\u00e9di\u00e9vales et des temps modernes de la r\u00e9gion de Schaffhouse. La typologie \u00e9labor\u00e9e et utilis\u00e9e pour le traitement est pr\u00e9sent\u00e9e en d\u00e9tail. La publication contient \u00e9galement la s\u00e9riation assist\u00e9e par ordinateur qui a permis d&rsquo;\u00e9valuer chronologiquement le mat\u00e9riel trouv\u00e9. De nouvelles d\u00e9couvertes et de nouveaux r\u00e9sultats de sites importants de Schaffhouse sont pr\u00e9sent\u00e9s pour la premi\u00e8re fois. Un catalogue des sites d\u00e9crit tous les ensembles de trouvailles utilis\u00e9s dans la s\u00e9riation, y compris les sites comparatifs situ\u00e9s en dehors du canton de Schaffhouse.<\/em><\/p>\r\n<p>pour ceux qui s&rsquo;int\u00e9resse, outre aux ch\u00e2teaux-fort, aux po\u00eales en fa\u00efence qu&rsquo;ils conservent souvent :<\/p>\r\n<p><a href=\"https:\/\/sh.ch\/CMS\/Webseite\/Kanton-Schaffhausen\/Beh-rde\/Verwaltung\/Baudepartement\/Amt-f-r-Denkmalpflege-und-Arch-ologie\/Kantonsarch-ologie-1822265-DE.html\" target=\"_blank\" rel=\"noopener\">Heege, Hohenklingen<\/a><\/p>\r\n<p><em>Ch\u00e2teau de Hohenklingen au-dessus de Stein am Rhein, volume 2<\/em><\/p>\r\n<p><em>Gr\u00e2ce \u00e0 sa magnifique conservation m\u00e9di\u00e9vale, le <a href=\"http:\/\/www.swisscastles.ch\/Schaffhausen\/hohenklingen.html\">ch\u00e2teau de Hohenklingen<\/a> est un joyau dans le paysage des ch\u00e2teaux forts, mille fois reconstruits sur ses ruines. C&rsquo;est ce qu&rsquo;ont mis en \u00e9vidence les derni\u00e8res recherches effectu\u00e9es lors de sa restauration en 2003-2007. La publication en deux volumes est d\u00e9sormais disponible.<\/em><\/p>\r\n<p><em>Dans le premier volume, elle raconte l&rsquo;histoire de la construction du ch\u00e2teau pendant 800 ans et l&rsquo;histoire de ses habitants, la famille des barons Hohenklingen, de 1191 \u00e0 1433. Les barons se sont en outre manifest\u00e9s par leur pr\u00e9sence dans des fermes \u00e0 Stein am Rhein et ont particip\u00e9 de mani\u00e8re d\u00e9terminante \u00e0 la construction de la petite ville. Ces b\u00e2timents sont eux aussi remarquablement conserv\u00e9s et sont pr\u00e9sent\u00e9s en d\u00e9tail.<\/em><\/p>\r\n<p><em>Le deuxi\u00e8me volume pr\u00e9sente les riches mat\u00e9riaux trouv\u00e9s. Les po\u00eales en fa\u00efence nous parlent des hivers froids et de la repr\u00e9sentation \u00e0 la cour. L&rsquo;un des rares inventaires d&rsquo;auberge du restaurant du ch\u00e2teau, datant des d\u00e9buts du tourisme suisse, est disponible.<\/em><\/p>\r\n<p><em>Un ouvrage pour tous les amis du Moyen-\u00c2ge et des ch\u00e2teaux forts et un enrichissement et compl\u00e9ment indispensable \u00e0 la nouvelle histoire de Stein am Rhein, d\u00e9j\u00e0 parue en 2007.<\/em><\/p>\r\n<p>&nbsp;<\/p>\r\n<p><strong>C\u00e9ramiques domestiques en Suisse 1350\u20131850<\/strong>. <strong>La version imprim\u00e9e est disponible!<\/strong><\/p>\r\n\r\n\r\n\r\n<p>Heege\/Homberger\/Roth Heege et autres, 2021<br \/>Andreas Heege\/Valentin Homberger\/Eva Roth Heege et autres, C\u00e9ramiques domestiques en Suisse 1350\u20131850, in : Arch\u00e4ologie Schweiz, SPM VIII Arch\u00e4ologie der Zeit von 1350 bis 1850 \u2013 L\u2019ach\u00e9ologie de la p\u00e9riode entre 1350 et 1850 \u2013 L\u2019archeologia del periodo tr l\u20191350 ed il 1850, Basel 2021, 209-257.<\/p>\r\n\r\n\r\n\r\n<figure class=\"wp-block-table\">\r\n<table>\r\n<tbody>\r\n<tr>\r\n<td>Sondernewsletter | newsletter sp\u00e9ciale 2021.2 : Neuerscheinung SPM VIII, Arch\u00e4ologie der Zeit von 1350 bis 1850 &#8211; Nouvelle parution SPM VIII, L&rsquo;arch\u00e9ologie de la p\u00e9riode entre 1350 et 1850 \u00a0 <a href=\"#article_anchor_190759\">Pr\u00e4sentation &#8211; Pr\u00e9sentation<\/a> <a href=\"#article_anchor_190762\">Aus dem Inhaltsverzeichnis &#8211; Extrait de la table de mati\u00e8res<\/a> \u00a0 <a href=\"#article_anchor_190761\">Einf\u00fchrungskurs online &#8211; Cours d&rsquo;initiation en ligne<\/a> <a href=\"#article_anchor_190766\">Bestellungen &#8211; Commandes<\/a> \u00a0 \u00a0 \u00a0 \u00a0 \u00a0 <br \/><br \/><strong>Pr\u00e9sentation<\/strong> <br \/>Avec \u00abArch\u00e9ologie de la Suisse de 1350 \u00e0 1850\u00bb, Arch\u00e9ologie Suisse pr\u00e9sente le huiti\u00e8me et dernier volume de la s\u00e9rie des fameux manuels \u00abLa Suisse du Pal\u00e9olithique au Moyen \u00c2ge\u00bb Cet ouvrage enti\u00e8rement r\u00e9gid\u00e9 en fran\u00e7ais et allemand \u2013 comprenant des r\u00e9sum\u00e9s approfondis en italien \u2013 d\u00e9crit l&rsquo;\u00e9volution culturelle du haut Moyen \u00c2ge jusqu&rsquo;\u00e0 la p\u00e9riode moderne sur le territoire de la Suisse actuelle, principalement \u00e0 travers ses vestiges mat\u00e9riels. Des chapitres th\u00e9matiques pr\u00e9sentent les diff\u00e9rentes sph\u00e8res de la vie. Le dernier chapitre dresse un tableau g\u00e9n\u00e9ral de la p\u00e9riode, suivi d&rsquo;un \u00e9pilogue esquissant l&rsquo;arch\u00e9ologie de la p\u00e9riode post\u00e9rieure \u00e0 1850. Plus d&rsquo;une centaine de sites et d&rsquo;objets parmi les plus importants de l&rsquo;\u00e9poque sont r\u00e9pertori\u00e9s dans un index.<br \/>\u00a0\u00a0\u00a0\u00a0\u00a0\u00a0\u00a0\u00a0\u00a0\u00a0\u00a0La s\u00e9rie \u00abLa Suisse du Pal\u00e9olithique au Moyen \u00c2ge\u00bb a \u00e9t\u00e9 con\u00e7ue vers 1990 sur le mod\u00e8le des pr\u00e9c\u00e9dentes s\u00e9ries de manuels de la Soci\u00e9t\u00e9 Suisse de Pr\u00e9histoire et d&rsquo;Arch\u00e9ologie. Elle a \u00e9t\u00e9 dirig\u00e9e par Werner E. St\u00f6ckli, pr\u00e9sident del&rsquo;\u00e9poque de la Commission scientifique de la SSPA et la Commission romande des cours. La r\u00e9alisation \u00e9tait la responsabilit\u00e9 du secr\u00e9taire central de l&rsquo;\u00e9poque, Urs Niffeler. C&rsquo;\u00e9tait, et c&rsquo;est toujours, un ouvrage de synth\u00e8se, chaque volume pr\u00e9sentant une \u00e9poque de l&rsquo;arch\u00e9ologie suisse de mani\u00e8re intelligible et richement illustr\u00e9e. D&rsquo;\u00e9minents sp\u00e9cialistes de la discipline ont contribu\u00e9 \u00e0 chaque volume en qualit\u00e9 d&rsquo;auteurs et autrices. La s\u00e9rie SPM est ainsi devenue une \u0153uvre collective d&rsquo;envergure nationale qui s&rsquo;ach\u00e8ve avec le huiti\u00e8me volume. Les manuels SPM s&rsquo;adressent \u00e0 un public int\u00e9ress\u00e9, mais aussi aux \u00e9tudiant.e.s, aux enseignant.e.s et aux arch\u00e9ologues professionnel.le.s.<br \/>\u00a0\u00a0\u00a0\u00a0\u00a0\u00a0\u00a0\u00a0\u00a0\u00a0\u00a0 Volume VIII Le dernier volume est consacr\u00e9 aux si\u00e8cles apr\u00e8s 1350. Cette p\u00e9riode a fait l&rsquo;objet d&rsquo;une attention croissante de la part de l&rsquo;arch\u00e9ologie avec l&rsquo;\u00e9mergence des arch\u00e9ologies cantonales dans les ann\u00e9es 1960 et 1970. Elle a connu un d\u00e9veloppement tr\u00e8s dynamique au cours des derni\u00e8res d\u00e9cennies. Cet ouvrage scientifique offre ainsi un aper\u00e7u bienvenu de l&rsquo;\u00e9tat actuel de la recherche dans ce domaine. Le responsable de projet Urs Niffeler d\u00e9crit le volume SPM VIII comme un \u00abtravail de pionnier\u00bb, car \u00abla Suisse est le seul pays \u00e0 fournir un compte rendu complet de cette p\u00e9riode en r\u00e9pondant aux exigences scientifiques\u00bb. En outre, \u00abcertaines parties se basent sur des \u00e9tudes d\u00e9j\u00e0 publi\u00e9es alors que d&rsquo;autres sont le fait des connaissances particuli\u00e8res et parfois in\u00e9dites des contributeurs et contributrices. Certaines th\u00e9matiques ont \u00e9t\u00e9 sp\u00e9cialement \u00e9labor\u00e9es pour SPM VIII.\u00bb Comme pour le septi\u00e8me volume, le huiti\u00e8me a \u00e9galement <a href=\"http:\/\/www.archaeologie-schweiz.ch\/Actes-du-colloque-SPM.338.0.html?&amp;L=3\">\u00e9t\u00e9 pr\u00e9c\u00e9d\u00e9 d&rsquo;un colloque scientifique<\/a> au cours duquel un large \u00e9ventail de nouvelles d\u00e9couvertes et de nouveaux vestiges a \u00e9t\u00e9 pr\u00e9sent\u00e9 et publi\u00e9.\u00a0 \u00a0 Aus dem Inhaltsverzeichnis &#8211; Extrait de la table de mati\u00e8res Vorwort Einleitung Historischer \u00dcberblick Mensch und Umwelt Gebaute Siedlung Mobile Sachkultur Manifestationen des Glaubens Synthese, Die Lebenswelt hinter den Dingen Nach 1850 \u2013 f\u00fcr eine Arch\u00e4ologie der Moderne in der Schweiz Riassunti \/ 10. Regesten \/ 11. Bibliografien<br \/>Pr\u00e9face Introduction Aperc\u0327u historique L&rsquo;homme et l&rsquo;environnement L&rsquo;habitat construit Le mobilier Manifestations des croyances Synth\u00e8se, le monde vivant derri\u00e8re les choses 1850, et apr\u00e8s ? Pour une arch\u00e9ologie contemporaine en Suisse Riassunti \/ 10. Registres \/ 11. Bibliographies \u00a0 \u00a0 <br \/><br \/><strong>SPM Mittelalter-Neuzeit kompakt <\/strong>| SPM Moyen \u00c2ge et \u00e9poque moderne compacte Avec les volumes SPM VI &#8211; SPM VIII, vous aurez un aper\u00e7u complet de l&rsquo;arch\u00e9ologie m\u00e9di\u00e9vale (et au-del\u00e0) en Suisse, du\u00a0haut Moyen \u00c2ge \u00e0 1850. \u00c0 l&rsquo;occasion de cette nouvelle parution, vous recevrez les trois volumes au prix sp\u00e9cial de 338 CHF, pour les membres d&rsquo;AS 250 CHF (20% moins cher). \u00a0 \u00a0 <strong> Frais d&#8217;emballage et de livraison en sus.<br \/><\/strong>\u00a0\u00a0\u00a0\u00a0\u00a0\u00a0\u00a0\u00a0\u00a0\u00a0\u00a0 E-Mail | courriel\u00a0: <a href=\"mailto:admin@archaeologie-schweiz.ch\">admin@archaeologie-schweiz.ch<\/a> Website | site web\u00a0: archaeologie-schweiz.ch &gt; <a href=\"http:\/\/www.archaeologie-schweiz.ch\/PUBLICATIONS.7.0.html?&amp;L=3\">Publikationen<\/a> Post | courrier\u00a0: Petersgraben 51, 4051 Basel<\/td>\r\n<\/tr>\r\n<\/tbody>\r\n<\/table>\r\n<\/figure>\r\n\r\n\r\n\r\n<figure class=\"wp-block-image size-large\"><img loading=\"lazy\" decoding=\"async\" width=\"791\" height=\"1024\" class=\"wp-image-7366\" src=\"https:\/\/culture-catalogweb.joanneum.at\/wp-content\/uploads\/SPM8_Umschlag-klein-791x1024.jpg\" alt=\"\" srcset=\"https:\/\/ceramica-ch.ch\/wp-content\/uploads\/SPM8_Umschlag-klein-791x1024.jpg 791w, https:\/\/ceramica-ch.ch\/wp-content\/uploads\/SPM8_Umschlag-klein-232x300.jpg 232w, https:\/\/ceramica-ch.ch\/wp-content\/uploads\/SPM8_Umschlag-klein-768x994.jpg 768w, https:\/\/ceramica-ch.ch\/wp-content\/uploads\/SPM8_Umschlag-klein-1187x1536.jpg 1187w, https:\/\/ceramica-ch.ch\/wp-content\/uploads\/SPM8_Umschlag-klein-1582x2048.jpg 1582w, https:\/\/ceramica-ch.ch\/wp-content\/uploads\/SPM8_Umschlag-klein-scaled.jpg 1978w\" sizes=\"auto, (max-width: 791px) 100vw, 791px\" \/><\/figure>\r\n\r\n\r\n\r\n<p>Une \u00e9dition pr\u00e9liminaire de cet ouvrage collectif a \u00e9t\u00e9 publi\u00e9e et peut \u00eatre t\u00e9l\u00e9charg\u00e9e gratuitement : <a href=\"https:\/\/archaeologie-schweiz.ch\/wp-content\/uploads\/2021\/12\/00GesamtbandKolloquium_SPM_VIII_72dpi.pdf\" target=\"_blank\" rel=\"noopener\">Arch\u00e9ologie suisse<\/a><\/p>\r\n","protected":false},"excerpt":{"rendered":"<p>Conf\u00e9rence en ligne: Andreas Heege: Les connaissances les plus \u00e0 jour sur la c\u00e9ramique en Suisse des ann\u00e9es 1350 \u00e0 1850 Michelle Joguin-Regelin: Les connaissances les plus \u00e0 jour sur la c\u00e9ramique en Suisse des ann\u00e9es 1350 \u00e0 1850 Pierre-Yves Tribolet: Une histoire de la c\u00e9ramique suisse &#8211; Partie 1 &#8211; XVIIe s. et c\u00e9ramiques &hellip; <a href=\"https:\/\/ceramica-ch.ch\/fr\/la-ceramique-suisse\/\" class=\"more-link\">Continuer la lecture de <span class=\"screen-reader-text\">La c\u00e9ramique suisse<\/span> <span class=\"meta-nav\">&rarr;<\/span><\/a><\/p>\n","protected":false},"author":3,"featured_media":0,"parent":0,"menu_order":0,"comment_status":"closed","ping_status":"closed","template":"","meta":{"footnotes":""},"class_list":["post-7628","page","type-page","status-publish","hentry"],"_links":{"self":[{"href":"https:\/\/ceramica-ch.ch\/fr\/wp-json\/wp\/v2\/pages\/7628","targetHints":{"allow":["GET"]}}],"collection":[{"href":"https:\/\/ceramica-ch.ch\/fr\/wp-json\/wp\/v2\/pages"}],"about":[{"href":"https:\/\/ceramica-ch.ch\/fr\/wp-json\/wp\/v2\/types\/page"}],"author":[{"embeddable":true,"href":"https:\/\/ceramica-ch.ch\/fr\/wp-json\/wp\/v2\/users\/3"}],"replies":[{"embeddable":true,"href":"https:\/\/ceramica-ch.ch\/fr\/wp-json\/wp\/v2\/comments?post=7628"}],"version-history":[{"count":12,"href":"https:\/\/ceramica-ch.ch\/fr\/wp-json\/wp\/v2\/pages\/7628\/revisions"}],"predecessor-version":[{"id":14143,"href":"https:\/\/ceramica-ch.ch\/fr\/wp-json\/wp\/v2\/pages\/7628\/revisions\/14143"}],"wp:attachment":[{"href":"https:\/\/ceramica-ch.ch\/fr\/wp-json\/wp\/v2\/media?parent=7628"}],"curies":[{"name":"wp","href":"https:\/\/api.w.org\/{rel}","templated":true}]}}