{"id":767,"date":"2018-04-13T21:06:15","date_gmt":"2018-04-13T19:06:15","guid":{"rendered":"https:\/\/culture-catalogweb.joanneum.at\/?page_id=767"},"modified":"2023-06-09T09:56:41","modified_gmt":"2023-06-09T07:56:41","slug":"musees-de-canton-dargovie","status":"publish","type":"page","link":"https:\/\/ceramica-ch.ch\/fr\/musees-de-canton-dargovie\/","title":{"rendered":"Mus\u00e9es de canton d&rsquo;Argovie"},"content":{"rendered":"<span class=\"glossary-list-details\"><ul class=\"glossary-list\"><li class=\"glossary-item\"><a href=\"https:\/\/ceramica-ch.ch\/fr\/glossary\/musee-du-chateau-de-lenzbourg-musees-dargovie-sml\/\" title=\"Lenzbourg, Mus\u00e9e du ch\u00e2teau, Mus\u00e9es d\u2019Argovie (SML)\" >Lenzbourg, Mus\u00e9e du ch\u00e2teau, Mus\u00e9es d\u2019Argovie (SML)<\/a><br><\/li><\/ul><\/ul>\n","protected":false},"excerpt":{"rendered":"","protected":false},"author":3,"featured_media":0,"parent":0,"menu_order":0,"comment_status":"closed","ping_status":"closed","template":"","meta":{"footnotes":""},"class_list":["post-767","page","type-page","status-publish","hentry"],"_links":{"self":[{"href":"https:\/\/ceramica-ch.ch\/fr\/wp-json\/wp\/v2\/pages\/767","targetHints":{"allow":["GET"]}}],"collection":[{"href":"https:\/\/ceramica-ch.ch\/fr\/wp-json\/wp\/v2\/pages"}],"about":[{"href":"https:\/\/ceramica-ch.ch\/fr\/wp-json\/wp\/v2\/types\/page"}],"author":[{"embeddable":true,"href":"https:\/\/ceramica-ch.ch\/fr\/wp-json\/wp\/v2\/users\/3"}],"replies":[{"embeddable":true,"href":"https:\/\/ceramica-ch.ch\/fr\/wp-json\/wp\/v2\/comments?post=767"}],"version-history":[{"count":2,"href":"https:\/\/ceramica-ch.ch\/fr\/wp-json\/wp\/v2\/pages\/767\/revisions"}],"predecessor-version":[{"id":5972,"href":"https:\/\/ceramica-ch.ch\/fr\/wp-json\/wp\/v2\/pages\/767\/revisions\/5972"}],"wp:attachment":[{"href":"https:\/\/ceramica-ch.ch\/fr\/wp-json\/wp\/v2\/media?parent=767"}],"curies":[{"name":"wp","href":"https:\/\/api.w.org\/{rel}","templated":true}]}}