{"id":771,"date":"2018-04-13T21:09:55","date_gmt":"2018-04-13T19:09:55","guid":{"rendered":"https:\/\/culture-catalogweb.joanneum.at\/?page_id=771"},"modified":"2023-07-03T18:49:00","modified_gmt":"2023-07-03T16:49:00","slug":"musees-de-canton-de-berne","status":"publish","type":"page","link":"https:\/\/ceramica-ch.ch\/fr\/musees-de-canton-de-berne\/","title":{"rendered":"Mus\u00e9es de canton de Berne"},"content":{"rendered":"<span class=\"glossary-list-details\"><ul class=\"glossary-list\"><li class=\"glossary-item\"><a href=\"https:\/\/ceramica-ch.ch\/fr\/glossary\/berne-et-bienne-ecole-darts-visuels-sfgb\/\" title=\"Berne et Bienne, Ecole d\u2019Arts visuels (SfGB)\" >Berne et Bienne, Ecole d\u2019Arts visuels (SfGB)<\/a><br><\/li><li class=\"glossary-item\"><a href=\"https:\/\/ceramica-ch.ch\/fr\/glossary\/musee-dhistoire-de-berne-bhm\/\" title=\"Berne, Mus\u00e9e d\u2019Histoire (BHM)\" >Berne, Mus\u00e9e d\u2019Histoire (BHM)<\/a><br><\/li><li class=\"glossary-item\"><a href=\"https:\/\/ceramica-ch.ch\/fr\/glossary\/salle-de-lassociation-des-chevaliers-berthoud-rsb\/\" title=\"Berthoud, Ch\u00e2teau, Salle de l&rsquo;Association des chevaliers (RSB)\" >Berthoud, Ch\u00e2teau, Salle de l&rsquo;Association des chevaliers (RSB)<\/a><br><\/li><li class=\"glossary-item\"><a href=\"https:\/\/ceramica-ch.ch\/fr\/glossary\/fondation-fahrlaender-mueller-fmst\/\" title=\"Fondation Fahrl\u00e4nder-M\u00fcller (FMST)\" >Fondation Fahrl\u00e4nder-M\u00fcller (FMST)<\/a><br><\/li><li class=\"glossary-item\"><a href=\"https:\/\/ceramica-ch.ch\/fr\/glossary\/museum-der-landschaft-saanen-msaan\/\" title=\"Gessenay, Mus\u00e9e du Gessenay (MSaan)\" >Gessenay, Mus\u00e9e du Gessenay (MSaan)<\/a><br><\/li><li class=\"glossary-item\"><a href=\"https:\/\/ceramica-ch.ch\/fr\/glossary\/langnau-regionalmuseum-rml\/\" title=\"Langnau, Mus\u00e9e r\u00e9gional, Ch\u00fcechlihus (RML)\" >Langnau, Mus\u00e9e r\u00e9gional, Ch\u00fcechlihus (RML)<\/a><br><\/li><li class=\"glossary-item\"><a href=\"https:\/\/ceramica-ch.ch\/fr\/glossary\/musee-du-chateau-de-thoune-fondation-du-chateau-de-thoune-canton-de-berne-smt\/\" title=\"Thoune, Fondation du ch\u00e2teau de Thoune (SST)\" >Thoune, Fondation du ch\u00e2teau de Thoune (SST)<\/a><br><\/li><li class=\"glossary-item\"><a href=\"https:\/\/ceramica-ch.ch\/fr\/glossary\/trubschachen-musee-des-traditions-populaires-fondation-hasenlehn-mtrub\/\" title=\"Trubschachen, Mus\u00e9e des traditions populaires, Fondation Hasenlehn (MTrub)\" >Trubschachen, Mus\u00e9e des traditions populaires, Fondation Hasenlehn (MTrub)<\/a><br><\/li><li class=\"glossary-item\"><a href=\"https:\/\/ceramica-ch.ch\/fr\/glossary\/musee-dans-le-grenier-a-grains-wiedlisbach-mkw\/\" title=\"Wiedlisbach, Mus\u00e9e dans le Grenier \u00e0 grains (MKW)\" >Wiedlisbach, Mus\u00e9e dans le Grenier \u00e0 grains (MKW)<\/a><br><\/li><li class=\"glossary-item\"><a href=\"https:\/\/ceramica-ch.ch\/fr\/glossary\/zweisimmen-musee-du-patrimoine-du-haut-simmenthal-osh\/\" title=\"Zweisimmen, Mus\u00e9e du patrimoine du Haut-Simmenthal (OSH)\" >Zweisimmen, Mus\u00e9e du patrimoine du Haut-Simmenthal (OSH)<\/a><br><\/li><\/ul><\/ul>\n","protected":false},"excerpt":{"rendered":"","protected":false},"author":3,"featured_media":0,"parent":0,"menu_order":0,"comment_status":"closed","ping_status":"closed","template":"","meta":{"footnotes":""},"class_list":["post-771","page","type-page","status-publish","hentry"],"_links":{"self":[{"href":"https:\/\/ceramica-ch.ch\/fr\/wp-json\/wp\/v2\/pages\/771","targetHints":{"allow":["GET"]}}],"collection":[{"href":"https:\/\/ceramica-ch.ch\/fr\/wp-json\/wp\/v2\/pages"}],"about":[{"href":"https:\/\/ceramica-ch.ch\/fr\/wp-json\/wp\/v2\/types\/page"}],"author":[{"embeddable":true,"href":"https:\/\/ceramica-ch.ch\/fr\/wp-json\/wp\/v2\/users\/3"}],"replies":[{"embeddable":true,"href":"https:\/\/ceramica-ch.ch\/fr\/wp-json\/wp\/v2\/comments?post=771"}],"version-history":[{"count":2,"href":"https:\/\/ceramica-ch.ch\/fr\/wp-json\/wp\/v2\/pages\/771\/revisions"}],"predecessor-version":[{"id":5974,"href":"https:\/\/ceramica-ch.ch\/fr\/wp-json\/wp\/v2\/pages\/771\/revisions\/5974"}],"wp:attachment":[{"href":"https:\/\/ceramica-ch.ch\/fr\/wp-json\/wp\/v2\/media?parent=771"}],"curies":[{"name":"wp","href":"https:\/\/api.w.org\/{rel}","templated":true}]}}