{"id":778,"date":"2018-04-13T21:13:04","date_gmt":"2018-04-13T19:13:04","guid":{"rendered":"https:\/\/culture-catalogweb.joanneum.at\/?page_id=778"},"modified":"2023-08-16T12:43:46","modified_gmt":"2023-08-16T10:43:46","slug":"musees-de-canton-de-grisons","status":"publish","type":"page","link":"https:\/\/ceramica-ch.ch\/fr\/musees-de-canton-de-grisons\/","title":{"rendered":"Mus\u00e9es du canton des Grisons"},"content":{"rendered":"<span class=\"glossary-list-details\"><ul class=\"glossary-list\"><li class=\"glossary-item\"><a href=\"https:\/\/ceramica-ch.ch\/fr\/glossary\/berguen-musee-villageois-et-bibliotheque-mb\/\" title=\"Berg\u00fcn, Mus\u00e9e villageois (MB)\" >Berg\u00fcn, Mus\u00e9e villageois (MB)<\/a><br><\/li><li class=\"glossary-item\"><a href=\"https:\/\/ceramica-ch.ch\/fr\/glossary\/buchen-musee-des-traditions-populaires-msb\/\" title=\"Buchen, Mus\u00e9e des traditions populaires (MSB)\" >Buchen, Mus\u00e9e des traditions populaires (MSB)<\/a><br><\/li><li class=\"glossary-item\"><a href=\"https:\/\/ceramica-ch.ch\/fr\/glossary\/musee-rhetique-de-coire-rmc\/\" title=\"Coire, Mus\u00e9e rh\u00e9tique (RMC)\" >Coire, Mus\u00e9e rh\u00e9tique (RMC)<\/a><br><\/li><li class=\"glossary-item\"><a href=\"https:\/\/ceramica-ch.ch\/fr\/glossary\/musee-des-traditions-populaires-de-davos-hmd\/\" title=\"Davos, Mus\u00e9e des traditions populaires (HMD)\" >Davos, Mus\u00e9e des traditions populaires (HMD)<\/a><br><\/li><li class=\"glossary-item\"><a href=\"https:\/\/ceramica-ch.ch\/fr\/glossary\/musee-de-labbaye-de-disentis-kmdis\/\" title=\"Disentis, Mus\u00e9e de l\u2019Abbaye (KMDis)\" >Disentis, Mus\u00e9e de l\u2019Abbaye (KMDis)<\/a><br><\/li><li class=\"glossary-item\"><a href=\"https:\/\/ceramica-ch.ch\/fr\/glossary\/fondation-grisonne-olgiati-de-flims-waldhaus-bom\/\" title=\"Flims-Waldhaus, Fondation grisonne Olgiati (BOM)\" >Flims-Waldhaus, Fondation grisonne Olgiati (BOM)<\/a><br><\/li><li class=\"glossary-item\"><a href=\"https:\/\/ceramica-ch.ch\/fr\/glossary\/gruesch-musee-des-traditions-populaires-du-praettigau-hmp\/\" title=\"Gr\u00fcsch, Mus\u00e9e des traditions populaires du Pr\u00e4ttigau (HMP)\" >Gr\u00fcsch, Mus\u00e9e des traditions populaires du Pr\u00e4ttigau (HMP)<\/a><br><\/li><li class=\"glossary-item\"><a href=\"https:\/\/ceramica-ch.ch\/fr\/glossary\/musee-regional-de-la-surselva-mrs\/\" title=\"Ilanz, Mus\u00e9e r\u00e9gional de la Surselva (MRS)\" >Ilanz, Mus\u00e9e r\u00e9gional de la Surselva (MRS)<\/a><br><\/li><li class=\"glossary-item\"><a href=\"https:\/\/ceramica-ch.ch\/fr\/glossary\/musee-nutli-hueschi-klosters-nh-kl\/\" title=\"Klosters, Mus\u00e9e Nutli H\u00fcschi (NH-KL)\" >Klosters, Mus\u00e9e Nutli H\u00fcschi (NH-KL)<\/a><br><\/li><li class=\"glossary-item\"><a href=\"https:\/\/ceramica-ch.ch\/fr\/glossary\/muestair-musee-du-couvent-kmmue\/\" title=\"M\u00fcstair, Mus\u00e9e du Couvent (KMM\u00dc)\" >M\u00fcstair, Mus\u00e9e du Couvent (KMM\u00dc)<\/a><br><\/li><li class=\"glossary-item\"><a href=\"https:\/\/ceramica-ch.ch\/fr\/glossary\/nufenen-walserama-fondation-pour-la-culture-walser\/\" title=\"Nufenen, Walserama (Fondation pour la culture Walser)\" >Nufenen, Walserama (Fondation pour la culture Walser)<\/a><br><\/li><li class=\"glossary-item\"><a href=\"https:\/\/ceramica-ch.ch\/fr\/glossary\/musee-du-monastere-santa-maria-presentata-de-poschiavo-km-smp\/\" title=\"Poschiavo, Mus\u00e9e du Monast\u00e8re Santa Maria Presentata (KM-SMP)\" >Poschiavo, Mus\u00e9e du Monast\u00e8re Santa Maria Presentata (KM-SMP)<\/a><br><\/li><li class=\"glossary-item\"><a href=\"https:\/\/ceramica-ch.ch\/fr\/glossary\/musee-poschiavino-mpo-avec-la-casa-tome-mpo-ct\/\" title=\"Poschiavo, Mus\u00e9e Poschiavino (MPO) avec la Casa Tom\u00e9 (MPO-CT)\" >Poschiavo, Mus\u00e9e Poschiavino (MPO) avec la Casa Tom\u00e9 (MPO-CT)<\/a><br><\/li><li class=\"glossary-item\"><a href=\"https:\/\/ceramica-ch.ch\/fr\/glossary\/musee-de-lengadine-saint-moritz-me-stm\/\" title=\"Saint-Moritz, Mus\u00e9e de l&rsquo;Engadine (ME-STM)\" >Saint-Moritz, Mus\u00e9e de l&rsquo;Engadine (ME-STM)<\/a><br><\/li><li class=\"glossary-item\"><a href=\"https:\/\/ceramica-ch.ch\/fr\/glossary\/samedan-chesa-planta-cps\/\" title=\"Samedan, Chesa Planta (CPS)\" >Samedan, Chesa Planta (CPS)<\/a><br><\/li><li class=\"glossary-item\"><a href=\"https:\/\/ceramica-ch.ch\/fr\/glossary\/schmitten-musee-villageois-oms\/\" title=\"Schmitten, Mus\u00e9e villageois (OMS)\" >Schmitten, Mus\u00e9e villageois (OMS)<\/a><br><\/li><li class=\"glossary-item\"><a href=\"https:\/\/ceramica-ch.ch\/fr\/glossary\/scuol-musee-de-la-basse-engadine-meb\/\" title=\"Scuol, Mus\u00e9e de la Basse-Engadine (MEB)\" >Scuol, Mus\u00e9e de la Basse-Engadine (MEB)<\/a><br><\/li><li class=\"glossary-item\"><a href=\"https:\/\/ceramica-ch.ch\/fr\/glossary\/musee-la-truaisch-sedrun-mts\/\" title=\"Sedrun, Mus\u00e9e La Truaisch (MTS)\" >Sedrun, Mus\u00e9e La Truaisch (MTS)<\/a><br><\/li><li class=\"glossary-item\"><a href=\"https:\/\/ceramica-ch.ch\/fr\/glossary\/spluegen-musee-du-patrimoine-du-rheinwald-hmrw\/\" title=\"Spl\u00fcgen, Mus\u00e9e Rheinwald (HMRW)\" >Spl\u00fcgen, Mus\u00e9e Rheinwald (HMRW)<\/a><br><\/li><li class=\"glossary-item\"><a href=\"https:\/\/ceramica-ch.ch\/fr\/glossary\/musee-im-postchaeller-st-antoenien-mpk-sta\/\" title=\"St-Ant\u00f6nien, Mus\u00e9e \u00ab Im Postch\u00e4ller \u00bb (MPK-STA)\" >St-Ant\u00f6nien, Mus\u00e9e \u00ab Im Postch\u00e4ller \u00bb (MPK-STA)<\/a><br><\/li><li class=\"glossary-item\"><a href=\"https:\/\/ceramica-ch.ch\/fr\/glossary\/stampa-museo-ciaesa-granda-mcg\/\" title=\"Stampa, Mus\u00e9e Ci\u00e4sa Granda (MCG)\" >Stampa, Mus\u00e9e Ci\u00e4sa Granda (MCG)<\/a><br><\/li><li class=\"glossary-item\"><a href=\"https:\/\/ceramica-ch.ch\/fr\/glossary\/museum-cuort-ligia-grischa-trun-mclg\/\" title=\"Trun, Mus\u00e9e Sursilvan, Cuort Ligia Grischa (MCLG)\" >Trun, Mus\u00e9e Sursilvan, Cuort Ligia Grischa (MCLG)<\/a><br><\/li><li class=\"glossary-item\"><a href=\"https:\/\/ceramica-ch.ch\/fr\/glossary\/valchava-chasa-jaura-cjv\/\" title=\"Valchava, Chasa Jaura (CJV)\" >Valchava, Chasa Jaura (CJV)<\/a><br><\/li><li class=\"glossary-item\"><a href=\"https:\/\/ceramica-ch.ch\/fr\/glossary\/vals-musee-du-patrimoine-gandahus-ghv\/\" title=\"Vals, Mus\u00e9e du patrimoine Gandahus (GhV)\" >Vals, Mus\u00e9e du patrimoine Gandahus (GhV)<\/a><br><\/li><li class=\"glossary-item\"><a href=\"https:\/\/ceramica-ch.ch\/fr\/glossary\/vaz-obervaz-zorten-musee-mvo\/\" title=\"Vaz\/Obervaz, Mus\u00e9e r\u00e9gional de Lenzerheide (MVO)\" >Vaz\/Obervaz, Mus\u00e9e r\u00e9gional de Lenzerheide (MVO)<\/a><br><\/li><li class=\"glossary-item\"><a href=\"https:\/\/ceramica-ch.ch\/fr\/glossary\/arcun-da-tradiziun-vuorz-atv\/\" title=\"Vuorz, Arcun da tradiziun (ATV)\" >Vuorz, Arcun da tradiziun (ATV)<\/a><br><\/li><li class=\"glossary-item\"><a href=\"https:\/\/ceramica-ch.ch\/fr\/glossary\/wiesen-musee-villageois-dmw\/\" title=\"Wiesen, Mus\u00e9e villageois (DMW)\" >Wiesen, Mus\u00e9e villageois (DMW)<\/a><br><\/li><li class=\"glossary-item\"><a href=\"https:\/\/ceramica-ch.ch\/fr\/glossary\/zillis-tgea-da-schons-musee-des-schams-tsz\/\" title=\"Zillis, Mus\u00e9e des Schams (TSZ)\" >Zillis, Mus\u00e9e des Schams (TSZ)<\/a><br><\/li><\/ul><\/ul>\n<p>Andreas Heege, 2022<\/p>\n<p>Sur les 111 mus\u00e9es et collections publiques du canton des Grisons (voir \u00e0 ce sujet Die Museen im Kanton Graub\u00fcnden &#8211; <em>Les mus\u00e9es du canton des Grisons<\/em>, Coire 2015, \u00e9dit\u00e9 par l\u2019Office de la culture des Grisons), 57 ont \u00e9t\u00e9 s\u00e9lectionn\u00e9s sur la base de nos connaissances sur les points forts de leurs collections. Les sp\u00e9cialistes et personnes comp\u00e9tentes ont ensuite \u00e9t\u00e9 contact\u00e9s, parfois \u00e0 plusieurs reprises. Le projet a en outre \u00e9t\u00e9 annonc\u00e9 dans la bulletin d&rsquo;information du Museumsverbund Graub\u00fcnden (MGR) &#8211; <em>Association des mus\u00e9es des Grisons<\/em> et pr\u00e9sent\u00e9 lors de l\u2019Assembl\u00e9e g\u00e9n\u00e9rale annuelle de cette association. Les mus\u00e9es ont \u00e9t\u00e9 pri\u00e9s d&rsquo;estimer la taille de leurs collections et ont \u00e9t\u00e9 invit\u00e9s \u00e0 indiquer s&rsquo;ils \u00e9taient int\u00e9ress\u00e9s par un inventaire gratuit de leurs collections de c\u00e9ramiques par CERAMICA CH.<\/p>\n<p>Le r\u00e9sultat est le suivant : 11 mus\u00e9es sur 57 n&rsquo;ont pas r\u00e9pondu. 20 mus\u00e9es ont indiqu\u00e9 qu&rsquo;ils ne disposaient pas de collections de c\u00e9ramique correspondant \u00e0 ce projet ou ont signal\u00e9 que leurs collections n&rsquo;\u00e9taient actuellement pas accessibles. En fin de compte, 3766 objets en c\u00e9ramique ont pu \u00eatre document\u00e9s dans 26 mus\u00e9es (seule une petite partie de la collection de <a href=\"https:\/\/ceramica-ch.ch\/fr\/glossary\/fondation-grisonne-olgiati-de-flims-waldhaus-bom\/#q=*%3A*\" target=\"_blank\" rel=\"noopener\">la Fondation grisonne Olgiati \u00e0 Flims-Waldhaus (BOM)<\/a> a pu \u00eatre int\u00e9gr\u00e9e, le reste n&rsquo;\u00e9tant pas accessible en 2020 et 2021). Contrairement aux estimations pr\u00e9c\u00e9dentes des mus\u00e9es eux-m\u00eames, cela repr\u00e9sente pr\u00e8s de 100 % d&rsquo;objets en plus que ce qui \u00e9tait pr\u00e9vu au d\u00e9but de l&rsquo;inventaire. L&rsquo;une des raisons de cet \u00e9tat de fait r\u00e9side notamment dans les diff\u00e9rentes conceptions de ce \u00e0 quoi se r\u00e9f\u00e8re la notion de \u00ab\u00a0mat\u00e9riau c\u00e9ramique\u00a0\u00bb au sens strict, de ce qui est saisi dans les inventaires analogiques ou num\u00e9riques des mus\u00e9es et des d\u00e9signations sous lesquelles les objets figurent. En raison de l&rsquo;h\u00e9t\u00e9rog\u00e9n\u00e9it\u00e9 des donn\u00e9es des diff\u00e9rents inventaires des mus\u00e9es, il a sembl\u00e9 n\u00e9cessaire de baser l&rsquo;inventaire de CERAMICA CH sur un examen complet des objets, \u00e0 la fois ceux stock\u00e9s dans les d\u00e9p\u00f4ts et ceux expos\u00e9s.<\/p>\n<p>CERAMICA CH remercie chaleureusement tous les directrices et directeurs de mus\u00e9es qui ont rendu leurs collections accessibles.<\/p>\n<p>Un rapport final complet a \u00e9t\u00e9 publi\u00e9 en allemand:<\/p>\n<p>Andreas Heege, Keramik der Neuzeit in Graub\u00fcnden &#8211; <em>C\u00e9ramiques de l&rsquo;\u00e9poque moderne dans les Grisons,<\/em> ZAK (<a href=\"https:\/\/www.e-periodica.ch\/digbib\/volumes?UID=zak-003\">Zeitschrift f\u00fcr Arch\u00e4ologie und Kunstgeschichte<\/a> &#8211; <em>Revue suisse d&rsquo;art et d&rsquo;arch\u00e9ologie<\/em>), N\u00b0 80, Heft &#8211; <em>Cahier<\/em> 1, 2023, 77-134.<\/p>\n<p>Une compilation de la collection du <a href=\"https:\/\/ceramica-ch.ch\/fr\/glossary\/musee-rhetique-de-coire-rmc\/#q=*%3A*\" target=\"_blank\" rel=\"noopener\">Mus\u00e9e rh\u00e9tique de Coire<\/a> a \u00e9galement \u00e9t\u00e9 publi\u00e9e en allemand:<\/p>\n<p><a href=\"https:\/\/ceramica-ch.ch\/wp-content\/uploads\/Raetisches-museum-JB20_klein2.pdf\" target=\"_blank\" rel=\"noopener\">Andreas Heege, Die Keramiksammlung im R\u00e4tischen Museum, Jahresbericht 2020 der Stiftung R\u00e4tisches Museum Chur &#8211; <em>La collection de c\u00e9ramiques du Mus\u00e9e rh\u00e9tique dans le Rapport annuel 2020 de la Fondation du Mus\u00e9e rh\u00e9tique de Coire, <\/em>2021, 43-100.<\/a><\/p>\n\r\n\r\n\r\n<p>&nbsp;<\/p>\r\n","protected":false},"excerpt":{"rendered":"<p>&nbsp;<\/p>\n","protected":false},"author":3,"featured_media":0,"parent":0,"menu_order":0,"comment_status":"closed","ping_status":"closed","template":"","meta":{"footnotes":""},"class_list":["post-778","page","type-page","status-publish","hentry"],"_links":{"self":[{"href":"https:\/\/ceramica-ch.ch\/fr\/wp-json\/wp\/v2\/pages\/778","targetHints":{"allow":["GET"]}}],"collection":[{"href":"https:\/\/ceramica-ch.ch\/fr\/wp-json\/wp\/v2\/pages"}],"about":[{"href":"https:\/\/ceramica-ch.ch\/fr\/wp-json\/wp\/v2\/types\/page"}],"author":[{"embeddable":true,"href":"https:\/\/ceramica-ch.ch\/fr\/wp-json\/wp\/v2\/users\/3"}],"replies":[{"embeddable":true,"href":"https:\/\/ceramica-ch.ch\/fr\/wp-json\/wp\/v2\/comments?post=778"}],"version-history":[{"count":22,"href":"https:\/\/ceramica-ch.ch\/fr\/wp-json\/wp\/v2\/pages\/778\/revisions"}],"predecessor-version":[{"id":18037,"href":"https:\/\/ceramica-ch.ch\/fr\/wp-json\/wp\/v2\/pages\/778\/revisions\/18037"}],"wp:attachment":[{"href":"https:\/\/ceramica-ch.ch\/fr\/wp-json\/wp\/v2\/media?parent=778"}],"curies":[{"name":"wp","href":"https:\/\/api.w.org\/{rel}","templated":true}]}}