{"id":782,"date":"2018-04-13T21:15:18","date_gmt":"2018-04-13T19:15:18","guid":{"rendered":"https:\/\/culture-catalogweb.joanneum.at\/?page_id=782"},"modified":"2020-05-07T21:06:23","modified_gmt":"2020-05-07T19:06:23","slug":"musees-de-canton-de-neuchatel","status":"publish","type":"page","link":"https:\/\/ceramica-ch.ch\/fr\/musees-de-canton-de-neuchatel\/","title":{"rendered":"Mus\u00e9es de canton de Neuch\u00e2tel"},"content":{"rendered":"<span class=\"glossary-list-details\"><ul class=\"glossary-list\"><li class=\"glossary-item\"><a href=\"https:\/\/ceramica-ch.ch\/fr\/glossary\/latenium-parc-et-musee-darcheologie-hauterive-neuchatel\/\" title=\"Hauterive-Neuch\u00e2tel, Parc et mus\u00e9e d\u2019arch\u00e9ologie (Lat\u00e9nium)\" >Hauterive-Neuch\u00e2tel, Parc et mus\u00e9e d\u2019arch\u00e9ologie (Lat\u00e9nium)<\/a><br><\/li><li class=\"glossary-item\"><a href=\"https:\/\/ceramica-ch.ch\/fr\/glossary\/ecole-darts-appliques-la-chaux-de-fonds-eaa\/\" title=\"La Chaux-de-Fonds, ecole d\u2019arts appliqu\u00e9s (EAA)\" >La Chaux-de-Fonds, ecole d\u2019arts appliqu\u00e9s (EAA)<\/a><br><\/li><li class=\"glossary-item\"><a href=\"https:\/\/ceramica-ch.ch\/fr\/glossary\/musee-dhistoire-la-chaux-de-fonds-mhlcf\/\" title=\"La Chaux-de-Fonds, Mus\u00e9e d\u2019histoire (MHLCF)\" >La Chaux-de-Fonds, Mus\u00e9e d\u2019histoire (MHLCF)<\/a><br><\/li><li class=\"glossary-item\"><a href=\"https:\/\/ceramica-ch.ch\/fr\/glossary\/musee-des-beaux-arts-la-chaux-de-fonds-mba\/\" title=\"La Chaux-de-Fonds, Mus\u00e9e des beaux-arts (MBALCF)\" >La Chaux-de-Fonds, Mus\u00e9e des beaux-arts (MBALCF)<\/a><br><\/li><li class=\"glossary-item\"><a href=\"https:\/\/ceramica-ch.ch\/fr\/glossary\/musee-paysan-et-artisanal-la-chaux-de-fonds-mpa\/\" title=\"La Chaux-de-Fonds, Mus\u00e9e paysan et artisanal (MPA)\" >La Chaux-de-Fonds, Mus\u00e9e paysan et artisanal (MPA)<\/a><br><\/li><li class=\"glossary-item\"><a href=\"https:\/\/ceramica-ch.ch\/fr\/glossary\/musee-dhistoire-et-moulins-souterrains-le-locle-mhl\/\" title=\"Le Locle, Mus\u00e9e d\u2019histoire et Moulins souterrains (MHLo)\" >Le Locle, Mus\u00e9e d\u2019histoire et Moulins souterrains (MHLo)<\/a><br><\/li><li class=\"glossary-item\"><a href=\"https:\/\/ceramica-ch.ch\/fr\/glossary\/musee-dart-et-dhistoire-neuchatel-mahn\/\" title=\"Neuch\u00e2tel, Mus\u00e9e d\u2019art et d\u2019histoire (MAHN)\" >Neuch\u00e2tel, Mus\u00e9e d\u2019art et d\u2019histoire (MAHN)<\/a><br><\/li><li class=\"glossary-item\"><a href=\"https:\/\/ceramica-ch.ch\/fr\/glossary\/musee-dethnographie-neuchatel-men\/\" title=\"Neuch\u00e2tel, Mus\u00e9e d\u2019ethnographie (MEN)\" >Neuch\u00e2tel, Mus\u00e9e d\u2019ethnographie (MEN)<\/a><br><\/li><li class=\"glossary-item\"><a href=\"https:\/\/ceramica-ch.ch\/fr\/glossary\/chateau-et-musee-de-valangin\/\" title=\"Valangin, Ch\u00e2teau et Mus\u00e9e\" >Valangin, Ch\u00e2teau et Mus\u00e9e<\/a><br><\/li><\/ul><\/ul>\n<p>J\u2019aimerais exprimer toute ma gratitude aux responsables des institutions neuch\u00e2teloises concern\u00e9es et \u00e0 leurs collaborateurs. Toutes et tous ont accueilli notre projet avec un esprit d\u2019ouverture et une g\u00e9n\u00e9rosit\u00e9 remarquables: Caroline Junier, conservatrice du D\u00e9partement des arts appliqu\u00e9s du Mus\u00e9e d\u2019art et d\u2019histoire de Neuch\u00e2tel, ainsi que Claude-Alain K\u00fcnzi, assistant-conservateur; Marc-Olivier Gonseth, conservateur du Mus\u00e9e d\u2019ethnographie de Neuch\u00e2tel, et Bernard Knodel, conservateur adjoint; Marc-Antoine Kaeser, directeur du Lat\u00e9nium \u00e0 Hauterive, ainsi que Corinne Ramseyer, collaboratrice scientifique; Fran\u00e7oise Borel, conservatrice du Ch\u00e2teau et Mus\u00e9e de Valangin; Sylviane Musy, conservatrice du Mus\u00e9e d\u2019histoire de La Chaux-de-Fonds; Lada Umst\u00e4tter, conservatrice du Mus\u00e9e des beaux arts de La Chaux-de-Fonds; Diane Skartsounis, conservatrice du Mus\u00e9e paysan et artisanal de La Chaux-de-Fonds; Catherine Corth\u00e9sy, conservatrice des Collections d\u2019arts industriels de l\u2019\u00c9cole d\u2019arts appliqu\u00e9s, La Chaux-de-Fonds; Caroline Calame, conservatrice du Mus\u00e9e d\u2019histoire et des Moulins souterrains du Locle; Laurent Huguenin, conservateur du Mus\u00e9e r\u00e9gional de La Sagne, et Roger Vuille; Laurence Vaucher, conservatrice du Mus\u00e9e r\u00e9gional d\u2019histoire et d\u2019artisanat du Val-de-Travers \u00e0 M\u00f4tiers.<br \/>\nRoland Blaettler 2013<\/p>\n","protected":false},"excerpt":{"rendered":"<p>J\u2019aimerais exprimer toute ma gratitude aux responsables des institutions neuch\u00e2teloises concern\u00e9es et \u00e0 leurs collaborateurs. Toutes et tous ont accueilli notre projet avec un esprit d\u2019ouverture et une g\u00e9n\u00e9rosit\u00e9 remarquables: Caroline Junier, conservatrice du D\u00e9partement des arts appliqu\u00e9s du Mus\u00e9e d\u2019art et d\u2019histoire de Neuch\u00e2tel, ainsi que Claude-Alain K\u00fcnzi, assistant-conservateur; Marc-Olivier Gonseth, conservateur du Mus\u00e9e &hellip; <a href=\"https:\/\/ceramica-ch.ch\/fr\/glossary\/chateau-et-musee-de-valangin\/\" class=\"more-link\">Continuer la lecture de <span class=\"screen-reader-text\">Valangin, Ch\u00e2teau et Mus\u00e9e<\/span> <span class=\"meta-nav\">&rarr;<\/span><\/a><\/p>\n","protected":false},"author":3,"featured_media":0,"parent":0,"menu_order":0,"comment_status":"closed","ping_status":"closed","template":"","meta":{"footnotes":""},"class_list":["post-782","page","type-page","status-publish","hentry"],"_links":{"self":[{"href":"https:\/\/ceramica-ch.ch\/fr\/wp-json\/wp\/v2\/pages\/782","targetHints":{"allow":["GET"]}}],"collection":[{"href":"https:\/\/ceramica-ch.ch\/fr\/wp-json\/wp\/v2\/pages"}],"about":[{"href":"https:\/\/ceramica-ch.ch\/fr\/wp-json\/wp\/v2\/types\/page"}],"author":[{"embeddable":true,"href":"https:\/\/ceramica-ch.ch\/fr\/wp-json\/wp\/v2\/users\/3"}],"replies":[{"embeddable":true,"href":"https:\/\/ceramica-ch.ch\/fr\/wp-json\/wp\/v2\/comments?post=782"}],"version-history":[{"count":3,"href":"https:\/\/ceramica-ch.ch\/fr\/wp-json\/wp\/v2\/pages\/782\/revisions"}],"predecessor-version":[{"id":5979,"href":"https:\/\/ceramica-ch.ch\/fr\/wp-json\/wp\/v2\/pages\/782\/revisions\/5979"}],"wp:attachment":[{"href":"https:\/\/ceramica-ch.ch\/fr\/wp-json\/wp\/v2\/media?parent=782"}],"curies":[{"name":"wp","href":"https:\/\/api.w.org\/{rel}","templated":true}]}}