{"id":784,"date":"2018-04-13T21:16:24","date_gmt":"2018-04-13T19:16:24","guid":{"rendered":"https:\/\/culture-catalogweb.joanneum.at\/?page_id=784"},"modified":"2023-07-02T22:33:07","modified_gmt":"2023-07-02T20:33:07","slug":"musees-de-canton-des-soleure","status":"publish","type":"page","link":"https:\/\/ceramica-ch.ch\/fr\/musees-de-canton-des-soleure\/","title":{"rendered":"Mus\u00e9es de canton des Soleure"},"content":{"rendered":"<span class=\"glossary-list-details\"><ul class=\"glossary-list\"><li class=\"glossary-item\"><a href=\"https:\/\/ceramica-ch.ch\/fr\/glossary\/musee-des-traditions-populaires-du-chateau-dalt-falkenstein-balsthal-af\/\" title=\"Balsthal, Ch\u00e2teau et Mus\u00e9e d\u2019Alt-Falkenstein (AF)\" >Balsthal, Ch\u00e2teau et Mus\u00e9e d\u2019Alt-Falkenstein (AF)<\/a><br><\/li><li class=\"glossary-item\"><a href=\"https:\/\/ceramica-ch.ch\/fr\/glossary\/musee-de-la-culture-et-de-lhistoire-de-granges-khm\/\" title=\"Granges, Mus\u00e9e de la Culture et de l\u2019Histoire (KHM)\" >Granges, Mus\u00e9e de la Culture et de l\u2019Histoire (KHM)<\/a><br><\/li><li class=\"glossary-item\"><a href=\"https:\/\/ceramica-ch.ch\/fr\/glossary\/musee-des-traditions-populaires-de-wasseramt-la-tour-de-halten-mwh\/\" title=\"Halten, Mus\u00e9e des traditions populaires de Wasseramt (MWH)\" >Halten, Mus\u00e9e des traditions populaires de Wasseramt (MWH)<\/a><br><\/li><li class=\"glossary-item\"><a href=\"https:\/\/ceramica-ch.ch\/fr\/glossary\/matzendorf-collection-maria-felchlin-sfm\/\" title=\"Matzendorf, Collection Maria Felchlin (SFM)\" >Matzendorf, Collection Maria Felchlin (SFM)<\/a><br><\/li><li class=\"glossary-item\"><a href=\"https:\/\/ceramica-ch.ch\/fr\/glossary\/musee-des-ceramiques-de-matzendorf-kmm\/\" title=\"Matzendorf, Mus\u00e9e de la c\u00e9ramique (KMM)\" >Matzendorf, Mus\u00e9e de la c\u00e9ramique (KMM)<\/a><br><\/li><li class=\"glossary-item\"><a href=\"https:\/\/ceramica-ch.ch\/fr\/glossary\/olten-musee-dhistoire-hmo\/\" title=\"Olten, Mus\u00e9e d\u2019Histoire (HMO)\" >Olten, Mus\u00e9e d\u2019Histoire (HMO)<\/a><br><\/li><li class=\"glossary-item\"><a href=\"https:\/\/ceramica-ch.ch\/fr\/glossary\/musee-blumenstein-musee-dhistoire-de-soleure-mbs\/\" title=\"Soleure, Mus\u00e9e d\u2019Histoire Blumenstein (MBS)\" >Soleure, Mus\u00e9e d\u2019Histoire Blumenstein (MBS)<\/a><br><\/li><li class=\"glossary-item\"><a href=\"https:\/\/ceramica-ch.ch\/fr\/glossary\/archeologie-du-canton-de-soleure-kaso\/\" title=\"Soleure, Service arch\u00e9ologique du canton (KASO)\" >Soleure, Service arch\u00e9ologique du canton (KASO)<\/a><br><\/li><\/ul><\/ul>\n<p>Notre profonde gratitude va \u00e9galement aux responsables des nombreuses institutions qui nous ont donn\u00e9 acc\u00e8s \u00e0 leurs collections, ainsi qu\u2019\u00e0 leurs collaborateurs. Toutes et tous ont accueilli notre d\u00e9marche avec un esprit d\u2019ouverture et une g\u00e9n\u00e9rosit\u00e9 exemplaires.<\/p>\n<p>Au Museum Blumenstein de Soleure: Erich Weber, conservateur, Brigitta Berndt, collaboratrice scientifique, et Sandro De Rigo, technicien; au Keramikmuseum et \u00e0 la Collection Felchlin de Matzendorf: Markus Egli, conservateur, et Roland M\u00fcller, pr\u00e9sident des Freunde der Matzendorfer Keramik; au Historisches Museum Olten: Peter Kaiser, ancien conservateur, et Luisa Bertolaccini, ancienne assistante scientifique et actuelle conservatrice; au Museum Wasseramt \u2013 Turm in Halten: Urs Umbricht, pr\u00e9sident de la fondation; au Heimatmuseum Schloss Alt-Falkenstein: Hans Hug, conservateur; au Service arch\u00e9ologique du canton de Soleure: Andrea Nold, chef de projets; au Kultur-Historisches Museum Grenchen: Angela Kummer, conservatrice; au Museum BalsThal: Kurt Heutschi, responsable du mus\u00e9e.<br \/>\nRoland Blaettler, 2014<\/p>\n","protected":false},"excerpt":{"rendered":"<p>Notre profonde gratitude va \u00e9galement aux responsables des nombreuses institutions qui nous ont donn\u00e9 acc\u00e8s \u00e0 leurs collections, ainsi qu\u2019\u00e0 leurs collaborateurs. Toutes et tous ont accueilli notre d\u00e9marche avec un esprit d\u2019ouverture et une g\u00e9n\u00e9rosit\u00e9 exemplaires. Au Museum Blumenstein de Soleure: Erich Weber, conservateur, Brigitta Berndt, collaboratrice scientifique, et Sandro De Rigo, technicien; au &hellip; <a href=\"https:\/\/ceramica-ch.ch\/fr\/glossary\/archeologie-du-canton-de-soleure-kaso\/\" class=\"more-link\">Continuer la lecture de <span class=\"screen-reader-text\">Soleure, Service arch\u00e9ologique du canton (KASO)<\/span> <span class=\"meta-nav\">&rarr;<\/span><\/a><\/p>\n","protected":false},"author":3,"featured_media":0,"parent":0,"menu_order":0,"comment_status":"closed","ping_status":"closed","template":"","meta":{"footnotes":""},"class_list":["post-784","page","type-page","status-publish","hentry"],"_links":{"self":[{"href":"https:\/\/ceramica-ch.ch\/fr\/wp-json\/wp\/v2\/pages\/784","targetHints":{"allow":["GET"]}}],"collection":[{"href":"https:\/\/ceramica-ch.ch\/fr\/wp-json\/wp\/v2\/pages"}],"about":[{"href":"https:\/\/ceramica-ch.ch\/fr\/wp-json\/wp\/v2\/types\/page"}],"author":[{"embeddable":true,"href":"https:\/\/ceramica-ch.ch\/fr\/wp-json\/wp\/v2\/users\/3"}],"replies":[{"embeddable":true,"href":"https:\/\/ceramica-ch.ch\/fr\/wp-json\/wp\/v2\/comments?post=784"}],"version-history":[{"count":7,"href":"https:\/\/ceramica-ch.ch\/fr\/wp-json\/wp\/v2\/pages\/784\/revisions"}],"predecessor-version":[{"id":17346,"href":"https:\/\/ceramica-ch.ch\/fr\/wp-json\/wp\/v2\/pages\/784\/revisions\/17346"}],"wp:attachment":[{"href":"https:\/\/ceramica-ch.ch\/fr\/wp-json\/wp\/v2\/media?parent=784"}],"curies":[{"name":"wp","href":"https:\/\/api.w.org\/{rel}","templated":true}]}}