{"id":786,"date":"2018-04-13T21:17:10","date_gmt":"2018-04-13T19:17:10","guid":{"rendered":"https:\/\/culture-catalogweb.joanneum.at\/?page_id=786"},"modified":"2023-07-02T22:33:42","modified_gmt":"2023-07-02T20:33:42","slug":"musees-de-canton-de-vaud","status":"publish","type":"page","link":"https:\/\/ceramica-ch.ch\/fr\/musees-de-canton-de-vaud\/","title":{"rendered":"Mus\u00e9es de canton de Vaud"},"content":{"rendered":"<span class=\"glossary-list-details\"><ul class=\"glossary-list\"><li class=\"glossary-item\"><a href=\"https:\/\/ceramica-ch.ch\/fr\/glossary\/musee-de-la-vigne-du-vin-et-de-letiquette-mvve\/\" title=\"Aigle, Mus\u00e9e de la vigne, du vin et de l\u2019\u00e9tiquette, Ch\u00e2teau d&rsquo;Aigle (MVVE)\" >Aigle, Mus\u00e9e de la vigne, du vin et de l\u2019\u00e9tiquette, Ch\u00e2teau d&rsquo;Aigle (MVVE)<\/a><br><\/li><li class=\"glossary-item\"><a href=\"https:\/\/ceramica-ch.ch\/fr\/glossary\/musee-du-vieux-baulmes-mvb\/\" title=\"Baulmes, Mus\u00e9e du Vieux Baulmes (MVB)\" >Baulmes, Mus\u00e9e du Vieux Baulmes (MVB)<\/a><br><\/li><li class=\"glossary-item\"><a href=\"https:\/\/ceramica-ch.ch\/fr\/glossary\/musee-du-vieux-pays-denhaut-chateau-doex-mpe\/\" title=\"Ch\u00e2teau-d\u2019Oex, Mus\u00e9e du Pays-d\u2019Enhaut (MPE)\" >Ch\u00e2teau-d\u2019Oex, Mus\u00e9e du Pays-d\u2019Enhaut (MPE)<\/a><br><\/li><li class=\"glossary-item\"><a href=\"https:\/\/ceramica-ch.ch\/fr\/glossary\/maison-buttin-de-loes-grandvaux-mbl\/\" title=\"Grandvaux, Maison Buttin-de-Lo\u00ebs (MBL)\" >Grandvaux, Maison Buttin-de-Lo\u00ebs (MBL)<\/a><br><\/li><li class=\"glossary-item\"><a href=\"https:\/\/ceramica-ch.ch\/fr\/glossary\/chateau-de-la-sarraz-vd-musee-romand-et-maison-des-artistes-cls\/\" title=\"La Sarraz, Ch\u00e2teau, Mus\u00e9e romand et Maison des artistes (CLS)\" >La Sarraz, Ch\u00e2teau, Mus\u00e9e romand et Maison des artistes (CLS)<\/a><br><\/li><li class=\"glossary-item\"><a href=\"https:\/\/ceramica-ch.ch\/fr\/glossary\/musee-cantonal-darcheologie-et-dhistoire-lausanne-mcahl\/\" title=\"Lausanne, Mus\u00e9e cantonal d\u2019arch\u00e9ologie et d\u2019histoire (MCAHL)\" >Lausanne, Mus\u00e9e cantonal d\u2019arch\u00e9ologie et d\u2019histoire (MCAHL)<\/a><br><\/li><li class=\"glossary-item\"><a href=\"https:\/\/ceramica-ch.ch\/fr\/glossary\/musee-de-design-et-darts-appliques-contemporains-lausanne-mudac\/\" title=\"Lausanne, Mus\u00e9e de design et d\u2019arts appliqu\u00e9s contemporains (mudac)\" >Lausanne, Mus\u00e9e de design et d\u2019arts appliqu\u00e9s contemporains (mudac)<\/a><br><\/li><li class=\"glossary-item\"><a href=\"https:\/\/ceramica-ch.ch\/fr\/glossary\/musee-historique-lausanne-mhl\/\" title=\"Lausanne, Mus\u00e9e historique (MHL)\" >Lausanne, Mus\u00e9e historique (MHL)<\/a><br><\/li><li class=\"glossary-item\"><a href=\"https:\/\/ceramica-ch.ch\/fr\/glossary\/lausanne-universite-de-lausanne-collection-unil\/\" title=\"Lausanne, Universit\u00e9 de Lausanne (Collection Unil)\" >Lausanne, Universit\u00e9 de Lausanne (Collection Unil)<\/a><br><\/li><li class=\"glossary-item\"><a href=\"https:\/\/ceramica-ch.ch\/fr\/glossary\/ville-de-lausanne-villa-mon-repos-vl\/\" title=\"Lausanne, Villa Mon Repos (VL)\" >Lausanne, Villa Mon Repos (VL)<\/a><br><\/li><li class=\"glossary-item\"><a href=\"https:\/\/ceramica-ch.ch\/fr\/glossary\/montreux-musee-de-montreux-mm\/\" title=\"Montreux, Mus\u00e9e de Montreux (MM)\" >Montreux, Mus\u00e9e de Montreux (MM)<\/a><br><\/li><li class=\"glossary-item\"><a href=\"https:\/\/ceramica-ch.ch\/fr\/glossary\/musee-alexis-forel-morges\/\" title=\"Morges, Mus\u00e9e Alexis Forel (MAF)\" >Morges, Mus\u00e9e Alexis Forel (MAF)<\/a><br><\/li><li class=\"glossary-item\"><a href=\"https:\/\/ceramica-ch.ch\/fr\/glossary\/musee-du-vieux-moudon-mvm\/\" title=\"Moudon, Mus\u00e9e du Vieux-Moudon (MVM)\" >Moudon, Mus\u00e9e du Vieux-Moudon (MVM)<\/a><br><\/li><li class=\"glossary-item\"><a href=\"https:\/\/ceramica-ch.ch\/fr\/glossary\/archives-communales-nyon-acn\/\" title=\"Nyon, Archives communales (ACN)\" >Nyon, Archives communales (ACN)<\/a><br><\/li><li class=\"glossary-item\"><a href=\"https:\/\/ceramica-ch.ch\/fr\/glossary\/musee-du-leman-nyon-ml\/\" title=\"Nyon, Mus\u00e9e du L\u00e9man (ML)\" >Nyon, Mus\u00e9e du L\u00e9man (ML)<\/a><br><\/li><li class=\"glossary-item\"><a href=\"https:\/\/ceramica-ch.ch\/fr\/glossary\/musee-historique-et-des-porcelaines-nyon-mhpn\/\" title=\"Nyon, Mus\u00e9e historique et des porcelaines, Ch\u00e2teau de Nyon (MHPN)\" >Nyon, Mus\u00e9e historique et des porcelaines, Ch\u00e2teau de Nyon (MHPN)<\/a><br><\/li><li class=\"glossary-item\"><a href=\"https:\/\/ceramica-ch.ch\/fr\/glossary\/musee-dorbe-mo\/\" title=\"Orbe, Mus\u00e9e d\u2019Orbe (MO)\" >Orbe, Mus\u00e9e d\u2019Orbe (MO)<\/a><br><\/li><li class=\"glossary-item\"><a href=\"https:\/\/ceramica-ch.ch\/fr\/glossary\/vevey-centre-denseignement-professionnel\/\" title=\"Vevey, Centre d\u2019enseignement professionnel\" >Vevey, Centre d\u2019enseignement professionnel<\/a><br><\/li><li class=\"glossary-item\"><a href=\"https:\/\/ceramica-ch.ch\/fr\/glossary\/musee-historique-de-vevey-mhv\/\" title=\"Vevey, Mus\u00e9e historique (MHV)\" >Vevey, Mus\u00e9e historique (MHV)<\/a><br><\/li><li class=\"glossary-item\"><a href=\"https:\/\/ceramica-ch.ch\/fr\/glossary\/musee-dyverdon-et-region-my\/\" title=\"Yverdon-les-Bains, Mus\u00e9e d\u2019Yverdon et r\u00e9gion (MY)\" >Yverdon-les-Bains, Mus\u00e9e d\u2019Yverdon et r\u00e9gion (MY)<\/a><br><\/li><\/ul><\/ul>\n<p>Une entreprise telle que la n\u00f4tre, de par la diversit\u00e9 des horizons culturels abord\u00e9s, ne saurait reposer sur les comp\u00e9tences d\u2019une seule personne. Le soussign\u00e9 est profond\u00e9ment reconnaissant \u00e0 feu Rudolf Schnyder (\u2020) et \u00e0 Peter Ducret pour leurs judicieux conseils et pour les connaissances qu\u2019ils ont bien voulu partager avec lui. Ces \u00e9minents connaisseurs de l\u2019histoire de la c\u00e9ramique ont contribu\u00e9 de mani\u00e8re d\u00e9cisive, au sein m\u00eame du Conseil de fondation de la Ceramica Stfitung, \u00e0 la gen\u00e8se et \u00e0 la conception du projet Ceramica CH.<\/p>\n<p>Notre profonde gratitude va \u00e9galement aux responsables des nombreuses institutions qui nous ont donn\u00e9 acc\u00e8s \u00e0 leurs collections, ainsi qu\u2019\u00e0 leurs collaborateurs. Toutes et tous ont accueilli notre d\u00e9marche avec un esprit d\u2019ouverture et une g\u00e9n\u00e9rosit\u00e9 exemplaires.<\/p>\n<p>Pour le canton de Vaud (Ceramica CH, tome III):<\/p>\n<p>Au Ch\u00e2teau de Nyon (Mus\u00e9e historique et des porcelaines): Vincent Lieber, conservateur, Blaise Ruffieux, r\u00e9gisseur des collections, et Beno\u00eet Boretti, responsable de l\u2019inventaire; aux Archives de la Ville de Nyon: Elisabeth Bourban-Mayor, archiviste, et ses collaborateurs; au\u00a0 Mus\u00e9e cantonal d\u2019arch\u00e9ologie et d\u2019histoire de Lausanne: Lionel Pernet, directeur, Claire Huguenin, conservatrice des collections historiques, et Georges Keller, responsable technique; au Mus\u00e9e du L\u00e9man de Nyon: Lionel Gauthier, conservateur, et Didier Zuchuat, documentaliste responsable; au Ch\u00e2teau de La Sarraz: Florence Boneru, directrice, et Tiziana Andreani, conservatrice; au Mus\u00e9e historique Lausanne: Laurent Golay, directeur, et Claude-Alain K\u00fcnzi, conservateur des arts appliqu\u00e9s; au Mus\u00e9e du Vieux-Moudon: Raymond Bosshard, ancien conservateur, Monique Fontannaz, conservatrice; au Mus\u00e9e historique de Vevey: Fran\u00e7oise Lambert, conservatrice; au Mus\u00e9e d\u2019Yverdon et r\u00e9gion: France Terrier, directrice-conservatrice, et Corinne Sandoz, conservatrice des collections d\u2019arch\u00e9ologie; au Mus\u00e9e de la vigne, du vin et de l\u2019\u00e9tiquette, Ch\u00e2teau d\u2019Aigle: Nicolas Isoz, conservateur; au Mus\u00e9e du Pays-d\u2019Enhaut de Ch\u00e2teau-d\u2019\u0152x: Jean-Fr\u00e9d\u00e9ric Henchoz, conservateur; au Mus\u00e9e de Montreux: Pascale Simond, conservatrice; au Mus\u00e9e Alexis Forel de Morges: Yvan Schwab, conservateur; au Mus\u00e9e d\u2019Orbe: Vreni Segessenmann et Walter Balimann, membres honoraires de l\u2019Association des Amis de Pro Urba; \u00e0 la Maison Buttin-de-Lo\u00ebs \u00e0 Grandvaux: Alain Parisod et Bernard Rufi, respectivement pr\u00e9sident et tr\u00e9sorier de la Fondation pour la conservation de la Maison Buttin-de-Lo\u00ebs; au Mus\u00e9e du Vieux Baulmes: Rapha\u00ebl Fl\u00fcck, conservateur; au Centre d\u2019enseignement professionnel de Vevey: Pauline Vanachter, doyenne de la section C\u00e9ramique; au mudac, Mus\u00e9e de design et d\u2019arts appliqu\u00e9s contemporains \u00e0 Lausanne, Marco Costantini, conservateur, et Valentin Grosjean, assistant \u00e0 la conservation; \u00e0 l\u2019Universit\u00e9 de Lausanne, Olivier Robert, archiviste.<\/p>\n","protected":false},"excerpt":{"rendered":"<p>Une entreprise telle que la n\u00f4tre, de par la diversit\u00e9 des horizons culturels abord\u00e9s, ne saurait reposer sur les comp\u00e9tences d\u2019une seule personne. Le soussign\u00e9 est profond\u00e9ment reconnaissant \u00e0 feu Rudolf Schnyder (\u2020) et \u00e0 Peter Ducret pour leurs judicieux conseils et pour les connaissances qu\u2019ils ont bien voulu partager avec lui. Ces \u00e9minents connaisseurs &hellip; <a href=\"https:\/\/ceramica-ch.ch\/fr\/glossary\/musee-dyverdon-et-region-my\/\" class=\"more-link\">Continuer la lecture de <span class=\"screen-reader-text\">Yverdon-les-Bains, Mus\u00e9e d\u2019Yverdon et r\u00e9gion (MY)<\/span> <span class=\"meta-nav\">&rarr;<\/span><\/a><\/p>\n","protected":false},"author":3,"featured_media":0,"parent":0,"menu_order":0,"comment_status":"closed","ping_status":"closed","template":"","meta":{"footnotes":""},"class_list":["post-786","page","type-page","status-publish","hentry"],"_links":{"self":[{"href":"https:\/\/ceramica-ch.ch\/fr\/wp-json\/wp\/v2\/pages\/786","targetHints":{"allow":["GET"]}}],"collection":[{"href":"https:\/\/ceramica-ch.ch\/fr\/wp-json\/wp\/v2\/pages"}],"about":[{"href":"https:\/\/ceramica-ch.ch\/fr\/wp-json\/wp\/v2\/types\/page"}],"author":[{"embeddable":true,"href":"https:\/\/ceramica-ch.ch\/fr\/wp-json\/wp\/v2\/users\/3"}],"replies":[{"embeddable":true,"href":"https:\/\/ceramica-ch.ch\/fr\/wp-json\/wp\/v2\/comments?post=786"}],"version-history":[{"count":4,"href":"https:\/\/ceramica-ch.ch\/fr\/wp-json\/wp\/v2\/pages\/786\/revisions"}],"predecessor-version":[{"id":5981,"href":"https:\/\/ceramica-ch.ch\/fr\/wp-json\/wp\/v2\/pages\/786\/revisions\/5981"}],"wp:attachment":[{"href":"https:\/\/ceramica-ch.ch\/fr\/wp-json\/wp\/v2\/media?parent=786"}],"curies":[{"name":"wp","href":"https:\/\/api.w.org\/{rel}","templated":true}]}}