{"id":827,"date":"2018-04-13T21:28:55","date_gmt":"2018-04-13T19:28:55","guid":{"rendered":"https:\/\/culture-catalogweb.joanneum.at\/?page_id=827"},"modified":"2019-08-23T11:23:39","modified_gmt":"2019-08-23T09:23:39","slug":"terre-cuite","status":"publish","type":"page","link":"https:\/\/ceramica-ch.ch\/fr\/types-de-ceramique\/terre-cuite\/","title":{"rendered":"Terre cuite"},"content":{"rendered":"\n<figure class=\"wp-block-image\"><img loading=\"lazy\" decoding=\"async\" width=\"1024\" height=\"630\" src=\"https:\/\/culture-catalogweb.joanneum.at\/wp-content\/uploads\/RMC_Wandbrunnen_01_FotoAHe-klein-1024x630.jpg\" alt=\"\" class=\"wp-image-1288\" srcset=\"https:\/\/ceramica-ch.ch\/wp-content\/uploads\/RMC_Wandbrunnen_01_FotoAHe-klein-1024x630.jpg 1024w, https:\/\/ceramica-ch.ch\/wp-content\/uploads\/RMC_Wandbrunnen_01_FotoAHe-klein-300x185.jpg 300w, https:\/\/ceramica-ch.ch\/wp-content\/uploads\/RMC_Wandbrunnen_01_FotoAHe-klein-768x473.jpg 768w\" sizes=\"auto, (max-width: 1024px) 100vw, 1024px\" \/><\/figure>\n\n\n<p><a href=\"https:\/\/ceramica-ch.ch\/fr\/inventaire-et-banque-dimages\/#fq=techniques%3A%22Terre%20cuite%22&amp;q=*%3A*\" target=\"_blank\" rel=\"noopener noreferrer\">Terre cuite dans CERAMICA CH<\/a><\/p>\n<p>C\u00e9ramique \u00e0 p\u00e2te argileuse, tendre, poreuse et naturellement color\u00e9e (rouge-rose, beige), cuite \u00e0 une temp\u00e9rature qui peut osciller entre 800 et 1000 \u00baC.<\/p>\n<p><strong>Terre cuite engob\u00e9e<\/strong><br \/>Terre cuite compl\u00e8tement ou partiellement recouverte d\u2019une couche d\u2019engobe blanc ou color\u00e9 (le fond). Le d\u00e9cor, qu\u2019il soit grav\u00e9, estamp\u00e9 ou peint (g\u00e9n\u00e9ralement aux engobes, parfois au moyen de pigments dilu\u00e9s), est r\u00e9alis\u00e9 directement sur l\u2019engobe de fond, avant que l\u2019objet ne re\u00e7oive son rev\u00eatement de gla\u00e7ure. Le tout est cuit en une seule op\u00e9ration (monocuisson), \u00e0 env. 1000 \u00baC.<\/p>\n<p><strong>Terre cuite gla\u00e7ur\u00e9e<\/strong><br \/>Terre cuite rev\u00eatue d\u2019une gla\u00e7ure incolore ou color\u00e9e (vert, jaune, brun, brun-noir). La gla\u00e7ure \u00e9tant transparente, la couleur de la terre sous-jacente vient brouiller celle de la gla\u00e7ure. Pour y rem\u00e9dier les potiers recouvraient souvent l\u2019objet d\u2019une mince couche d\u2019engobe blanc avant de le rev\u00eatir de gla\u00e7ure (chemisage). Les d\u00e9cors sont en principe grav\u00e9s ou estamp\u00e9s sous la gla\u00e7ure. Dans l\u2019organisation du pr\u00e9sent ouvrage, les terres cuites o\u00f9 l\u2019engobe rev\u00eat la seule fonction de chemisage sont class\u00e9es dans la rubrique des \u00abTerres cuites gla\u00e7ur\u00e9es\u00bb et non dans pas dans celle des \u00abTerres cuites engob\u00e9es\u00bb.<\/p>\n<p>\u00a0<\/p>","protected":false},"excerpt":{"rendered":"<p>Terre cuite dans CERAMICA CH C\u00e9ramique \u00e0 p\u00e2te argileuse, tendre, poreuse et naturellement color\u00e9e (rouge-rose, beige), cuite \u00e0 une temp\u00e9rature qui peut osciller entre 800 et 1000 \u00baC. Terre cuite engob\u00e9eTerre cuite compl\u00e8tement ou partiellement recouverte d\u2019une couche d\u2019engobe blanc ou color\u00e9 (le fond). Le d\u00e9cor, qu\u2019il soit grav\u00e9, estamp\u00e9 ou peint (g\u00e9n\u00e9ralement aux engobes, &hellip; <a href=\"https:\/\/ceramica-ch.ch\/fr\/types-de-ceramique\/terre-cuite\/\" class=\"more-link\">Continuer la lecture de <span class=\"screen-reader-text\">Terre cuite<\/span> <span class=\"meta-nav\">&rarr;<\/span><\/a><\/p>\n","protected":false},"author":3,"featured_media":0,"parent":644,"menu_order":0,"comment_status":"closed","ping_status":"closed","template":"","meta":{"footnotes":""},"class_list":["post-827","page","type-page","status-publish","hentry"],"_links":{"self":[{"href":"https:\/\/ceramica-ch.ch\/fr\/wp-json\/wp\/v2\/pages\/827","targetHints":{"allow":["GET"]}}],"collection":[{"href":"https:\/\/ceramica-ch.ch\/fr\/wp-json\/wp\/v2\/pages"}],"about":[{"href":"https:\/\/ceramica-ch.ch\/fr\/wp-json\/wp\/v2\/types\/page"}],"author":[{"embeddable":true,"href":"https:\/\/ceramica-ch.ch\/fr\/wp-json\/wp\/v2\/users\/3"}],"replies":[{"embeddable":true,"href":"https:\/\/ceramica-ch.ch\/fr\/wp-json\/wp\/v2\/comments?post=827"}],"version-history":[{"count":4,"href":"https:\/\/ceramica-ch.ch\/fr\/wp-json\/wp\/v2\/pages\/827\/revisions"}],"predecessor-version":[{"id":3270,"href":"https:\/\/ceramica-ch.ch\/fr\/wp-json\/wp\/v2\/pages\/827\/revisions\/3270"}],"up":[{"embeddable":true,"href":"https:\/\/ceramica-ch.ch\/fr\/wp-json\/wp\/v2\/pages\/644"}],"wp:attachment":[{"href":"https:\/\/ceramica-ch.ch\/fr\/wp-json\/wp\/v2\/media?parent=827"}],"curies":[{"name":"wp","href":"https:\/\/api.w.org\/{rel}","templated":true}]}}