{"id":829,"date":"2018-04-13T21:30:40","date_gmt":"2018-04-13T19:30:40","guid":{"rendered":"https:\/\/culture-catalogweb.joanneum.at\/?page_id=829"},"modified":"2019-08-23T11:45:06","modified_gmt":"2019-08-23T09:45:06","slug":"porcelaine","status":"publish","type":"page","link":"https:\/\/ceramica-ch.ch\/fr\/types-de-ceramique\/porcelaine\/","title":{"rendered":"Porcelaine"},"content":{"rendered":"\n<figure class=\"wp-block-image\"><img loading=\"lazy\" decoding=\"async\" width=\"505\" height=\"564\" src=\"https:\/\/culture-catalogweb.joanneum.at\/wp-content\/uploads\/CLS_MURO-1257.jpg\" alt=\"\" class=\"wp-image-3178\" srcset=\"https:\/\/ceramica-ch.ch\/wp-content\/uploads\/CLS_MURO-1257.jpg 505w, https:\/\/ceramica-ch.ch\/wp-content\/uploads\/CLS_MURO-1257-269x300.jpg 269w\" sizes=\"auto, (max-width: 505px) 100vw, 505px\" \/><\/figure>\n\n\n<p><a href=\"https:\/\/ceramica-ch.ch\/fr\/inventaire-et-banque-dimages\/#fq=techniques%3APorcelaine&amp;q=*%3A*\" target=\"_blank\" rel=\"noopener noreferrer\">Porcelaine dure dans CERAMICA CH<\/a><\/p>\n<p><a href=\"https:\/\/ceramica-ch.ch\/fr\/inventaire-et-banque-dimages\/#fq=techniques%3A%22Porcelaine%20tendre%22&amp;q=*%3A*\" target=\"_blank\" rel=\"noopener noreferrer\">Porcelaine tendre dans CERAMICA CH<\/a><\/p>\n<p><strong>Porcelaine dure<\/strong><br \/>C\u00e9ramique \u00e0 p\u00e2te composite artificielle, fine et compacte, g\u00e9n\u00e9ralement blanche et translucide. La p\u00e2te de la porcelaine dure est compos\u00e9e de kaolin (une argile blanche), de feldspath (le fondant) et de quartz (lequel facilite la vitrification). En g\u00e9n\u00e9ral, la porcelaine subit une premi\u00e8re cuisson (de biscuit) entre 800 et 1000 \u00baC, dans laquelle le tesson subit une vitrification. L\u2019objet peut alors recevoir sa couverte, qui contient \u00e9galement du feldspath et est fix\u00e9e \u00e0 son support dans une seconde cuisson, entre 1350 et 1450 \u00baC. Le d\u00e9cor dit sous couverte est pos\u00e9 sur le biscuit, avant d\u2019\u00eatre cuit en m\u00eame temps que la couverte. Le d\u00e9cor aux \u00e9maux est peint sur la couverte pr\u00e9alablement cuite et fix\u00e9 en une ou plusieurs cuissons subs\u00e9quentes \u00e0 basse temp\u00e9rature, entre 800 et 900 \u00baC. La dorure n\u00e9cessite une quatri\u00e8me cuisson, entre 700 et 800 \u00baC. La couverte de la porcelaine dure r\u00e9siste en principe aux griffures de l\u2019acier.<\/p>\n<p>En allemand: Hartporzellan<\/p>\n<p>En anglais: Hard-paste porcelain<\/p>\n<p>\u00a0<\/p>\n<p><strong>Porcelaine tendre<\/strong><br \/>C\u00e9ramique \u00e0 p\u00e2te composite artificielle, fine et compacte, g\u00e9n\u00e9ralement blanche et translucide. La p\u00e2te de la porcelaine tendre est compos\u00e9e d\u2019une argile calcaire blanche, parfois additionn\u00e9e de craie, et d\u2019une fritte (l\u2019\u00e9quivalent d\u2019un verre pil\u00e9). Le biscuit est cuit vers 1100\u20131200 \u00baC, avant d\u2019\u00eatre rev\u00eatu d\u2019une couverte \u00e0 base de plomb, fix\u00e9e en une seconde cuisson, vers 1000 \u00baC. Les proc\u00e9d\u00e9s d\u00e9coratifs sont les m\u00eames que pour la porcelaine dure, sauf pour ce qui est des temp\u00e9ratures, \u00e9videmment. La couverte de la porcelaine tendre ne r\u00e9siste pas aux griffures de l\u2019acier.<\/p>\n<p>En allemand: Weichporzellan<\/p>\n<p>En anglais: Soft-paste porcelain<\/p>","protected":false},"excerpt":{"rendered":"<p>Porcelaine dure dans CERAMICA CH Porcelaine tendre dans CERAMICA CH Porcelaine dureC\u00e9ramique \u00e0 p\u00e2te composite artificielle, fine et compacte, g\u00e9n\u00e9ralement blanche et translucide. La p\u00e2te de la porcelaine dure est compos\u00e9e de kaolin (une argile blanche), de feldspath (le fondant) et de quartz (lequel facilite la vitrification). En g\u00e9n\u00e9ral, la porcelaine subit une premi\u00e8re cuisson &hellip; <a href=\"https:\/\/ceramica-ch.ch\/fr\/types-de-ceramique\/porcelaine\/\" class=\"more-link\">Continuer la lecture de <span class=\"screen-reader-text\">Porcelaine<\/span> <span class=\"meta-nav\">&rarr;<\/span><\/a><\/p>\n","protected":false},"author":3,"featured_media":0,"parent":644,"menu_order":0,"comment_status":"closed","ping_status":"closed","template":"","meta":{"footnotes":""},"class_list":["post-829","page","type-page","status-publish","hentry"],"_links":{"self":[{"href":"https:\/\/ceramica-ch.ch\/fr\/wp-json\/wp\/v2\/pages\/829","targetHints":{"allow":["GET"]}}],"collection":[{"href":"https:\/\/ceramica-ch.ch\/fr\/wp-json\/wp\/v2\/pages"}],"about":[{"href":"https:\/\/ceramica-ch.ch\/fr\/wp-json\/wp\/v2\/types\/page"}],"author":[{"embeddable":true,"href":"https:\/\/ceramica-ch.ch\/fr\/wp-json\/wp\/v2\/users\/3"}],"replies":[{"embeddable":true,"href":"https:\/\/ceramica-ch.ch\/fr\/wp-json\/wp\/v2\/comments?post=829"}],"version-history":[{"count":3,"href":"https:\/\/ceramica-ch.ch\/fr\/wp-json\/wp\/v2\/pages\/829\/revisions"}],"predecessor-version":[{"id":3278,"href":"https:\/\/ceramica-ch.ch\/fr\/wp-json\/wp\/v2\/pages\/829\/revisions\/3278"}],"up":[{"embeddable":true,"href":"https:\/\/ceramica-ch.ch\/fr\/wp-json\/wp\/v2\/pages\/644"}],"wp:attachment":[{"href":"https:\/\/ceramica-ch.ch\/fr\/wp-json\/wp\/v2\/media?parent=829"}],"curies":[{"name":"wp","href":"https:\/\/api.w.org\/{rel}","templated":true}]}}