{"id":831,"date":"2018-04-13T21:31:31","date_gmt":"2018-04-13T19:31:31","guid":{"rendered":"https:\/\/culture-catalogweb.joanneum.at\/?page_id=831"},"modified":"2023-06-09T08:53:35","modified_gmt":"2023-06-09T06:53:35","slug":"faience-fine","status":"publish","type":"page","link":"https:\/\/ceramica-ch.ch\/fr\/types-de-ceramique\/faience-fine\/","title":{"rendered":"Fa\u00efence fine"},"content":{"rendered":"\r\n<figure class=\"wp-block-image is-resized\"><img loading=\"lazy\" decoding=\"async\" class=\"wp-image-2643\" src=\"https:\/\/culture-catalogweb.joanneum.at\/wp-content\/uploads\/MHPN_MH-FA-1053.jpg\" alt=\"\" width=\"295\" height=\"554\" srcset=\"https:\/\/ceramica-ch.ch\/wp-content\/uploads\/MHPN_MH-FA-1053.jpg 273w, https:\/\/ceramica-ch.ch\/wp-content\/uploads\/MHPN_MH-FA-1053-160x300.jpg 160w\" sizes=\"auto, (max-width: 295px) 100vw, 295px\" \/><\/figure>\r\n\r\n<p><a href=\"https:\/\/ceramica-ch.ch\/fr\/inventaire-et-banque-dimages\/#fq=techniques%3A%22Fa%C3%AFence%20fine%22&amp;q=*%3A*\" target=\"_blank\" rel=\"noopener noreferrer\">Fa\u00efences fines dans CERAMICA CH<\/a><\/p>\r\n<p>La fa\u00efence fine a \u00e9t\u00e9 d\u00e9velopp\u00e9e dans les ann\u00e9es 1740 dans le <a href=\"https:\/\/fr.wikipedia.org\/wiki\/Staffordshire\">Staffordshire<\/a> et le <a href=\"https:\/\/fr.wikipedia.org\/wiki\/Yorkshire\">Yorkshire<\/a> (Angleterre) \u00e0 base de <a href=\"https:\/\/ceramica-ch.ch\/fr\/glossary\/gres\/#q=*%3A*\">gr\u00e8s<\/a> blanc avec une <a href=\"https:\/\/ceramica-ch.ch\/fr\/glossary\/glacure-au-sel-2\/#q=*%3A*\">gla\u00e7ure au sel<\/a>. L&rsquo;appellation contemporaine \u00e9tait \u00ab\u00a0cream-coloured ware \u2013 <em>c\u00e9ramique de couleur cr\u00e8me<\/em>\u00a0\u00bb ou encore \u00ab\u00a0Queen&rsquo;s ware \u2013 <em>c\u00e9ramiques de la reine<\/em>\u00a0\u00bb. \u00c0 partir du milieu et de la fin du 18\u00e8me si\u00e8cle, la fa\u00efence fine a \u00e9t\u00e9 produite sous de nombreuses autres appellations (\u00ab\u00a0terre de pipe\u00a0\u00bb, \u00ab\u00a0cailloutage\u00a0\u00bb, \u00ab\u00a0fa\u00efence fine anglaise\u00a0\u00bb), utilis\u00e9es de plus en plus en France, en Allemagne et en Suisse. Pour des raisons de marketing et de modification de la composition des p\u00e2tes c\u00e9ramiques, l&rsquo;industrie c\u00e9ramique a introduit au 19\u00e8me si\u00e8cle d&rsquo;autres appellations, telles que \u00ab\u00a0demi-porcelaine\u00a0\u00bb, \u00ab\u00a0porcelaine opaque\u00a0\u00bb, \u00ab\u00a0mi-porcelaine\u00a0\u00bb, \u00ab\u00a0kaolina\u00a0\u00bb et \u00ab\u00a0p\u00e9troc\u00e9rame\u00a0\u00bb.<\/p>\r\n<p>En raison de la couleur et de la structure de son tesson, la fa\u00efence fine est \u00e9galement appel\u00e9e aujourd&rsquo;hui, \u00e0 juste titre, \u00ab\u00a0terre blanche\u00a0\u00bb &#8211; \u00ab\u00a0white earthenware or white-bodied industrial earthenware \u2013 <em>terres cuites blanches ou terres cuites \u00e0 la mati\u00e8re blanche de composition industrielle<\/em>\u00a0\u00bb, \u00ab\u00a0terres blanches\u00a0\u00bb, ou encore \u00ab\u00a0terraglia\u00a0\u00bb. En raison de leur fabrication industrielle, bas\u00e9e sur la division du travail dans les manufactures, toutes les variantes de la fa\u00efence fine peuvent \u00e9galement \u00eatre nomm\u00e9es \u00ab\u00a0c\u00e9ramiques industrielles\u00a0\u00bb et sont ainsi d\u00e9lib\u00e9r\u00e9ment oppos\u00e9es aux c\u00e9ramiques produites \u00ab\u00a0artisanalement\u00a0\u00bb, le plus souvent des terres cuites.<\/p>\r\n<p>Du point de vue de la technologie c\u00e9ramique, il s&rsquo;agit d&rsquo;une terre cuite poreuse, recouverte d\u2019une gla\u00e7ure au plomb, compos\u00e9e d&rsquo;argile, de kaolin et usuellement de SiO2 (quartz, souvent du silex moulu), mais pouvant, \u00e9ventuellement, seulement contenir des compos\u00e9s de calcaire ou de feldspath ou un m\u00e9lange des trois composants, de couleur blanche apr\u00e8s cuisson.\u00a0 En fonction de l&rsquo;\u00e9poque et du lieu de production, il existe d&rsquo;innombrables variations dans la composition de la masse c\u00e9ramique. Lorsque la teneur en calcium est \u00e9lev\u00e9e, on pourrait \u00e9galement utiliser la d\u00e9nomination de \u00ab\u00a0fa\u00efence fine calcaire\u00a0\u00bb. En raison de sa forte teneur en calcaire, la fa\u00efence fine calcaire \u00e0 p\u00e2te claire peut \u00e9galement \u00eatre recouverte d\u2019une gla\u00e7ure au plomb et \u00e0 l\u2019\u00e9tain (gla\u00e7ure de fa\u00efence), comme, par exemple, dans la production de Kilchberg-Schooren du canton de Zurich et dans celle d&rsquo;autres manufactures fran\u00e7aises. Actuellement, dans notre mani\u00e8re de voir, cela pose un probl\u00e8me de d\u00e9finition (fa\u00efence ou fa\u00efence fine ?), dans la mesure o\u00f9, ici, c&rsquo;est le tesson et non la gla\u00e7ure qui est utilis\u00e9 comme crit\u00e8re principal de classification.<\/p>\r\n<p>D\u2019une mani\u00e8re g\u00e9n\u00e9rale, l\u2019objet de fa\u00efence fine subit une premi\u00e8re cuisson pour obtenir un biscuit. Le d\u00e9cor peint ou imprim\u00e9 est pos\u00e9 sur le biscuit, avant la pose de la couverte, le tout \u00e9tant fix\u00e9 dans une seconde cuisson, vers 1000 \u00baC. Les d\u00e9cors peuvent aussi \u00eatre pos\u00e9s sur couverte, au moyen d\u2019\u00e9maux, lesquels n\u00e9cessitent une troisi\u00e8me cuisson, vers 800 \u00baC. Au 19\u00e8me si\u00e8cle l\u2019industrie d\u00e9veloppera des fa\u00efences fines encore plus blanches et r\u00e9sistantes en enrichissant leur p\u00e2te de feldspath et de kaolin. Ces nouvelles formules recevront des d\u00e9nominations diverses (<a href=\"https:\/\/ceramica-ch.ch\/katalog\/#fq=ware%3A%22Steingut%20(Feinsteinzeug)%22&amp;q=*%3A*\">\u00abPorcelaine opaque\u00bb \u2013 \u00abGranit\u00bb,<\/a> etc.). Elles sont cuites entre 1180 et 1300 \u00baC pour le biscuit, entre 1050 et 1080 \u00baC pour la couverte.<\/p>\r\n<p><strong>D\u00e9finitions, termes et synonymes de fa\u00efence fine<\/strong><\/p>\r\n<p>Allemand\u00a0: Steingut<\/p>\r\n<p>Anglais: White-bodied industrial earthenware (aussi creamware, whiteware, industrial redware, industrial blackware, Jasperware \u2026)<\/p>\r\n<p>Fran\u00e7ais: Fa\u00efence fine, terre de pipe, cailloutage, fa\u00efence fine anglaise, terres blanches, demi-porcelaine, porcelaine opaque, mi-porcelaine, kaolina, p\u00e9troc\u00e9rame.<\/p>\r\n<p><em>\u00a0<\/em><strong>Biographie :\u00a0<\/strong><\/p>\r\n<p>Blondel 2001<br \/>Nicole Blondel, C\u00e9ramique: vocabulaire technique, Paris 2001, 75-81<\/p>\r\n<p>Guyot 2018<br \/>Claude Guyot, \u00c9tude des terres de pipe,formes et d\u00e9cors entre fa\u00efence et porcelaine. Lun\u00e9ville 2018.<\/p>\r\n<p>Massey 2007<br \/>Roger Massey, Understanding Creamware, in: Tom Walford\/Roger Massey, Creamware and Pearlware Re-examined, Beckenham 2007, 15-30.<\/p>\r\n<p>Maire 2008<br \/>Christian Maire, Histoire de la fa\u00efence fine francaise 1743-1843, Le Mans 2008, 11-36<\/p>\r\n<p>Maggetti 2018<br \/>Marino Maggetti, Archaeometric Analyses of European 18th-20th Century White Earthenware \u2013 A Review, in: Minerals, 2018, Heft 8.<\/p>\r\n<p>&nbsp;<\/p>","protected":false},"excerpt":{"rendered":"<p>Fa\u00efences fines dans CERAMICA CH La fa\u00efence fine a \u00e9t\u00e9 d\u00e9velopp\u00e9e dans les ann\u00e9es 1740 dans le Staffordshire et le Yorkshire (Angleterre) \u00e0 base de gr\u00e8s blanc avec une gla\u00e7ure au sel. L&rsquo;appellation contemporaine \u00e9tait \u00ab\u00a0cream-coloured ware \u2013 c\u00e9ramique de couleur cr\u00e8me\u00a0\u00bb ou encore \u00ab\u00a0Queen&rsquo;s ware \u2013 c\u00e9ramiques de la reine\u00a0\u00bb. \u00c0 partir du milieu &hellip; <a href=\"https:\/\/ceramica-ch.ch\/fr\/types-de-ceramique\/faience-fine\/\" class=\"more-link\">Continuer la lecture de <span class=\"screen-reader-text\">Fa\u00efence fine<\/span> <span class=\"meta-nav\">&rarr;<\/span><\/a><\/p>\n","protected":false},"author":3,"featured_media":0,"parent":644,"menu_order":0,"comment_status":"closed","ping_status":"closed","template":"","meta":{"footnotes":""},"class_list":["post-831","page","type-page","status-publish","hentry"],"_links":{"self":[{"href":"https:\/\/ceramica-ch.ch\/fr\/wp-json\/wp\/v2\/pages\/831","targetHints":{"allow":["GET"]}}],"collection":[{"href":"https:\/\/ceramica-ch.ch\/fr\/wp-json\/wp\/v2\/pages"}],"about":[{"href":"https:\/\/ceramica-ch.ch\/fr\/wp-json\/wp\/v2\/types\/page"}],"author":[{"embeddable":true,"href":"https:\/\/ceramica-ch.ch\/fr\/wp-json\/wp\/v2\/users\/3"}],"replies":[{"embeddable":true,"href":"https:\/\/ceramica-ch.ch\/fr\/wp-json\/wp\/v2\/comments?post=831"}],"version-history":[{"count":5,"href":"https:\/\/ceramica-ch.ch\/fr\/wp-json\/wp\/v2\/pages\/831\/revisions"}],"predecessor-version":[{"id":14521,"href":"https:\/\/ceramica-ch.ch\/fr\/wp-json\/wp\/v2\/pages\/831\/revisions\/14521"}],"up":[{"embeddable":true,"href":"https:\/\/ceramica-ch.ch\/fr\/wp-json\/wp\/v2\/pages\/644"}],"wp:attachment":[{"href":"https:\/\/ceramica-ch.ch\/fr\/wp-json\/wp\/v2\/media?parent=831"}],"curies":[{"name":"wp","href":"https:\/\/api.w.org\/{rel}","templated":true}]}}